{"id":17085,"date":"2026-02-01T16:03:39","date_gmt":"2026-02-01T15:03:39","guid":{"rendered":"https:\/\/techstore.ba\/shop\/product\/lg-27-ultragear-27gs50f-bva-fhd-180hz-amd-freesync250cd-1ms-2xhdmi-dp-tilt-100x100\/"},"modified":"2026-04-04T11:21:52","modified_gmt":"2026-04-04T09:21:52","slug":"lg-27-ultragear-27gs50f-bva-fhd-180hz-amd-freesync250cd-1ms-2xhdmi-dp-tilt-100x100","status":"publish","type":"product","link":"https:\/\/techstore.ba\/shop\/product\/lg-27-ultragear-27gs50f-bva-fhd-180hz-amd-freesync250cd-1ms-2xhdmi-dp-tilt-100x100\/","title":{"rendered":"LG 27&#8221; UltraGear 27GS50F-BVA, FHD, 180Hz, AMD FreeSync250cd, 1ms, 2xHDMI, DP, Tilt, 100&#215;100"},"content":{"rendered":"<h3>Specifikacije<\/h3>\n<table style=\"border-collapse: collapse; width: 100%;\">\n<tbody>\n<tr>\n<th style=\"text-align: left; padding: 6px 10px; border: 1px solid #eee;\">ASPECTRATIO<\/th>\n<td style=\"padding: 6px 10px; border: 1px solid #eee;\">16:9<\/td>\n<\/tr>\n<tr>\n<th style=\"text-align: left; padding: 6px 10px; border: 1px solid #eee;\">BRIHTNESS<\/th>\n<td style=\"padding: 6px 10px; border: 1px solid #eee;\">250<\/td>\n<\/tr>\n<tr>\n<th style=\"text-align: left; padding: 6px 10px; border: 1px solid #eee;\">RESOLUTION_MON<\/th>\n<td style=\"padding: 6px 10px; border: 1px solid #eee;\">1920 x 1080<\/td>\n<\/tr>\n<tr>\n<th style=\"text-align: left; padding: 6px 10px; border: 1px solid #eee;\">ANGLE<\/th>\n<td style=\"padding: 6px 10px; border: 1px solid #eee;\">178\/178<\/td>\n<\/tr>\n<tr>\n<th style=\"text-align: left; padding: 6px 10px; border: 1px solid #eee;\">SCREEN_SIZE_MON<\/th>\n<td style=\"padding: 6px 10px; border: 1px solid #eee;\">27&#8221;<\/td>\n<\/tr>\n<tr>\n<th style=\"text-align: left; padding: 6px 10px; border: 1px solid #eee;\">SCREEN_TYPE_MON<\/th>\n<td style=\"padding: 6px 10px; border: 1px solid #eee;\">VA<\/td>\n<\/tr>\n<\/tbody>\n<\/table>\n<p>&nbsp;<\/p>\n<h3 data-start=\"0\" data-end=\"105\"><strong data-start=\"4\" data-end=\"105\">LG UltraGear 27GS50F\u2011BVA \u2013 27\u2033 Full HD gaming monitor sa izuzetnom fluidno\u0161\u0107u i iskustvom igranja<\/strong><\/h3>\n<p data-start=\"372\" data-end=\"863\">LG UltraGear 27GS50F\u2011BVA je <strong data-start=\"400\" data-end=\"508\">gaming monitor namijenjen igra\u010dima koji \u017eele brz odziv i glatko\u0107u pri prikazu bez nepotrebnih kompromisa<\/strong>, istovremeno ostaju\u0107i pristupa\u010dan i prakti\u010dan za svakodnevnu upotrebu. Sa ekranom od 27\u2033 i modernim VA panelom, ovaj model nudi <strong data-start=\"637\" data-end=\"677\">dobar kontrast i \u0161irok ugao gledanja<\/strong>, a zahvaljuju\u0107i tehnologiji AMD FreeSync i visokoj frekvenciji osvje\u017eavanja, slike u igrama su jasno prikazane sa minimalnim trzajima i zamu\u0107enjem.<\/p>\n<p>LG UltraGear 27GS50F\u2011BVA predstavlja <strong data-start=\"2429\" data-end=\"2507\">odli\u010dan balans performansi, kvalitete slike i user\u2011friendly karakteristika<\/strong> za gejmere srednje i vi\u0161e klase koji \u017eele <strong data-start=\"2550\" data-end=\"2582\">glatko i responzivno igranje<\/strong> bez visokih tro\u0161kova i slo\u017eenih postavki. Sa podr\u0161kom za AMD FreeSync, ovaj monitor \u010dini pokrete u akcijskim igrama prirodnijim i manje fragmentiranim, dovode\u0107i te bli\u017ee realnom do\u017eivljaju igre.<\/p>\n","protected":false},"excerpt":{"rendered":"<p data-start=\"918\" data-end=\"1097\"><strong data-start=\"918\" data-end=\"928\">Ekran:<\/strong> 27\u2033 VA panel sa <strong data-start=\"945\" data-end=\"978\">FHD rezolucijom (1920\u202f\u00d7\u202f1080)<\/strong> \u2013 odli\u010dna kombinacija za fluidnu igru bez te\u0161kih zahtjeva na grafi\u010dku karticu.<\/p>\n<p data-start=\"1101\" data-end=\"1267\"><strong data-start=\"1101\" data-end=\"1130\">Frekvencija osvje\u017eavanja:<\/strong> <strong data-start=\"1131\" data-end=\"1141\">180\u202fHz<\/strong> \u2013 vrlo glatka animacija i brzi prikaz kadrova \u0161to je posebno vidljivo u brzim igrama.<\/p>\n<p data-start=\"1271\" data-end=\"1430\"><strong data-start=\"1271\" data-end=\"1290\">Vrijeme odziva:<\/strong> <strong data-start=\"1291\" data-end=\"1327\">1\u202fms MBR (Motion Blur Reduction)<\/strong> \u2013 smanjuje zamu\u0107enost pokreta i \u010dini dinami\u010dne scene jasnijim.<\/p>\n<p data-start=\"1434\" data-end=\"1610\"><strong data-start=\"1434\" data-end=\"1450\">Povezivanje:<\/strong> <strong data-start=\"1451\" data-end=\"1511\">2\u00d7 HDMI, 1\u00d7 DisplayPort 1.4, izlaz za slu\u0161alice (3.5\u202fmm)<\/strong> \u2013 odli\u010dna kompatibilnost sa PC\u2011ima, laptopima i konzolama.<\/p>\n<p data-start=\"1614\" data-end=\"1785\"><strong data-start=\"1614\" data-end=\"1633\">Kontrast i HDR:<\/strong> Visok <strong data-start=\"1640\" data-end=\"1672\">kontrast VA panela (~3000:1)<\/strong> i podr\u0161ka <strong data-start=\"1683\" data-end=\"1692\">HDR10<\/strong> za izra\u017eenije boje i dinami\u010dnije svjetlosne razlike.<\/p>\n<p data-start=\"1789\" data-end=\"1967\"><strong data-start=\"1789\" data-end=\"1807\">Ugao gledanja:<\/strong> <strong data-start=\"1808\" data-end=\"1842\">178\u00b0 horizontalno i vertikalno<\/strong> \u2013 slika ostaje jasna i dosljedna iz razli\u010ditih pozicija bez izra\u017eenog blijenja boja.<\/p>\n<p data-start=\"1971\" data-end=\"2153\"><strong data-start=\"1971\" data-end=\"1996\">Ergonomija i monta\u017ea:<\/strong> <strong data-start=\"1997\" data-end=\"2040\">Tilt podesiv postolje i VESA 100\u00d7100\u202fmm<\/strong> za monta\u017eu na zid ili ruku, \u0161to olak\u0161ava prilago\u0111avanje polo\u017eaja ekrana.<\/p>\n<p data-start=\"2157\" data-end=\"2385\"><strong data-start=\"2157\" data-end=\"2177\">Garancija:\u00a0<\/strong>36 mjeseci<\/p>\n","protected":false},"featured_media":28700,"template":"","meta":[],"product_cat":[600,385],"product_tag":[],"class_list":{"0":"post-17085","1":"product","2":"type-product","3":"status-publish","4":"has-post-thumbnail","6":"product_brand-lg","7":"product_cat-brend-lg","8":"product_cat-ct-monitori","9":"pa_brend-lg","11":"first","12":"instock","13":"shipping-taxable","14":"purchasable","15":"product-type-simple"},"_links":{"self":[{"href":"https:\/\/techstore.ba\/shop\/wp-json\/wp\/v2\/product\/17085","targetHints":{"allow":["GET"]}}],"collection":[{"href":"https:\/\/techstore.ba\/shop\/wp-json\/wp\/v2\/product"}],"about":[{"href":"https:\/\/techstore.ba\/shop\/wp-json\/wp\/v2\/types\/product"}],"wp:featuredmedia":[{"embeddable":true,"href":"https:\/\/techstore.ba\/shop\/wp-json\/wp\/v2\/media\/28700"}],"wp:attachment":[{"href":"https:\/\/techstore.ba\/shop\/wp-json\/wp\/v2\/media?parent=17085"}],"wp:term":[{"taxonomy":"product_cat","embeddable":true,"href":"https:\/\/techstore.ba\/shop\/wp-json\/wp\/v2\/product_cat?post=17085"},{"taxonomy":"product_tag","embeddable":true,"href":"https:\/\/techstore.ba\/shop\/wp-json\/wp\/v2\/product_tag?post=17085"}],"curies":[{"name":"wp","href":"https:\/\/api.w.org\/{rel}","templated":true}]}}