{"id":17081,"date":"2026-02-01T16:03:39","date_gmt":"2026-02-01T15:03:39","guid":{"rendered":"https:\/\/techstore.ba\/shop\/product\/lg-315-32un880k-b-ergo-monit4k-3840x2160-ips-ergo-stand60hz-350cd-5ms-2xhdmi-dp-type-c\/"},"modified":"2026-04-04T11:21:52","modified_gmt":"2026-04-04T09:21:52","slug":"lg-315-32un880k-b-ergo-monit4k-3840x2160-ips-ergo-stand60hz-350cd-5ms-2xhdmi-dp-type-c","status":"publish","type":"product","link":"https:\/\/techstore.ba\/shop\/product\/lg-315-32un880k-b-ergo-monit4k-3840x2160-ips-ergo-stand60hz-350cd-5ms-2xhdmi-dp-type-c\/","title":{"rendered":"LG 31,5&#8221; 32UN880K-B Ergo monit4K 3840&#215;2160, IPS, Ergo stand60Hz, 350cd, 5ms, 2xHDMI, DP, Type-C"},"content":{"rendered":"<h3>Specifikacije<\/h3>\n<table style=\"border-collapse: collapse; width: 100%;\">\n<tbody>\n<tr>\n<th style=\"text-align: left; padding: 6px 10px; border: 1px solid #eee;\">ANGLE<\/th>\n<td style=\"padding: 6px 10px; border: 1px solid #eee;\">178\/178<\/td>\n<\/tr>\n<tr>\n<th style=\"text-align: left; padding: 6px 10px; border: 1px solid #eee;\">ASPECTRATIO<\/th>\n<td style=\"padding: 6px 10px; border: 1px solid #eee;\">16:9<\/td>\n<\/tr>\n<tr>\n<th style=\"text-align: left; padding: 6px 10px; border: 1px solid #eee;\">AUDIO<\/th>\n<td style=\"padding: 6px 10px; border: 1px solid #eee;\">Da<\/td>\n<\/tr>\n<tr>\n<th style=\"text-align: left; padding: 6px 10px; border: 1px solid #eee;\">HEIGH_ADJUST<\/th>\n<td style=\"padding: 6px 10px; border: 1px solid #eee;\">Da<\/td>\n<\/tr>\n<tr>\n<th style=\"text-align: left; padding: 6px 10px; border: 1px solid #eee;\">USB TYPE-C<\/th>\n<td style=\"padding: 6px 10px; border: 1px solid #eee;\">1<\/td>\n<\/tr>\n<tr>\n<th style=\"text-align: left; padding: 6px 10px; border: 1px solid #eee;\">VESA<\/th>\n<td style=\"padding: 6px 10px; border: 1px solid #eee;\">100&#215;100<\/td>\n<\/tr>\n<tr>\n<th style=\"text-align: left; padding: 6px 10px; border: 1px solid #eee;\">HDMI_MON<\/th>\n<td style=\"padding: 6px 10px; border: 1px solid #eee;\">2<\/td>\n<\/tr>\n<tr>\n<th style=\"text-align: left; padding: 6px 10px; border: 1px solid #eee;\">PORTDISP_MON<\/th>\n<td style=\"padding: 6px 10px; border: 1px solid #eee;\">1<\/td>\n<\/tr>\n<tr>\n<th style=\"text-align: left; padding: 6px 10px; border: 1px solid #eee;\">SCREEN_SIZE_MON<\/th>\n<td style=\"padding: 6px 10px; border: 1px solid #eee;\">31.5&#8221;<\/td>\n<\/tr>\n<tr>\n<th style=\"text-align: left; padding: 6px 10px; border: 1px solid #eee;\">SCREEN_TYPE_MON<\/th>\n<td style=\"padding: 6px 10px; border: 1px solid #eee;\">IPS<\/td>\n<\/tr>\n<tr>\n<th style=\"text-align: left; padding: 6px 10px; border: 1px solid #eee;\">USB3_MON<\/th>\n<td style=\"padding: 6px 10px; border: 1px solid #eee;\">2<\/td>\n<\/tr>\n<tr>\n<th style=\"text-align: left; padding: 6px 10px; border: 1px solid #eee;\">BRIHTNESS<\/th>\n<td style=\"padding: 6px 10px; border: 1px solid #eee;\">350<\/td>\n<\/tr>\n<tr>\n<th style=\"text-align: left; padding: 6px 10px; border: 1px solid #eee;\">PIVOT<\/th>\n<td style=\"padding: 6px 10px; border: 1px solid #eee;\">Da<\/td>\n<\/tr>\n<tr>\n<th style=\"text-align: left; padding: 6px 10px; border: 1px solid #eee;\">RESOLUTION_MON<\/th>\n<td style=\"padding: 6px 10px; border: 1px solid #eee;\">3840 x 2160<\/td>\n<\/tr>\n<tr>\n<th style=\"text-align: left; padding: 6px 10px; border: 1px solid #eee;\">SPEAKER<\/th>\n<td style=\"padding: 6px 10px; border: 1px solid #eee;\">Da<\/td>\n<\/tr>\n<tr>\n<th style=\"text-align: left; padding: 6px 10px; border: 1px solid #eee;\">SWIVEL<\/th>\n<td style=\"padding: 6px 10px; border: 1px solid #eee;\">Da<\/td>\n<\/tr>\n<\/tbody>\n<\/table>\n<p>&nbsp;<\/p>\n<h3 data-start=\"0\" data-end=\"106\"><strong data-start=\"4\" data-end=\"106\">LG 31,5&#8221; 32UN880K\u2011B UltraFine\u2122 Ergo 4K \u2013 impresivan profesionalni monitor sa izuzetnom ergonomijom<\/strong><\/h3>\n<p data-start=\"108\" data-end=\"224\"><a class=\"decorated-link\" href=\"https:\/\/www.youtube.com\/watch?v=rLmQbbS1aBI&amp;utm_source=chatgpt.com\" target=\"_new\" rel=\"noopener\" data-start=\"108\" data-end=\"224\">Pogledaj video recenziju LG 32UN880K\u2011B (video)<\/a><\/p>\n<p data-start=\"226\" data-end=\"702\">LG 31,5&#8221; <strong data-start=\"235\" data-end=\"260\">32UN880K\u2011B UltraFine\u2122<\/strong> je jedan od najzanimljivijih 4K IPS monitora na tr\u017ei\u0161tu jer nudi <strong data-start=\"326\" data-end=\"405\">\u0161irok spektar mogu\u0107nosti prikaza i izuzetnu prilagodljivost radnom prostoru<\/strong> zahvaljuju\u0107i inovativnom <em data-start=\"431\" data-end=\"437\">Ergo<\/em> postolju. Ovaj model kombinira veliku 4K povr\u0161inu i <strong data-start=\"490\" data-end=\"543\">ergonomske zna\u010dajke koje olak\u0161avaju vi\u0161esatni rad<\/strong>, bilo da radi\u0161 dizajn, programiranje, obradu videa ili samo potrebuje\u0161 veliki i kvalitetan ekran za svakodnevne zadatke.<\/p>\n<p data-start=\"226\" data-end=\"702\">Ovaj monitor je odli\u010dan izbor ako tra\u017ei\u0161 <strong data-start=\"1970\" data-end=\"2027\">kombinaciju profesionalne slike i ergonomskog dizajna<\/strong> \u2013 bilo da koristi\u0161 ure\u0111aj za posao, kreativne zadatke ili multimedia sadr\u017eaj, visoka 4K rezolucija i fleksibilno postolje pru\u017eaju vrlo ugodno iskustvo gledanja i dugotrajnu udobnost bez umora o\u010diju.<\/p>\n","protected":false},"excerpt":{"rendered":"<ul>\n<li data-start=\"757\" data-end=\"896\">\n<p data-start=\"760\" data-end=\"896\"><strong data-start=\"760\" data-end=\"770\">Ekran:<\/strong> 31,5&#8221; IPS panel sa Ultra HD 4K rezolucijom (3840\u202f\u00d7\u202f2160) \u2013 vrlo o\u0161tar i jasan prikaz.<\/p>\n<\/li>\n<li data-start=\"897\" data-end=\"1057\">\n<p data-start=\"900\" data-end=\"1057\"><strong data-start=\"900\" data-end=\"929\">Frekvencija osvje\u017eavanja:<\/strong> 60\u202fHz \u2013 stabilno i fluidno za posao i multimediju (nije fokus na gaming visokog FPS\u2011a).<\/p>\n<\/li>\n<li data-start=\"1058\" data-end=\"1186\">\n<p data-start=\"1061\" data-end=\"1186\"><strong data-start=\"1061\" data-end=\"1080\">Vrijeme odziva:<\/strong> 5\u202fms (GtG) \u2013 dovoljno brzo za svakodnevnu upotrebu i multimediju.<\/p>\n<\/li>\n<li data-start=\"1187\" data-end=\"1360\">\n<p data-start=\"1190\" data-end=\"1360\"><strong data-start=\"1190\" data-end=\"1206\">Povezivanje:<\/strong> HDMI (2\u00d7), DisplayPort (1\u00d7), USB\u2011C sa napajanjem od 60\u202fW \u2013 odli\u010dna kompatibilnost s laptopima i drugim ure\u0111ajima.<\/p>\n<\/li>\n<li data-start=\"1361\" data-end=\"1506\">\n<p data-start=\"1364\" data-end=\"1506\"><strong data-start=\"1364\" data-end=\"1383\">Kontrast i HDR:<\/strong> Standardni IPS kontrast ~1000:1 i podr\u0161ka <strong data-start=\"1426\" data-end=\"1435\">HDR10<\/strong> za \u0161iri dinami\u010dki raspon boja.<\/p>\n<\/li>\n<li data-start=\"1507\" data-end=\"1671\">\n<p data-start=\"1510\" data-end=\"1671\"><strong data-start=\"1510\" data-end=\"1528\">Ugao gledanja:<\/strong> \u0160irok kut gledanja do 178\u00ba (horizontalno i vertikalno) \u2013 boje ostaju dosljedne iz razli\u010ditih pozicija.<\/p>\n<\/li>\n<li data-start=\"1672\" data-end=\"1892\">\n<p data-start=\"1675\" data-end=\"1892\"><strong data-start=\"1675\" data-end=\"1700\">Ergonomija i monta\u017ea:<\/strong> Visokopodesivo <em data-start=\"1716\" data-end=\"1722\">Ergo<\/em> postolje (nagib, visina, rotacija, pivot, izvla\u010denje\/uvla\u010denje) koje omogu\u0107ava idealnu poziciju ekrana i bolju udobnost pri radu<\/p>\n<\/li>\n<li data-start=\"1672\" data-end=\"1892\"><strong>Garancija:\u00a0<\/strong>36 mjeseci<\/li>\n<\/ul>\n","protected":false},"featured_media":28715,"template":"","meta":[],"product_cat":[600,385],"product_tag":[],"class_list":{"0":"post-17081","1":"product","2":"type-product","3":"status-publish","4":"has-post-thumbnail","6":"product_brand-lg","7":"product_cat-brend-lg","8":"product_cat-ct-monitori","9":"pa_brend-lg","11":"first","12":"instock","13":"shipping-taxable","14":"purchasable","15":"product-type-simple"},"_links":{"self":[{"href":"https:\/\/techstore.ba\/shop\/wp-json\/wp\/v2\/product\/17081","targetHints":{"allow":["GET"]}}],"collection":[{"href":"https:\/\/techstore.ba\/shop\/wp-json\/wp\/v2\/product"}],"about":[{"href":"https:\/\/techstore.ba\/shop\/wp-json\/wp\/v2\/types\/product"}],"wp:featuredmedia":[{"embeddable":true,"href":"https:\/\/techstore.ba\/shop\/wp-json\/wp\/v2\/media\/28715"}],"wp:attachment":[{"href":"https:\/\/techstore.ba\/shop\/wp-json\/wp\/v2\/media?parent=17081"}],"wp:term":[{"taxonomy":"product_cat","embeddable":true,"href":"https:\/\/techstore.ba\/shop\/wp-json\/wp\/v2\/product_cat?post=17081"},{"taxonomy":"product_tag","embeddable":true,"href":"https:\/\/techstore.ba\/shop\/wp-json\/wp\/v2\/product_tag?post=17081"}],"curies":[{"name":"wp","href":"https:\/\/api.w.org\/{rel}","templated":true}]}}