{"id":17080,"date":"2026-02-01T16:03:39","date_gmt":"2026-02-01T15:03:39","guid":{"rendered":"https:\/\/techstore.ba\/shop\/product\/lg-32-curved-ultragear-monitova-2560x1440-180hz-300cd30001-1ms-2xhdmi-dp-has\/"},"modified":"2026-04-04T11:21:52","modified_gmt":"2026-04-04T09:21:52","slug":"lg-32-curved-ultragear-monitova-2560x1440-180hz-300cd30001-1ms-2xhdmi-dp-has","status":"publish","type":"product","link":"https:\/\/techstore.ba\/shop\/product\/lg-32-curved-ultragear-monitova-2560x1440-180hz-300cd30001-1ms-2xhdmi-dp-has\/","title":{"rendered":"LG 32&#8221; Curved UltraGear MonitoVA, 2560&#215;1440, 180Hz, 300cd3000:1, 1ms, 2xHDMI, DP, HAS"},"content":{"rendered":"<div class=\"Y3BBE\" data-sfc-cp=\"\" data-hveid=\"CAEIAxAA\" data-complete=\"true\" data-processed=\"true\">LG 32&#8221; Curved UltraGear QHD monitor (model 32GS60QC-B) je dizajniran za gejmere koji tra\u017ee potpuno imerzivno iskustvo i visoke performanse. Kombinacija QHD rezolucije (2560&#215;1440 piksela), zakrivljenog VA panela i brze frekvencije osvje\u017eavanja od 180 Hz omogu\u0107ava izuzetno glatko igranje, dok izuzetno brzo vrijeme odziva od 1ms (GtG) minimizira zamu\u0107enje pokreta i ghosting.<button class=\"rBl3me\" tabindex=\"0\" data-amic=\"true\" data-icl-uuid=\"83e3229c-7d34-4f42-903d-8614b7458c47\" aria-label=\"View related links\" data-wiz-attrbind=\"disabled=xQhu6_i\/C5gNJc;aria-label=xQhu6_i\/bOjMyf;class=xQhu6_i\/UpSNec\" data-ved=\"2ahUKEwi8y7eFmOOSAxUE9QIHHdLyHWIQye0OegYIAQgDEAE\"><\/button><\/div>\n<div class=\"Y3BBE\" data-sfc-cp=\"\" data-hveid=\"CAEIBBAA\" data-complete=\"true\" data-processed=\"true\">Zakrivljenost ekrana od 1000R, koja savr\u0161eno odgovara prirodnom vidnom polju, uvla\u010di korisnika dublje u akciju, \u010dine\u0107i da se virtuelni svjetovi \u010dine realisti\u010dnijim i prostranijim. VA tehnologija panela osigurava odli\u010dan, stati\u010dki kontrastni omjer od 3000:1, \u0161to rezultira dubokim crnim tonovima i \u017eivopisnim bojama, naro\u010dito u tamnim scenama igara ili filmova.<button class=\"rBl3me\" tabindex=\"0\" data-amic=\"true\" data-icl-uuid=\"1966a8e6-5d5c-4363-879e-0fe7a90dc8c7\" aria-label=\"View related links\" data-wiz-attrbind=\"disabled=xQhu6_m\/C5gNJc;aria-label=xQhu6_m\/bOjMyf;class=xQhu6_m\/UpSNec\" data-ved=\"2ahUKEwi8y7eFmOOSAxUE9QIHHdLyHWIQye0OegYIAQgEEAE\"><\/button><\/div>\n<div class=\"Y3BBE\" data-sfc-cp=\"\" data-hveid=\"CAEIBRAA\" data-complete=\"true\" data-processed=\"true\">Monitor nudi odli\u010dnu ergonomiju zahvaljuju\u0107i postolju sa mogu\u0107no\u0161\u0107u pode\u0161avanja visine (HAS), nagiba i zakretanja, omogu\u0107avaju\u0107i svakom korisniku da prona\u0111e savr\u0161en ugao gledanja za duge sesije igranja. Pored toga, podr\u0161ka za AMD FreeSync Premium i NVIDIA G-Sync kompatibilnost osigurava da se brzina osvje\u017eavanja monitora sinhronizuje sa grafi\u010dkom karticom, elimini\u0161u\u0107i kidanje slike (screen tearing) i minimiziraju\u0107i zastajkivanje (stuttering).<button class=\"rBl3me\" tabindex=\"0\" data-amic=\"true\" data-icl-uuid=\"40626820-e0a8-4a57-b7fa-2ec4e0159fe9\" aria-label=\"View related links\" data-wiz-attrbind=\"disabled=xQhu6_q\/C5gNJc;aria-label=xQhu6_q\/bOjMyf;class=xQhu6_q\/UpSNec\" data-ved=\"2ahUKEwi8y7eFmOOSAxUE9QIHHdLyHWIQye0OegYIAQgFEAE\"><\/button><\/div>\n<div class=\"Y3BBE\" data-sfc-cp=\"\" data-hveid=\"CAEIBhAA\" data-complete=\"true\" data-processed=\"true\">\u0160to se ti\u010de povezivosti, dva HDMI porta i jedan DisplayPort ulaz pru\u017eaju fleksibilnost za povezivanje ra\u010dunara, igra\u0107ih konzola i drugih multimedijalnih ure\u0111aja. Sa karakteristikama kao \u0161to su Black Stabilizer (stabilizator crne boje) za lak\u0161e uo\u010davanje neprijatelja u tamnim podru\u010djima i Crosshair funkcijom za pobolj\u0161anu preciznost u puca\u010dinama, ovaj LG UltraGear monitor je spreman za kompetitivno igranje.<button class=\"rBl3me\" tabindex=\"0\" data-amic=\"true\" data-icl-uuid=\"7659641a-4e86-40a5-9ad0-fe46b763ab1a\" aria-label=\"View related links\" data-wiz-attrbind=\"disabled=xQhu6_u\/C5gNJc;aria-label=xQhu6_u\/bOjMyf;class=xQhu6_u\/UpSNec\" data-ved=\"2ahUKEwi8y7eFmOOSAxUE9QIHHdLyHWIQye0OegYIAQgGEAE\"><\/button><\/div>\n<div class=\"Fsg96\" data-sfc-cp=\"\" data-complete=\"true\" data-processed=\"true\"><\/div>\n<div data-xid=\"Gd7Hsc\" data-sfc-cp=\"\" data-complete=\"true\" data-processed=\"true\">\n<div class=\"DBd2Wb\" data-complete=\"true\">\n<div data-complete=\"true\"><\/div>\n<div class=\"zkL70c\">\n<div data-xid=\"YruvMc\" data-signal-inputs=\"ns9scf=xQhu6_y\/ns9scf\" data-complete=\"true\">\n<div class=\"OUQe0e\">\n<div id=\"shrproxy61\" class=\"bQ0Yzc\" data-ved=\"0CAAQp4QQahgKEwjQoIONgeOSAxUAAAAAHQAAAAAQ6gI\" data-hveid=\"0\" data-processed=\"true\"><\/div>\n<\/div>\n<\/div>\n<\/div>\n<\/div>\n<\/div>\n","protected":false},"excerpt":{"rendered":"<p><span class=\"T286Pc\" data-sfc-cp=\"\" data-complete=\"true\"><strong class=\"Yjhzub\" data-complete=\"true\">Rezolucija i panel:<\/strong>\u00a0QHD (2560 x 1440 piksela) rezolucija na zakrivljenom VA panelu.<\/span><\/p>\n<p><span class=\"T286Pc\" data-sfc-cp=\"\" data-complete=\"true\"><strong class=\"Yjhzub\" data-complete=\"true\">Brzina osvje\u017eavanja:<\/strong>\u00a0Visoka frekvencija osvje\u017eavanja od\u00a0<strong class=\"Yjhzub\" data-complete=\"true\">180 Hz<\/strong>\u00a0za izuzetno glatke pokrete u igrama.<\/span><\/p>\n<p><span class=\"T286Pc\" data-sfc-cp=\"\" data-complete=\"true\"><strong class=\"Yjhzub\" data-complete=\"true\">Vrijeme odziva:<\/strong>\u00a0Brzo vrijeme odziva od\u00a0<strong class=\"Yjhzub\" data-complete=\"true\">1 ms<\/strong>\u00a0(GtG &#8211; Grey-to-Grey) minimizira zamu\u0107enje pokreta.<\/span><\/p>\n<p><span class=\"T286Pc\" data-sfc-cp=\"\" data-complete=\"true\"><strong class=\"Yjhzub\" data-complete=\"true\">Kontrast i svjetlina:<\/strong>\u00a0Tipi\u010dan kontrastni omjer od\u00a0<strong class=\"Yjhzub\" data-complete=\"true\">3000:1<\/strong>\u00a0i svjetlina od\u00a0<strong class=\"Yjhzub\" data-complete=\"true\">300 cd\/m\u00b2<\/strong>\u00a0za duboke crne tonove i jasnu sliku.<\/span><\/p>\n<p><span class=\"T286Pc\" data-sfc-cp=\"\" data-complete=\"true\"><strong class=\"Yjhzub\" data-complete=\"true\">Povezivost:<\/strong>\u00a0Opremljen sa 2x HDMI i 1x DisplayPort ulazima za svestrano povezivanje sa razli\u010ditim ure\u0111ajima.<\/span><\/p>\n<p><span class=\"T286Pc\" data-sfc-cp=\"\" data-complete=\"true\" aria-owns=\"action-menu-parent-container\"><strong class=\"Yjhzub\" data-complete=\"true\">Ergonomija i Sync:<\/strong>\u00a0Ergonomski dizajniran stalak sa pode\u0161avanjem visine, nagiba i zakretanja (HAS, Tilt, Swivel), te podr\u0161kom za AMD FreeSync i NVIDIA G-Sync kompatibilnost.<\/span><\/p>\n<p><strong>Grancija: <\/strong>36 mjeseci<\/p>\n","protected":false},"featured_media":52215,"template":"","meta":[],"product_cat":[1019,1015,600,385],"product_tag":[],"class_list":{"0":"post-17080","1":"product","2":"type-product","3":"status-publish","4":"has-post-thumbnail","6":"product_brand-lg","7":"product_cat-gaming-monitori","8":"product_cat-gaming-periferija","9":"product_cat-brend-lg","10":"product_cat-ct-monitori","11":"pa_brend-lg","13":"first","14":"instock","15":"shipping-taxable","16":"purchasable","17":"product-type-simple"},"_links":{"self":[{"href":"https:\/\/techstore.ba\/shop\/wp-json\/wp\/v2\/product\/17080","targetHints":{"allow":["GET"]}}],"collection":[{"href":"https:\/\/techstore.ba\/shop\/wp-json\/wp\/v2\/product"}],"about":[{"href":"https:\/\/techstore.ba\/shop\/wp-json\/wp\/v2\/types\/product"}],"wp:featuredmedia":[{"embeddable":true,"href":"https:\/\/techstore.ba\/shop\/wp-json\/wp\/v2\/media\/52215"}],"wp:attachment":[{"href":"https:\/\/techstore.ba\/shop\/wp-json\/wp\/v2\/media?parent=17080"}],"wp:term":[{"taxonomy":"product_cat","embeddable":true,"href":"https:\/\/techstore.ba\/shop\/wp-json\/wp\/v2\/product_cat?post=17080"},{"taxonomy":"product_tag","embeddable":true,"href":"https:\/\/techstore.ba\/shop\/wp-json\/wp\/v2\/product_tag?post=17080"}],"curies":[{"name":"wp","href":"https:\/\/api.w.org\/{rel}","templated":true}]}}