{"id":17078,"date":"2026-02-01T16:03:39","date_gmt":"2026-02-01T15:03:39","guid":{"rendered":"https:\/\/techstore.ba\/shop\/product\/lg-27-27u631a-b-qhd-2560x1440100hz-ips-5ms-250cd-hdmitype-c-15w-vesa100x100-tilt\/"},"modified":"2026-04-04T11:21:52","modified_gmt":"2026-04-04T09:21:52","slug":"lg-27-27u631a-b-qhd-2560x1440100hz-ips-5ms-250cd-hdmitype-c-15w-vesa100x100-tilt","status":"publish","type":"product","link":"https:\/\/techstore.ba\/shop\/product\/lg-27-27u631a-b-qhd-2560x1440100hz-ips-5ms-250cd-hdmitype-c-15w-vesa100x100-tilt\/","title":{"rendered":"LG 27&#8221; 27U631A-B QHD 2560x1440100Hz, IPS, 5ms, 250cd, HDMIType-C (15W), VESA100x100, Tilt"},"content":{"rendered":"<h3>Specifikacije<\/h3>\n<table style=\"border-collapse: collapse; width: 100%;\">\n<tbody>\n<tr>\n<th style=\"text-align: left; padding: 6px 10px; border: 1px solid #eee;\">ANGLE<\/th>\n<td style=\"padding: 6px 10px; border: 1px solid #eee;\">178\/178<\/td>\n<\/tr>\n<tr>\n<th style=\"text-align: left; padding: 6px 10px; border: 1px solid #eee;\">ASPECTRATIO<\/th>\n<td style=\"padding: 6px 10px; border: 1px solid #eee;\">16:9<\/td>\n<\/tr>\n<tr>\n<th style=\"text-align: left; padding: 6px 10px; border: 1px solid #eee;\">SCREEN_SIZE_MON<\/th>\n<td style=\"padding: 6px 10px; border: 1px solid #eee;\">27&#8221;<\/td>\n<\/tr>\n<tr>\n<th style=\"text-align: left; padding: 6px 10px; border: 1px solid #eee;\">SCREEN_TYPE_MON<\/th>\n<td style=\"padding: 6px 10px; border: 1px solid #eee;\">IPS<\/td>\n<\/tr>\n<tr>\n<th style=\"text-align: left; padding: 6px 10px; border: 1px solid #eee;\">USB TYPE-C<\/th>\n<td style=\"padding: 6px 10px; border: 1px solid #eee;\">1<\/td>\n<\/tr>\n<tr>\n<th style=\"text-align: left; padding: 6px 10px; border: 1px solid #eee;\">BRIHTNESS<\/th>\n<td style=\"padding: 6px 10px; border: 1px solid #eee;\">250<\/td>\n<\/tr>\n<tr>\n<th style=\"text-align: left; padding: 6px 10px; border: 1px solid #eee;\">HDMI_MON<\/th>\n<td style=\"padding: 6px 10px; border: 1px solid #eee;\">1<\/td>\n<\/tr>\n<tr>\n<th style=\"text-align: left; padding: 6px 10px; border: 1px solid #eee;\">VESA<\/th>\n<td style=\"padding: 6px 10px; border: 1px solid #eee;\">100&#215;100<\/td>\n<\/tr>\n<tr>\n<th style=\"text-align: left; padding: 6px 10px; border: 1px solid #eee;\">RESOLUTION_MON<\/th>\n<td style=\"padding: 6px 10px; border: 1px solid #eee;\">2560 x 1440<\/td>\n<\/tr>\n<\/tbody>\n<\/table>\n<p>&nbsp;<\/p>\n<h3 data-start=\"0\" data-end=\"94\"><strong data-start=\"8\" data-end=\"92\">LG 27&#8221; 27U631A\u2011B QHD Monitor \u2014 Izbalansiran ekran za posao, zabavu i kreativnost<\/strong><\/h3>\n<p data-start=\"96\" data-end=\"631\"><strong data-start=\"96\" data-end=\"137\"><span class=\"hover:entity-accent entity-underline inline cursor-pointer align-baseline\"><span class=\"whitespace-normal\">LG 27U631A\u2011B<\/span><\/span><\/strong> je 27\u2011in\u010dni monitor koji donosi vi\u0161e od obi\u010dnog ekrana: <strong data-start=\"194\" data-end=\"212\">QHD rezolucija<\/strong> od <strong data-start=\"216\" data-end=\"231\">2560\u202f\u00d7\u202f1440<\/strong> piksela pru\u017ea o\u0161tar i detaljan prikaz koji je idealan za rad s dokumentima, obradu fotografija, gledanje filmova i casual igranje. Sa LCD tehnologijom tipa <strong data-start=\"388\" data-end=\"395\">IPS<\/strong>, ovaj monitor nudi \u0161iroke uglove gledanja i stabilnu reprodukciju boja \u010dak i kada ekran gledate pod kutom \u2013 \u0161to je bitno ako \u010desto radite u ekipnim okru\u017eenjima ili gledate sadr\u017eaj s prijateljima.<\/p>\n<p data-start=\"633\" data-end=\"1154\">LG je ovom modelu dodao i nekoliko prakti\u010dnih funkcija koje pove\u0107avaju udobnost kori\u0161tenja: <strong data-start=\"725\" data-end=\"742\">HDR10 podr\u0161ka<\/strong> daje dinami\u010dniji prikaz boja i kontrasta, dok su <em data-start=\"792\" data-end=\"805\">Reader Mode<\/em> i <em data-start=\"808\" data-end=\"822\">Flicker Safe<\/em> re\u017eimi tu da smanje naprezanje o\u010diju tokom dugog \u010ditanja ili dugotrajnih radnih sesija. USB\u2011C port s <strong data-start=\"924\" data-end=\"968\">15\u202fW isporukom energije (power delivery)<\/strong> omogu\u0107ava jednostavno povezivanje laptopa ili drugog kompatibilnog ure\u0111aja samo jednim kablom, uz istovremeno napajanje ure\u0111aja i prijenos slike.<\/p>\n<p data-start=\"1156\" data-end=\"1449\">Estetski, monitor ima tanak okvir na tri strane, \u0161to dodatno doprinosi modernom i urednom radnom prostoru. Stalak podr\u017eava pode\u0161avanje nagiba (<em data-start=\"1299\" data-end=\"1305\">tilt<\/em>), a <em data-start=\"1310\" data-end=\"1324\">VESA 100\u00d7100<\/em> kompatibilnost zna\u010di da ekran mo\u017eete lako montirati na zid ili dr\u017ea\u010d po va\u0161oj \u017eelji.<\/p>\n<p data-start=\"1451\" data-end=\"1692\">Ovaj model je odli\u010dna opcija ako \u017eelite <strong data-start=\"1491\" data-end=\"1567\">vi\u0161i nivo vizuelnog iskustva nego \u0161to to pru\u017eaju standardni 1080p ekrani<\/strong>, bez nepotrebnih komplikacija \u2013 sa dobrim omjerom performansi i prakti\u010dnih funkcija.<\/p>\n","protected":false},"excerpt":{"rendered":"<p data-start=\"1753\" data-end=\"1900\"><strong data-start=\"1753\" data-end=\"1763\">Ekran:<\/strong> 27\u2033 <em data-start=\"1768\" data-end=\"1773\">IPS<\/em> panela sa <strong data-start=\"1784\" data-end=\"1805\">QHD (2560\u202f\u00d7\u202f1440)<\/strong> rezolucijom \u2013 o\u0161tar prikaz i vjerna reprodukcija boja.<\/p>\n<p data-start=\"1904\" data-end=\"2038\"><strong data-start=\"1904\" data-end=\"1933\">Frekvencija osvje\u017eavanja:<\/strong> <strong data-start=\"1934\" data-end=\"1944\">100\u202fHz<\/strong> \u2013 fluidnije kretanje slike nego na standardnih 60\u202fHz.<\/p>\n<p data-start=\"2042\" data-end=\"2182\"><strong data-start=\"2042\" data-end=\"2061\">Vrijeme odziva:<\/strong> <strong data-start=\"2062\" data-end=\"2076\">5\u202fms (GtG)<\/strong> \u2013 brzo reagovanje za ugodan vizuelni do\u017eivljaj i manje zamu\u0107enja.<\/p>\n<p data-start=\"2186\" data-end=\"2340\"><strong data-start=\"2186\" data-end=\"2202\">Povezivanje:<\/strong> <strong data-start=\"2203\" data-end=\"2246\">1\u00d7 HDMI, 1\u00d7 USB\u2011C (PD 15\u202fW) i audio out<\/strong> \u2013 fleksibilne opcije za laptop, PC ili druge ure\u0111aje.<\/p>\n<p data-start=\"2344\" data-end=\"2487\"><strong data-start=\"2344\" data-end=\"2363\">Kontrast i HDR:<\/strong> <strong data-start=\"2364\" data-end=\"2391\">1000:1 tipi\u010dni kontrast<\/strong> i <strong data-start=\"2394\" data-end=\"2403\">HDR10<\/strong> podr\u0161ka za dinami\u010dnije boje i bolji tonovi.<\/p>\n<p data-start=\"2491\" data-end=\"2606\"><strong data-start=\"2491\" data-end=\"2509\">Ugao gledanja:<\/strong> <strong data-start=\"2510\" data-end=\"2523\">178\u00b0\/178\u00b0<\/strong> \u2013 stabilna slika iz razli\u010ditih pozicija.<\/p>\n<p data-start=\"2610\" data-end=\"2760\"><strong data-start=\"2610\" data-end=\"2635\">Ergonomija i monta\u017ea:<\/strong> <em data-start=\"2636\" data-end=\"2642\">Tilt<\/em> pode\u0161avanje nagiba i <strong data-start=\"2664\" data-end=\"2683\">VESA 100\u00d7100\u202fmm<\/strong> za monta\u017eu na zid ili ruku\u2011stalak.<\/p>\n<p data-start=\"2764\" data-end=\"2888\"><strong data-start=\"2764\" data-end=\"2784\">Garancija: <\/strong>36\u202fmjeseci<strong data-start=\"2792\" data-end=\"2816\">\u00a0<\/strong><\/p>\n","protected":false},"featured_media":28708,"template":"","meta":[],"product_cat":[1019,1015,600,385],"product_tag":[],"class_list":{"0":"post-17078","1":"product","2":"type-product","3":"status-publish","4":"has-post-thumbnail","6":"product_brand-lg","7":"product_cat-gaming-monitori","8":"product_cat-gaming-periferija","9":"product_cat-brend-lg","10":"product_cat-ct-monitori","11":"pa_brend-lg","13":"first","14":"outofstock","15":"shipping-taxable","16":"purchasable","17":"product-type-simple"},"_links":{"self":[{"href":"https:\/\/techstore.ba\/shop\/wp-json\/wp\/v2\/product\/17078","targetHints":{"allow":["GET"]}}],"collection":[{"href":"https:\/\/techstore.ba\/shop\/wp-json\/wp\/v2\/product"}],"about":[{"href":"https:\/\/techstore.ba\/shop\/wp-json\/wp\/v2\/types\/product"}],"wp:featuredmedia":[{"embeddable":true,"href":"https:\/\/techstore.ba\/shop\/wp-json\/wp\/v2\/media\/28708"}],"wp:attachment":[{"href":"https:\/\/techstore.ba\/shop\/wp-json\/wp\/v2\/media?parent=17078"}],"wp:term":[{"taxonomy":"product_cat","embeddable":true,"href":"https:\/\/techstore.ba\/shop\/wp-json\/wp\/v2\/product_cat?post=17078"},{"taxonomy":"product_tag","embeddable":true,"href":"https:\/\/techstore.ba\/shop\/wp-json\/wp\/v2\/product_tag?post=17078"}],"curies":[{"name":"wp","href":"https:\/\/api.w.org\/{rel}","templated":true}]}}