{"id":17075,"date":"2026-02-01T16:03:39","date_gmt":"2026-02-01T15:03:39","guid":{"rendered":"https:\/\/techstore.ba\/shop\/product\/lc-power-gaming-monitor-236curved-va-panel-fhd-165hz1920x1080-2xhdmi-2x-dp-audio-out\/"},"modified":"2026-04-04T11:21:51","modified_gmt":"2026-04-04T09:21:51","slug":"lc-power-gaming-monitor-236curved-va-panel-fhd-165hz1920x1080-2xhdmi-2x-dp-audio-out","status":"publish","type":"product","link":"https:\/\/techstore.ba\/shop\/product\/lc-power-gaming-monitor-236curved-va-panel-fhd-165hz1920x1080-2xhdmi-2x-dp-audio-out\/","title":{"rendered":"LC-Power Gaming Monitor 23,6&#8221;Curved, VA Panel, FHD, 165Hz,1920&#215;1080, 2xHDMI, 2x DP, Audio out"},"content":{"rendered":"<h3>Specifikacije<\/h3>\n<table style=\"border-collapse: collapse;width: 100%\">\n<tbody>\n<tr>\n<th style=\"text-align: left;padding: 6px 10px;border: 1px solid #eee\">BRIHTNESS<\/th>\n<td style=\"padding: 6px 10px;border: 1px solid #eee\">300<\/td>\n<\/tr>\n<tr>\n<th style=\"text-align: left;padding: 6px 10px;border: 1px solid #eee\">SCREEN_SIZE_MON<\/th>\n<td style=\"padding: 6px 10px;border: 1px solid #eee\">23.6&#8221;<\/td>\n<\/tr>\n<tr>\n<th style=\"text-align: left;padding: 6px 10px;border: 1px solid #eee\">SCREEN_TYPE_MON<\/th>\n<td style=\"padding: 6px 10px;border: 1px solid #eee\">VA<\/td>\n<\/tr>\n<tr>\n<th style=\"text-align: left;padding: 6px 10px;border: 1px solid #eee\">RESOLUTION_MON<\/th>\n<td style=\"padding: 6px 10px;border: 1px solid #eee\">1920 x 1080<\/td>\n<\/tr>\n<tr>\n<th style=\"text-align: left;padding: 6px 10px;border: 1px solid #eee\">ASPECTRATIO<\/th>\n<td style=\"padding: 6px 10px;border: 1px solid #eee\">16:9<\/td>\n<\/tr>\n<\/tbody>\n<\/table>\n<h3 data-start=\"0\" data-end=\"126\"><\/h3>\n<h3 data-start=\"0\" data-end=\"126\"><strong data-start=\"8\" data-end=\"126\"><span class=\"hover:entity-accent entity-underline inline cursor-pointer align-baseline\"><span class=\"whitespace-normal\">LC\u2011Power Gaming Monitor LC\u2011M24\u2011FHD\u2011165\u2011C\u2011V2<\/span><\/span> \u2014 zakrivljeni Full HD gaming monitor s odli\u010dnim omjerom cijene i performansi<\/strong><\/h3>\n<p data-start=\"128\" data-end=\"706\">Ako tra\u017ei\u0161 monitor koji udru\u017euje pristupa\u010dnu cijenu, moderne gaming funkcije i kompaktnu veli\u010dinu idealnu za desktop setupove s ograni\u010denim prostorom, <strong data-start=\"279\" data-end=\"326\">LC\u2011Power Gaming Monitor LC\u2011M24\u2011FHD\u2011165\u2011C\u2011V2<\/strong> je model vrijedan pa\u017enje. Ovaj <strong data-start=\"358\" data-end=\"398\">23,6\u2011in\u010dni zakrivljeni ekran (1500R)<\/strong> pru\u017ea uronjeni do\u017eivljaj gledanja koji \u010dini igre i filmove dinami\u010dnijima i zanimljivijima nego na ravnim ekranima. Zahvaljuju\u0107i <strong data-start=\"527\" data-end=\"540\">VA panelu<\/strong>, monitor nudi duboke crne tonove i visok kontrast, \u0161to je posebno korisno u tamnijim scenama ili vizualno intenzivnijim igrama.<\/p>\n<p data-start=\"708\" data-end=\"1107\">Gaming performanse dodatno podi\u017ee <strong data-start=\"742\" data-end=\"787\">visoka frekvencija osvje\u017eavanja od 165\u202fHz<\/strong> i vrlo brzo vrijeme odziva, \u0161to rezultira gla\u0111im prikazom pokreta i boljim osje\u0107ajem kontrole tokom brzih scena ili FPS igara. Uz to, tu su i tehnologije poput <strong data-start=\"948\" data-end=\"965\">AMD FreeSync\u2122<\/strong> koje sinhroniziraju monitor sa grafi\u010dkom karticom kako bi se smanjilo kidanje slike i ulazno ka\u0161njenje.<\/p>\n<p data-start=\"1109\" data-end=\"1358\">Dizajn ovog monitora je namijenjen igra\u010dima i entuzijastima \u2014 crna pozadina s crvenim LED akcentima daje mu sportski izgled, a zakrivljenost ekrana \u010dini iskustvo pregledavanja i zabave prirodnijim i ugodnijim.<\/p>\n","protected":false},"excerpt":{"rendered":"<p data-start=\"1418\" data-end=\"1564\"><strong data-start=\"1418\" data-end=\"1428\">Ekran:<\/strong> 23,6\u2033 zakrivljeni VA panel sa <em data-start=\"1459\" data-end=\"1468\">Full HD<\/em> rezolucijom (1920\u202f\u00d7\u202f1080) \u2013 o\u0161tar prikaz i bogate boje.<\/p>\n<p data-start=\"1568\" data-end=\"1702\"><strong data-start=\"1568\" data-end=\"1597\">Frekvencija osvje\u017eavanja:<\/strong> <strong data-start=\"1598\" data-end=\"1608\">165\u202fHz<\/strong> za vrlo glatko kretanje slike u igrama i multimediji.<\/p>\n<p data-start=\"1706\" data-end=\"1829\"><strong data-start=\"1706\" data-end=\"1725\">Vrijeme odziva:<\/strong> <strong data-start=\"1726\" data-end=\"1741\">1\u202fms (MPRT)<\/strong> uz Overdrive \u2013 brzo reagiranje bez zamagljenja.<\/p>\n<p data-start=\"1833\" data-end=\"1997\"><strong data-start=\"1833\" data-end=\"1849\">Povezivanje:<\/strong> <strong data-start=\"1850\" data-end=\"1865\">2\u00d7 HDMI 2.0<\/strong> i <strong data-start=\"1868\" data-end=\"1890\">2\u00d7 DisplayPort 1.4<\/strong>, plus <strong data-start=\"1897\" data-end=\"1910\">audio out<\/strong> (3,5\u202fmm) \u2013 fleksibilne mogu\u0107nosti povezivanja.<\/p>\n<p data-start=\"2001\" data-end=\"2143\"><strong data-start=\"2001\" data-end=\"2020\">Kontrast i HDR:<\/strong> <strong data-start=\"2021\" data-end=\"2031\">3000:1<\/strong> visok kontrast uz <em data-start=\"2050\" data-end=\"2061\">HDR ready<\/em> podr\u0161ku i VA panel za dublje crne tonove.<\/p>\n<p data-start=\"2147\" data-end=\"2253\"><strong data-start=\"2147\" data-end=\"2165\">Ugao gledanja:<\/strong> <strong data-start=\"2166\" data-end=\"2179\">178\u00b0\/178\u00b0<\/strong> \u2013 stabilan prikaz sa svih strana.<\/p>\n<p data-start=\"2257\" data-end=\"2405\"><strong data-start=\"2257\" data-end=\"2282\">Ergonomija i monta\u017ea:<\/strong> Nezavisno pode\u0161avanje nagiba i <em data-start=\"2314\" data-end=\"2330\">VESA 100\u202f\u00d7\u202f100<\/em> monta\u017ea za zidni nosa\u010d ili ruku.<\/p>\n<p data-start=\"2409\" data-end=\"2543\"><strong data-start=\"2409\" data-end=\"2429\">Garancija:\u00a0<\/strong>36 mjeseci<\/p>\n","protected":false},"featured_media":28685,"template":"","meta":[],"product_cat":[576,385],"product_tag":[],"class_list":{"0":"post-17075","1":"product","2":"type-product","3":"status-publish","4":"has-post-thumbnail","6":"product_brand-lc-power","7":"product_cat-brend-lc-power","8":"product_cat-ct-monitori","9":"pa_brend-lc-power","11":"first","12":"instock","13":"shipping-taxable","14":"purchasable","15":"product-type-simple"},"_links":{"self":[{"href":"https:\/\/techstore.ba\/shop\/wp-json\/wp\/v2\/product\/17075","targetHints":{"allow":["GET"]}}],"collection":[{"href":"https:\/\/techstore.ba\/shop\/wp-json\/wp\/v2\/product"}],"about":[{"href":"https:\/\/techstore.ba\/shop\/wp-json\/wp\/v2\/types\/product"}],"wp:featuredmedia":[{"embeddable":true,"href":"https:\/\/techstore.ba\/shop\/wp-json\/wp\/v2\/media\/28685"}],"wp:attachment":[{"href":"https:\/\/techstore.ba\/shop\/wp-json\/wp\/v2\/media?parent=17075"}],"wp:term":[{"taxonomy":"product_cat","embeddable":true,"href":"https:\/\/techstore.ba\/shop\/wp-json\/wp\/v2\/product_cat?post=17075"},{"taxonomy":"product_tag","embeddable":true,"href":"https:\/\/techstore.ba\/shop\/wp-json\/wp\/v2\/product_tag?post=17075"}],"curies":[{"name":"wp","href":"https:\/\/api.w.org\/{rel}","templated":true}]}}