{"id":17074,"date":"2026-02-01T16:03:39","date_gmt":"2026-02-01T15:03:39","guid":{"rendered":"https:\/\/techstore.ba\/shop\/product\/hp-s3-pro-327pe-fhd-monitor27ipsfhd13001250cdvgahdmidpspeakersheighttiltpivotswive\/"},"modified":"2026-04-04T11:21:51","modified_gmt":"2026-04-04T09:21:51","slug":"hp-s3-pro-327pe-fhd-monitor27ipsfhd13001250cdvgahdmidpspeakersheighttiltpivotswive","status":"publish","type":"product","link":"https:\/\/techstore.ba\/shop\/product\/hp-s3-pro-327pe-fhd-monitor27ipsfhd13001250cdvgahdmidpspeakersheighttiltpivotswive\/","title":{"rendered":"HP S3 Pro 327pe FHD Monitor27&#8221;,IPS,FHD,1300:1,250cd,VGA,HDMI,DP,Speakers,Height,Tilt,Pivot,Swive"},"content":{"rendered":"<h3>Specifikacije<\/h3>\n<table style=\"border-collapse: collapse;width: 100%\">\n<tbody>\n<tr>\n<th style=\"text-align: left;padding: 6px 10px;border: 1px solid #eee\">CURVE_MON<\/th>\n<td style=\"padding: 6px 10px;border: 1px solid #eee\">Ne<\/td>\n<\/tr>\n<tr>\n<th style=\"text-align: left;padding: 6px 10px;border: 1px solid #eee\">HDMI_MON<\/th>\n<td style=\"padding: 6px 10px;border: 1px solid #eee\">1<\/td>\n<\/tr>\n<tr>\n<th style=\"text-align: left;padding: 6px 10px;border: 1px solid #eee\">PIVOT<\/th>\n<td style=\"padding: 6px 10px;border: 1px solid #eee\">Da<\/td>\n<\/tr>\n<tr>\n<th style=\"text-align: left;padding: 6px 10px;border: 1px solid #eee\">RESOLUTION_MON<\/th>\n<td style=\"padding: 6px 10px;border: 1px solid #eee\">1920 x 1080<\/td>\n<\/tr>\n<tr>\n<th style=\"text-align: left;padding: 6px 10px;border: 1px solid #eee\">SCREEN_SIZE_MON<\/th>\n<td style=\"padding: 6px 10px;border: 1px solid #eee\">27&#8221;<\/td>\n<\/tr>\n<tr>\n<th style=\"text-align: left;padding: 6px 10px;border: 1px solid #eee\">TOUCH<\/th>\n<td style=\"padding: 6px 10px;border: 1px solid #eee\">Ne<\/td>\n<\/tr>\n<tr>\n<th style=\"text-align: left;padding: 6px 10px;border: 1px solid #eee\">USB TYPE-C<\/th>\n<td style=\"padding: 6px 10px;border: 1px solid #eee\">0<\/td>\n<\/tr>\n<tr>\n<th style=\"text-align: left;padding: 6px 10px;border: 1px solid #eee\">USB2_MON<\/th>\n<td style=\"padding: 6px 10px;border: 1px solid #eee\">0<\/td>\n<\/tr>\n<tr>\n<th style=\"text-align: left;padding: 6px 10px;border: 1px solid #eee\">VESA<\/th>\n<td style=\"padding: 6px 10px;border: 1px solid #eee\">da<\/td>\n<\/tr>\n<tr>\n<th style=\"text-align: left;padding: 6px 10px;border: 1px solid #eee\">VGA<\/th>\n<td style=\"padding: 6px 10px;border: 1px solid #eee\">Da<\/td>\n<\/tr>\n<tr>\n<th style=\"text-align: left;padding: 6px 10px;border: 1px solid #eee\">WIFI<\/th>\n<td style=\"padding: 6px 10px;border: 1px solid #eee\">Ne<\/td>\n<\/tr>\n<tr>\n<th style=\"text-align: left;padding: 6px 10px;border: 1px solid #eee\">HEIGH_ADJUST<\/th>\n<td style=\"padding: 6px 10px;border: 1px solid #eee\">Da<\/td>\n<\/tr>\n<tr>\n<th style=\"text-align: left;padding: 6px 10px;border: 1px solid #eee\">PORTDISP_MON<\/th>\n<td style=\"padding: 6px 10px;border: 1px solid #eee\">1<\/td>\n<\/tr>\n<tr>\n<th style=\"text-align: left;padding: 6px 10px;border: 1px solid #eee\">SCREEN_TYPE_MON<\/th>\n<td style=\"padding: 6px 10px;border: 1px solid #eee\">IPS<\/td>\n<\/tr>\n<tr>\n<th style=\"text-align: left;padding: 6px 10px;border: 1px solid #eee\">SPEAKER<\/th>\n<td style=\"padding: 6px 10px;border: 1px solid #eee\">Da<\/td>\n<\/tr>\n<tr>\n<th style=\"text-align: left;padding: 6px 10px;border: 1px solid #eee\">SWIVEL<\/th>\n<td style=\"padding: 6px 10px;border: 1px solid #eee\">Da<\/td>\n<\/tr>\n<tr>\n<th style=\"text-align: left;padding: 6px 10px;border: 1px solid #eee\">ASPECTRATIO<\/th>\n<td style=\"padding: 6px 10px;border: 1px solid #eee\">16:9<\/td>\n<\/tr>\n<tr>\n<th style=\"text-align: left;padding: 6px 10px;border: 1px solid #eee\">BRIHTNESS<\/th>\n<td style=\"padding: 6px 10px;border: 1px solid #eee\">250<\/td>\n<\/tr>\n<tr>\n<th style=\"text-align: left;padding: 6px 10px;border: 1px solid #eee\">COLOR_TV<\/th>\n<td style=\"padding: 6px 10px;border: 1px solid #eee\">Crna<\/td>\n<\/tr>\n<tr>\n<th style=\"text-align: left;padding: 6px 10px;border: 1px solid #eee\">DIVISION<\/th>\n<td style=\"padding: 6px 10px;border: 1px solid #eee\">SMB<\/td>\n<\/tr>\n<tr>\n<th style=\"text-align: left;padding: 6px 10px;border: 1px solid #eee\">DVI<\/th>\n<td style=\"padding: 6px 10px;border: 1px solid #eee\">0<\/td>\n<\/tr>\n<tr>\n<th style=\"text-align: left;padding: 6px 10px;border: 1px solid #eee\">TVTUNER<\/th>\n<td style=\"padding: 6px 10px;border: 1px solid #eee\">Ne<\/td>\n<\/tr>\n<tr>\n<th style=\"text-align: left;padding: 6px 10px;border: 1px solid #eee\">USB3_MON<\/th>\n<td style=\"padding: 6px 10px;border: 1px solid #eee\">0<\/td>\n<\/tr>\n<tr>\n<th style=\"text-align: left;padding: 6px 10px;border: 1px solid #eee\">ADAPTIVE_SYNC<\/th>\n<td style=\"padding: 6px 10px;border: 1px solid #eee\">Nema<\/td>\n<\/tr>\n<tr>\n<th style=\"text-align: left;padding: 6px 10px;border: 1px solid #eee\">ANGLE<\/th>\n<td style=\"padding: 6px 10px;border: 1px solid #eee\">178\/178<\/td>\n<\/tr>\n<\/tbody>\n<\/table>\n<p>&nbsp;<\/p>\n<h3 data-start=\"0\" data-end=\"85\"><strong data-start=\"8\" data-end=\"83\">HP S3 Pro 327pe \u2014 Full HD monitor koji podi\u017ee svakodnevnu produktivnost<\/strong><\/h3>\n<p data-start=\"87\" data-end=\"676\">Monitor <strong data-start=\"95\" data-end=\"128\">HP S3 Pro 327pe FHD (B1GM6AA)<\/strong> predstavlja sjajan balans izme\u0111u udobnog kancelarijskog rada i multimedijalne upotrebe, uz moderan dizajn i prakti\u010dne funkcije koje \u0107e vas osvojiti. Ovaj 27\u2011in\u010dni IPS ekran nudi ba\u0161 onoliko prostora i jasno\u0107e koliko vam treba za uredske aplikacije, web surfanje, gledanje filmova pa \u010dak i povremeno igranje. Zahvaljuju\u0107i <em data-start=\"450\" data-end=\"459\">Full HD<\/em> rezoluciji i <strong data-start=\"473\" data-end=\"483\">100\u202fHz<\/strong> osvje\u017eavanju slike, pokreti na ekranu su te\u010dni i bez ne\u017eeljenog zamu\u0107enja, \u0161to doprinosi ukupnom iskustvu \u2014 naro\u010dito ako provodite duge sate za ra\u010dunarom.<\/p>\n<p data-start=\"678\" data-end=\"1291\">Jedna od najja\u010dih karakteristika ovog monitora je IPS (In\u2011Plane Switching) panel koji omogu\u0107ava stabilnu reprodukciju boja i \u0161iroke uglove gledanja (do <strong data-start=\"830\" data-end=\"838\">178\u00b0<\/strong> vertikalno i horizontalno), \u0161to zna\u010di da \u0107ete imati konzistentnu sliku bez obzira iz kojeg ugla gledate. Integrisani zvu\u010dnici snage <em data-start=\"1009\" data-end=\"1016\">2\u00d72\u202fW<\/em> dodaju dodatnu vrijednost jer mo\u017eete slu\u0161ati video pozive i multimediju bez dodatnih zvu\u010dnika, dok ergonomija postolja (pode\u0161avanje visine, nagib, rotacija \/ pivot i swive) omogu\u0107ava prilago\u0111avanje radnom prostoru prema va\u0161im potrebama.<\/p>\n<p data-start=\"1293\" data-end=\"1684\">Estetski, monitor ima moderan izgled s tankim ivicama na tri strane, \u0161to ga \u010dini pogodnim za vi\u0161estruke ekrane (dual\u2011monitor setup). Ure\u0111aj je tako\u0111er opremljen tehnologijama <em data-start=\"1468\" data-end=\"1482\">Flicker\u2011Free<\/em> i <em data-start=\"1485\" data-end=\"1498\">HP Eye Ease<\/em> koje smanjuju naprezanje o\u010diju filtriranjem \u0161tetne plave svjetlosti i eliminisanjem treperenja slike \u2013 osobito korisno ako dugo radite ili u\u010dite.<\/p>\n<p data-start=\"1686\" data-end=\"2108\">Povezivanje je vrlo prakti\u010dno: standardni <strong data-start=\"1728\" data-end=\"1740\">HDMI 1.4<\/strong>, <strong data-start=\"1742\" data-end=\"1761\">DisplayPort 1.2<\/strong> i klasi\u010dni <strong data-start=\"1773\" data-end=\"1780\">VGA<\/strong> omogu\u0107avaju jednostavnu konekciju s laptopima, desktop ra\u010dunarima ili drugim ure\u0111ajima bez potrebe za dodatnim adapterima. Tako\u0111e, podr\u0161ka za VESA 100\u202f\u00d7\u202f100 monta\u017eu otvara mogu\u0107nost zidnog nosa\u010da ili monta\u017ee na ruku\u2011stalc za jo\u0161 vi\u0161e fleksibilnosti.<\/p>\n<p data-start=\"2110\" data-end=\"2351\">Ukratko, <strong data-start=\"2119\" data-end=\"2138\">HP S3 Pro 327pe<\/strong> je pouzdan izbor za sve koji \u017eele ve\u0107i ekran bez kompromisa u kvalitetu slike i ergonomiji, a koji \u0107e slu\u017eiti i za svakodnevne profesionalne zadatke i u\u017eivanje u multimediji.<\/p>\n","protected":false},"excerpt":{"rendered":"<p data-start=\"656\" data-end=\"802\"><strong data-start=\"656\" data-end=\"666\">Ekran:<\/strong> 27.53&#8221; IPS panel s <em data-start=\"686\" data-end=\"695\">Full HD<\/em> rezolucijom (1920\u202f\u00d7\u202f1080) \u2013 \u0161iroki kut gledanja i kvalitetne boje.<\/p>\n<p data-start=\"806\" data-end=\"944\"><strong data-start=\"806\" data-end=\"835\">Frekvencija osvje\u017eavanja:<\/strong> Do <strong data-start=\"839\" data-end=\"849\">100\u202fHz<\/strong> za glatkije prikaze i bolji osje\u0107aj pokreta na ekranu.<\/p>\n<p data-start=\"948\" data-end=\"1081\"><strong data-start=\"948\" data-end=\"967\">Vrijeme odziva:<\/strong> <strong data-start=\"968\" data-end=\"982\">5\u202fms (GtG)<\/strong> \u2013 idealno za uredske zadatke, multimediju i casual gaming.<\/p>\n<p data-start=\"1085\" data-end=\"1223\"><strong data-start=\"1085\" data-end=\"1101\">Povezivanje:<\/strong> HDMI\u202f1.4, DisplayPort\u202f1.2 i klasi\u010dni VGA \u2013 kompatibilno sa skoro svakim ure\u0111ajem.<\/p>\n<p data-start=\"1227\" data-end=\"1368\"><strong data-start=\"1227\" data-end=\"1246\">Kontrast i HDR:<\/strong> <strong data-start=\"1247\" data-end=\"1278\">Statisti\u010dki kontrast 1300:1<\/strong> i dinami\u010dki ve\u0107i odnos kontrasta za \u017eivlje slike.<\/p>\n<p data-start=\"1372\" data-end=\"1509\"><strong data-start=\"1372\" data-end=\"1390\">Ugao gledanja:<\/strong> <strong data-start=\"1391\" data-end=\"1430\">178\u00b0 horizontalno \/ 178\u00b0 vertikalno<\/strong> \u2013 odli\u010dna vidljivost iz vi\u0161e pozicija.<\/p>\n<p data-start=\"1513\" data-end=\"1687\"><strong data-start=\"1513\" data-end=\"1538\">Ergonomija i monta\u017ea:<\/strong> Pode\u0161avanje visine, nagib, pivot, <em data-start=\"1573\" data-end=\"1589\">VESA 100\u202f\u00d7\u202f100<\/em> monta\u017ea \u2013 udoban radni polo\u017eaj i fleksibilna instalacija.<\/p>\n<p><strong>Grancija:<\/strong> 36 mjeseci<\/p>\n","protected":false},"featured_media":28665,"template":"","meta":[],"product_cat":[564,385],"product_tag":[],"class_list":{"0":"post-17074","1":"product","2":"type-product","3":"status-publish","4":"has-post-thumbnail","6":"product_brand-hp","7":"product_cat-brend-hp","8":"product_cat-ct-monitori","9":"pa_brend-hp","11":"first","12":"outofstock","13":"shipping-taxable","14":"purchasable","15":"product-type-simple"},"_links":{"self":[{"href":"https:\/\/techstore.ba\/shop\/wp-json\/wp\/v2\/product\/17074","targetHints":{"allow":["GET"]}}],"collection":[{"href":"https:\/\/techstore.ba\/shop\/wp-json\/wp\/v2\/product"}],"about":[{"href":"https:\/\/techstore.ba\/shop\/wp-json\/wp\/v2\/types\/product"}],"wp:featuredmedia":[{"embeddable":true,"href":"https:\/\/techstore.ba\/shop\/wp-json\/wp\/v2\/media\/28665"}],"wp:attachment":[{"href":"https:\/\/techstore.ba\/shop\/wp-json\/wp\/v2\/media?parent=17074"}],"wp:term":[{"taxonomy":"product_cat","embeddable":true,"href":"https:\/\/techstore.ba\/shop\/wp-json\/wp\/v2\/product_cat?post=17074"},{"taxonomy":"product_tag","embeddable":true,"href":"https:\/\/techstore.ba\/shop\/wp-json\/wp\/v2\/product_tag?post=17074"}],"curies":[{"name":"wp","href":"https:\/\/api.w.org\/{rel}","templated":true}]}}