{"id":16963,"date":"2026-02-01T16:02:41","date_gmt":"2026-02-01T15:02:41","guid":{"rendered":"https:\/\/techstore.ba\/shop\/product\/trust-boye-podloga-za-miscrnaeco-podloga-m-velicina\/"},"modified":"2026-04-04T11:20:11","modified_gmt":"2026-04-04T09:20:11","slug":"trust-boye-podloga-za-miscrnaeco-podloga-m-velicina","status":"publish","type":"product","link":"https:\/\/techstore.ba\/shop\/product\/trust-boye-podloga-za-miscrnaeco-podloga-m-velicina\/","title":{"rendered":"Trust Boye podloga za mi\u0161,crnaeco podloga, M veli\u010dina"},"content":{"rendered":"","protected":false},"excerpt":{"rendered":"<p>Trust Boye podloga za mi\u0161, crna eco podloga, 210x250mm, veli\u010dina: M.<\/p>\n","protected":false},"featured_media":27447,"template":"","meta":[],"product_cat":[379],"product_tag":[],"class_list":{"0":"post-16963","1":"product","2":"type-product","3":"status-publish","4":"has-post-thumbnail","6":"product_cat-ct-mispodloga","7":"pa_brend-podloge-za-miseve","9":"first","10":"instock","11":"shipping-taxable","12":"purchasable","13":"product-type-simple"},"_links":{"self":[{"href":"https:\/\/techstore.ba\/shop\/wp-json\/wp\/v2\/product\/16963","targetHints":{"allow":["GET"]}}],"collection":[{"href":"https:\/\/techstore.ba\/shop\/wp-json\/wp\/v2\/product"}],"about":[{"href":"https:\/\/techstore.ba\/shop\/wp-json\/wp\/v2\/types\/product"}],"wp:featuredmedia":[{"embeddable":true,"href":"https:\/\/techstore.ba\/shop\/wp-json\/wp\/v2\/media\/27447"}],"wp:attachment":[{"href":"https:\/\/techstore.ba\/shop\/wp-json\/wp\/v2\/media?parent=16963"}],"wp:term":[{"taxonomy":"product_cat","embeddable":true,"href":"https:\/\/techstore.ba\/shop\/wp-json\/wp\/v2\/product_cat?post=16963"},{"taxonomy":"product_tag","embeddable":true,"href":"https:\/\/techstore.ba\/shop\/wp-json\/wp\/v2\/product_tag?post=16963"}],"curies":[{"name":"wp","href":"https:\/\/api.w.org\/{rel}","templated":true}]}}