{"id":16950,"date":"2026-02-01T16:02:34","date_gmt":"2026-02-01T15:02:34","guid":{"rendered":"https:\/\/techstore.ba\/shop\/product\/xiaomi-bezicni-mis-3-bijeli-dual-2-4-ghz-i-bluetooth-moguce-spajanje-na-do-3-razlicita-uredja\/"},"modified":"2026-04-04T11:18:38","modified_gmt":"2026-04-04T09:18:38","slug":"xiaomi-bezicni-mis-3-bijeli-dual-2-4-ghz-i-bluetooth-moguce-spajanje-na-do-3-razlicita-uredja","status":"publish","type":"product","link":"https:\/\/techstore.ba\/shop\/product\/xiaomi-bezicni-mis-3-bijeli-dual-2-4-ghz-i-bluetooth-moguce-spajanje-na-do-3-razlicita-uredja\/","title":{"rendered":"Xiaomi be\u017ei\u010dni mi\u0161 3, bijeli Dual 2.4 GHz i Bluetooth mogu\u0107e spajanje na do 3 razli\u010dita ure\u0111a"},"content":{"rendered":"","protected":false},"excerpt":{"rendered":"<p>Xiaomi be\u017ei\u010dni mi\u0161 3, crni, Dual 2.4 GHz i Bluetooth, mogu\u0107e spajanje na do 3 razli\u010dita ure\u0111aja<\/p>\n","protected":false},"featured_media":50484,"template":"","meta":[],"product_cat":[378,554],"product_tag":[],"class_list":{"0":"post-16950","1":"product","2":"type-product","3":"status-publish","4":"has-post-thumbnail","6":"product_cat-ct-misevi","7":"product_cat-brend-xiaomi","8":"pa_brend-misevi","10":"first","11":"outofstock","12":"shipping-taxable","13":"purchasable","14":"product-type-simple"},"_links":{"self":[{"href":"https:\/\/techstore.ba\/shop\/wp-json\/wp\/v2\/product\/16950","targetHints":{"allow":["GET"]}}],"collection":[{"href":"https:\/\/techstore.ba\/shop\/wp-json\/wp\/v2\/product"}],"about":[{"href":"https:\/\/techstore.ba\/shop\/wp-json\/wp\/v2\/types\/product"}],"wp:featuredmedia":[{"embeddable":true,"href":"https:\/\/techstore.ba\/shop\/wp-json\/wp\/v2\/media\/50484"}],"wp:attachment":[{"href":"https:\/\/techstore.ba\/shop\/wp-json\/wp\/v2\/media?parent=16950"}],"wp:term":[{"taxonomy":"product_cat","embeddable":true,"href":"https:\/\/techstore.ba\/shop\/wp-json\/wp\/v2\/product_cat?post=16950"},{"taxonomy":"product_tag","embeddable":true,"href":"https:\/\/techstore.ba\/shop\/wp-json\/wp\/v2\/product_tag?post=16950"}],"curies":[{"name":"wp","href":"https:\/\/api.w.org\/{rel}","templated":true}]}}