{"id":16945,"date":"2026-02-01T16:02:33","date_gmt":"2026-02-01T15:02:33","guid":{"rendered":"https:\/\/techstore.ba\/shop\/product\/trust-hyperwheel-bezicni-mis-crna-boja-usb-a-1000-3200-dpi\/"},"modified":"2026-04-04T11:18:38","modified_gmt":"2026-04-04T09:18:38","slug":"trust-hyperwheel-bezicni-mis-crna-boja-usb-a-1000-3200-dpi","status":"publish","type":"product","link":"https:\/\/techstore.ba\/shop\/product\/trust-hyperwheel-bezicni-mis-crna-boja-usb-a-1000-3200-dpi\/","title":{"rendered":"Trust Hyperwheel be\u017ei\u010dni mi\u0161, crna boja, USB-A,, 1000-3200 DPI"},"content":{"rendered":"","protected":false},"excerpt":{"rendered":"<p>Trust Hyperwheel be\u017ei\u010dni mi\u0161 , crna boja, USB-A, , 1000-3200 DPI<\/p>\n","protected":false},"featured_media":52310,"template":"","meta":[],"product_cat":[378,553],"product_tag":[],"class_list":{"0":"post-16945","1":"product","2":"type-product","3":"status-publish","4":"has-post-thumbnail","6":"product_cat-ct-misevi","7":"product_cat-brend-trust","8":"pa_brend-misevi","10":"first","11":"instock","12":"shipping-taxable","13":"purchasable","14":"product-type-simple"},"_links":{"self":[{"href":"https:\/\/techstore.ba\/shop\/wp-json\/wp\/v2\/product\/16945","targetHints":{"allow":["GET"]}}],"collection":[{"href":"https:\/\/techstore.ba\/shop\/wp-json\/wp\/v2\/product"}],"about":[{"href":"https:\/\/techstore.ba\/shop\/wp-json\/wp\/v2\/types\/product"}],"wp:featuredmedia":[{"embeddable":true,"href":"https:\/\/techstore.ba\/shop\/wp-json\/wp\/v2\/media\/52310"}],"wp:attachment":[{"href":"https:\/\/techstore.ba\/shop\/wp-json\/wp\/v2\/media?parent=16945"}],"wp:term":[{"taxonomy":"product_cat","embeddable":true,"href":"https:\/\/techstore.ba\/shop\/wp-json\/wp\/v2\/product_cat?post=16945"},{"taxonomy":"product_tag","embeddable":true,"href":"https:\/\/techstore.ba\/shop\/wp-json\/wp\/v2\/product_tag?post=16945"}],"curies":[{"name":"wp","href":"https:\/\/api.w.org\/{rel}","templated":true}]}}