{"id":16935,"date":"2026-02-01T16:02:33","date_gmt":"2026-02-01T15:02:33","guid":{"rendered":"https:\/\/techstore.ba\/shop\/product\/trust-gxt109b-felox-gaming-mis-zicani-plavi\/"},"modified":"2026-04-04T11:18:37","modified_gmt":"2026-04-04T09:18:37","slug":"trust-gxt109b-felox-gaming-mis-zicani-plavi","status":"publish","type":"product","link":"https:\/\/techstore.ba\/shop\/product\/trust-gxt109b-felox-gaming-mis-zicani-plavi\/","title":{"rendered":"Trust GXT109B Felox gaming mi\u0161, \u017ei\u010dani, plavi"},"content":{"rendered":"","protected":false},"excerpt":{"rendered":"<p>Trust GXT109B Felox gaming mi\u0161, plavi, 6400 DPI, 6 tipki, \u017ei\u010dni, USB 2.0, du\u017eina kabla 150 cm<\/p>\n","protected":false},"featured_media":28453,"template":"","meta":[],"product_cat":[1016,1015,378],"product_tag":[],"class_list":{"0":"post-16935","1":"product","2":"type-product","3":"status-publish","4":"has-post-thumbnail","6":"product_cat-gaming-misevi","7":"product_cat-gaming-periferija","8":"product_cat-ct-misevi","9":"pa_brend-misevi","11":"first","12":"outofstock","13":"shipping-taxable","14":"purchasable","15":"product-type-simple"},"_links":{"self":[{"href":"https:\/\/techstore.ba\/shop\/wp-json\/wp\/v2\/product\/16935","targetHints":{"allow":["GET"]}}],"collection":[{"href":"https:\/\/techstore.ba\/shop\/wp-json\/wp\/v2\/product"}],"about":[{"href":"https:\/\/techstore.ba\/shop\/wp-json\/wp\/v2\/types\/product"}],"wp:featuredmedia":[{"embeddable":true,"href":"https:\/\/techstore.ba\/shop\/wp-json\/wp\/v2\/media\/28453"}],"wp:attachment":[{"href":"https:\/\/techstore.ba\/shop\/wp-json\/wp\/v2\/media?parent=16935"}],"wp:term":[{"taxonomy":"product_cat","embeddable":true,"href":"https:\/\/techstore.ba\/shop\/wp-json\/wp\/v2\/product_cat?post=16935"},{"taxonomy":"product_tag","embeddable":true,"href":"https:\/\/techstore.ba\/shop\/wp-json\/wp\/v2\/product_tag?post=16935"}],"curies":[{"name":"wp","href":"https:\/\/api.w.org\/{rel}","templated":true}]}}