{"id":16932,"date":"2026-02-01T16:02:33","date_gmt":"2026-02-01T15:02:33","guid":{"rendered":"https:\/\/techstore.ba\/shop\/product\/trust-zaya-wireless-punjivimis-800-1600-dpi-integrisanapunjiva-baterija-plavi\/"},"modified":"2026-04-04T11:18:37","modified_gmt":"2026-04-04T09:18:37","slug":"trust-zaya-wireless-punjivimis-800-1600-dpi-integrisanapunjiva-baterija-plavi","status":"publish","type":"product","link":"https:\/\/techstore.ba\/shop\/product\/trust-zaya-wireless-punjivimis-800-1600-dpi-integrisanapunjiva-baterija-plavi\/","title":{"rendered":"Trust Zaya wireless punjivimi\u0161, 800-1600 dpi, integrisanapunjiva baterija, plavi"},"content":{"rendered":"","protected":false},"excerpt":{"rendered":"<p>Trust Zaya wireless plavi mi\u0161, integrisana punjiva baterija, punja\u010d type-C. Podesivi DPI od 800-1600. Prilago\u0111en za lijevu i desnu ruku, USB konektor, wireless domet 10 m, 4 tipke.<\/p>\n","protected":false},"featured_media":28430,"template":"","meta":[],"product_cat":[378],"product_tag":[],"class_list":{"0":"post-16932","1":"product","2":"type-product","3":"status-publish","4":"has-post-thumbnail","6":"product_cat-ct-misevi","7":"pa_brend-misevi","9":"first","10":"instock","11":"shipping-taxable","12":"purchasable","13":"product-type-simple"},"_links":{"self":[{"href":"https:\/\/techstore.ba\/shop\/wp-json\/wp\/v2\/product\/16932","targetHints":{"allow":["GET"]}}],"collection":[{"href":"https:\/\/techstore.ba\/shop\/wp-json\/wp\/v2\/product"}],"about":[{"href":"https:\/\/techstore.ba\/shop\/wp-json\/wp\/v2\/types\/product"}],"wp:featuredmedia":[{"embeddable":true,"href":"https:\/\/techstore.ba\/shop\/wp-json\/wp\/v2\/media\/28430"}],"wp:attachment":[{"href":"https:\/\/techstore.ba\/shop\/wp-json\/wp\/v2\/media?parent=16932"}],"wp:term":[{"taxonomy":"product_cat","embeddable":true,"href":"https:\/\/techstore.ba\/shop\/wp-json\/wp\/v2\/product_cat?post=16932"},{"taxonomy":"product_tag","embeddable":true,"href":"https:\/\/techstore.ba\/shop\/wp-json\/wp\/v2\/product_tag?post=16932"}],"curies":[{"name":"wp","href":"https:\/\/api.w.org\/{rel}","templated":true}]}}