{"id":16930,"date":"2026-02-01T16:02:33","date_gmt":"2026-02-01T15:02:33","guid":{"rendered":"https:\/\/techstore.ba\/shop\/product\/trust-gxt-109-felox-mis-zicani-mis-6400-dpi-60-ips-6-tipki-150-cm-gaming-crni\/"},"modified":"2026-04-04T11:18:37","modified_gmt":"2026-04-04T09:18:37","slug":"trust-gxt-109-felox-mis-zicani-mis-6400-dpi-60-ips-6-tipki-150-cm-gaming-crni","status":"publish","type":"product","link":"https:\/\/techstore.ba\/shop\/product\/trust-gxt-109-felox-mis-zicani-mis-6400-dpi-60-ips-6-tipki-150-cm-gaming-crni\/","title":{"rendered":"Trust GXT 109 Felox mi\u0161 \u017ei\u010dani mi\u0161, 6400 dpi, 60 ips, 6 tipki, 150 cm, gaming, crni"},"content":{"rendered":"","protected":false},"excerpt":{"rendered":"<p>Trust GXT 109 Felox mi\u0161, \u017ei\u010dani mi\u0161, 6400 dpi, 60 ips, 6 tipki, 150 cm, gaming, crni<\/p>\n","protected":false},"featured_media":28414,"template":"","meta":[],"product_cat":[1016,1015,378,553],"product_tag":[],"class_list":{"0":"post-16930","1":"product","2":"type-product","3":"status-publish","4":"has-post-thumbnail","6":"product_cat-gaming-misevi","7":"product_cat-gaming-periferija","8":"product_cat-ct-misevi","9":"product_cat-brend-trust","10":"pa_brend-misevi","12":"first","13":"outofstock","14":"shipping-taxable","15":"purchasable","16":"product-type-simple"},"_links":{"self":[{"href":"https:\/\/techstore.ba\/shop\/wp-json\/wp\/v2\/product\/16930","targetHints":{"allow":["GET"]}}],"collection":[{"href":"https:\/\/techstore.ba\/shop\/wp-json\/wp\/v2\/product"}],"about":[{"href":"https:\/\/techstore.ba\/shop\/wp-json\/wp\/v2\/types\/product"}],"wp:featuredmedia":[{"embeddable":true,"href":"https:\/\/techstore.ba\/shop\/wp-json\/wp\/v2\/media\/28414"}],"wp:attachment":[{"href":"https:\/\/techstore.ba\/shop\/wp-json\/wp\/v2\/media?parent=16930"}],"wp:term":[{"taxonomy":"product_cat","embeddable":true,"href":"https:\/\/techstore.ba\/shop\/wp-json\/wp\/v2\/product_cat?post=16930"},{"taxonomy":"product_tag","embeddable":true,"href":"https:\/\/techstore.ba\/shop\/wp-json\/wp\/v2\/product_tag?post=16930"}],"curies":[{"name":"wp","href":"https:\/\/api.w.org\/{rel}","templated":true}]}}