{"id":16924,"date":"2026-02-01T16:02:32","date_gmt":"2026-02-01T15:02:32","guid":{"rendered":"https:\/\/techstore.ba\/shop\/product\/trust-ozaa-compact-wirelessmis-800-3200-dpi-opticki3-nacina-konekcije-punjiva-baterija\/"},"modified":"2026-04-04T11:18:37","modified_gmt":"2026-04-04T09:18:37","slug":"trust-ozaa-compact-wirelessmis-800-3200-dpi-opticki3-nacina-konekcije-punjiva-baterija","status":"publish","type":"product","link":"https:\/\/techstore.ba\/shop\/product\/trust-ozaa-compact-wirelessmis-800-3200-dpi-opticki3-nacina-konekcije-punjiva-baterija\/","title":{"rendered":"Trust OZAA compact wirelessmi\u0161, 800-3200 dpi, opti\u010dki,3 na\u010dina konekcije, punjiva baterija"},"content":{"rendered":"","protected":false},"excerpt":{"rendered":"<p>Trust OZAA compact wireless mi\u0161, opti\u010dki senzor, 800-3200 dpi, wireless, USB-A, USB-C, RF 2.4GHz bluetooth, 6 tipki, punjiva baterija, crni<\/p>\n","protected":false},"featured_media":28300,"template":"","meta":[],"product_cat":[378,553],"product_tag":[],"class_list":{"0":"post-16924","1":"product","2":"type-product","3":"status-publish","4":"has-post-thumbnail","6":"product_cat-ct-misevi","7":"product_cat-brend-trust","8":"pa_brend-misevi","10":"first","11":"outofstock","12":"shipping-taxable","13":"purchasable","14":"product-type-simple"},"_links":{"self":[{"href":"https:\/\/techstore.ba\/shop\/wp-json\/wp\/v2\/product\/16924","targetHints":{"allow":["GET"]}}],"collection":[{"href":"https:\/\/techstore.ba\/shop\/wp-json\/wp\/v2\/product"}],"about":[{"href":"https:\/\/techstore.ba\/shop\/wp-json\/wp\/v2\/types\/product"}],"wp:featuredmedia":[{"embeddable":true,"href":"https:\/\/techstore.ba\/shop\/wp-json\/wp\/v2\/media\/28300"}],"wp:attachment":[{"href":"https:\/\/techstore.ba\/shop\/wp-json\/wp\/v2\/media?parent=16924"}],"wp:term":[{"taxonomy":"product_cat","embeddable":true,"href":"https:\/\/techstore.ba\/shop\/wp-json\/wp\/v2\/product_cat?post=16924"},{"taxonomy":"product_tag","embeddable":true,"href":"https:\/\/techstore.ba\/shop\/wp-json\/wp\/v2\/product_tag?post=16924"}],"curies":[{"name":"wp","href":"https:\/\/api.w.org\/{rel}","templated":true}]}}