{"id":16919,"date":"2026-02-01T16:02:32","date_gmt":"2026-02-01T15:02:32","guid":{"rendered":"https:\/\/techstore.ba\/shop\/product\/trust-basics-zicani-mis-opticki-1-7m-usb-2-0\/"},"modified":"2026-04-04T11:18:37","modified_gmt":"2026-04-04T09:18:37","slug":"trust-basics-zicani-mis-opticki-1-7m-usb-2-0","status":"publish","type":"product","link":"https:\/\/techstore.ba\/shop\/product\/trust-basics-zicani-mis-opticki-1-7m-usb-2-0\/","title":{"rendered":"Trust Basics \u017ei\u010dani mi\u0161, opti\u010dki, 1.7m, USB 2.0"},"content":{"rendered":"","protected":false},"excerpt":{"rendered":"<p>Trust Basics \u017ei\u010dani mi\u0161, opti\u010dki, 1.7m, USB 2.0<\/p>\n","protected":false},"featured_media":28248,"template":"","meta":[],"product_cat":[378,553],"product_tag":[],"class_list":{"0":"post-16919","1":"product","2":"type-product","3":"status-publish","4":"has-post-thumbnail","6":"product_cat-ct-misevi","7":"product_cat-brend-trust","8":"pa_brend-misevi","10":"first","11":"instock","12":"shipping-taxable","13":"purchasable","14":"product-type-simple"},"_links":{"self":[{"href":"https:\/\/techstore.ba\/shop\/wp-json\/wp\/v2\/product\/16919","targetHints":{"allow":["GET"]}}],"collection":[{"href":"https:\/\/techstore.ba\/shop\/wp-json\/wp\/v2\/product"}],"about":[{"href":"https:\/\/techstore.ba\/shop\/wp-json\/wp\/v2\/types\/product"}],"wp:featuredmedia":[{"embeddable":true,"href":"https:\/\/techstore.ba\/shop\/wp-json\/wp\/v2\/media\/28248"}],"wp:attachment":[{"href":"https:\/\/techstore.ba\/shop\/wp-json\/wp\/v2\/media?parent=16919"}],"wp:term":[{"taxonomy":"product_cat","embeddable":true,"href":"https:\/\/techstore.ba\/shop\/wp-json\/wp\/v2\/product_cat?post=16919"},{"taxonomy":"product_tag","embeddable":true,"href":"https:\/\/techstore.ba\/shop\/wp-json\/wp\/v2\/product_tag?post=16919"}],"curies":[{"name":"wp","href":"https:\/\/api.w.org\/{rel}","templated":true}]}}