{"id":16918,"date":"2026-02-01T16:02:32","date_gmt":"2026-02-01T15:02:32","guid":{"rendered":"https:\/\/techstore.ba\/shop\/product\/trust-yvi-silent-wireless-miscrni-sa-tihim-tipkama-800-1600-dpi-opticki-4-tipke\/"},"modified":"2026-04-04T11:18:37","modified_gmt":"2026-04-04T09:18:37","slug":"trust-yvi-silent-wireless-miscrni-sa-tihim-tipkama-800-1600-dpi-opticki-4-tipke","status":"publish","type":"product","link":"https:\/\/techstore.ba\/shop\/product\/trust-yvi-silent-wireless-miscrni-sa-tihim-tipkama-800-1600-dpi-opticki-4-tipke\/","title":{"rendered":"Trust Yvi+ Silent wireless mi\u0161,crni, sa tihim tipkama, 800-1600 dpi, opti\u010dki, 4 tipke"},"content":{"rendered":"","protected":false},"excerpt":{"rendered":"<p>Trust Yvi+ Silent wireless crni mi\u0161, sa tihim tipkama, 800-1600 dpi, opti\u010dki, 4 tipke, domet 8 m<\/p>\n","protected":false},"featured_media":28228,"template":"","meta":[],"product_cat":[378,553],"product_tag":[],"class_list":{"0":"post-16918","1":"product","2":"type-product","3":"status-publish","4":"has-post-thumbnail","6":"product_cat-ct-misevi","7":"product_cat-brend-trust","8":"pa_brend-misevi","10":"first","11":"outofstock","12":"shipping-taxable","13":"purchasable","14":"product-type-simple"},"_links":{"self":[{"href":"https:\/\/techstore.ba\/shop\/wp-json\/wp\/v2\/product\/16918","targetHints":{"allow":["GET"]}}],"collection":[{"href":"https:\/\/techstore.ba\/shop\/wp-json\/wp\/v2\/product"}],"about":[{"href":"https:\/\/techstore.ba\/shop\/wp-json\/wp\/v2\/types\/product"}],"wp:featuredmedia":[{"embeddable":true,"href":"https:\/\/techstore.ba\/shop\/wp-json\/wp\/v2\/media\/28228"}],"wp:attachment":[{"href":"https:\/\/techstore.ba\/shop\/wp-json\/wp\/v2\/media?parent=16918"}],"wp:term":[{"taxonomy":"product_cat","embeddable":true,"href":"https:\/\/techstore.ba\/shop\/wp-json\/wp\/v2\/product_cat?post=16918"},{"taxonomy":"product_tag","embeddable":true,"href":"https:\/\/techstore.ba\/shop\/wp-json\/wp\/v2\/product_tag?post=16918"}],"curies":[{"name":"wp","href":"https:\/\/api.w.org\/{rel}","templated":true}]}}