{"id":16917,"date":"2026-02-01T16:02:32","date_gmt":"2026-02-01T15:02:32","guid":{"rendered":"https:\/\/techstore.ba\/shop\/product\/trust-zayawireless-punjivi-mis800-1600-dpi-crni\/"},"modified":"2026-02-18T00:46:03","modified_gmt":"2026-02-17T23:46:03","slug":"trust-zayawireless-punjivi-mis800-1600-dpi-crni","status":"publish","type":"product","link":"https:\/\/techstore.ba\/shop\/product\/trust-zayawireless-punjivi-mis800-1600-dpi-crni\/","title":{"rendered":"Trust Zayawireless punjivi mi\u0161,800-1600 dpi, crni"},"content":{"rendered":"<h3>Specifikacije<\/h3>\n<table style=\"border-collapse:collapse;width:100%;\">\n<tr>\n<th style=\"text-align:left;padding:6px 10px;border:1px solid #eee;\">DPI_MOUSE<\/th>\n<td style=\"padding:6px 10px;border:1px solid #eee;\">1600<\/td>\n<\/tr>\n<tr>\n<th style=\"text-align:left;padding:6px 10px;border:1px solid #eee;\">NOBUTT_MOUSE<\/th>\n<td style=\"padding:6px 10px;border:1px solid #eee;\">4<\/td>\n<\/tr>\n<tr>\n<th style=\"text-align:left;padding:6px 10px;border:1px solid #eee;\">CABLE_MOUSE<\/th>\n<td style=\"padding:6px 10px;border:1px solid #eee;\">0<\/td>\n<\/tr>\n<tr>\n<th style=\"text-align:left;padding:6px 10px;border:1px solid #eee;\">COLOR_MOUSE<\/th>\n<td style=\"padding:6px 10px;border:1px solid #eee;\">Crna<\/td>\n<\/tr>\n<tr>\n<th style=\"text-align:left;padding:6px 10px;border:1px solid #eee;\">CONN_MOUSE<\/th>\n<td style=\"padding:6px 10px;border:1px solid #eee;\">Be\u017ei\u010dni<\/td>\n<\/tr>\n<tr>\n<th style=\"text-align:left;padding:6px 10px;border:1px solid #eee;\">TYPESEN_MOUSE<\/th>\n<td style=\"padding:6px 10px;border:1px solid #eee;\">Opti\u010dki<\/td>\n<\/tr>\n<\/table>\n","protected":false},"excerpt":{"rendered":"<p>Trust Zaya wireless crni mi\u0161. integrisana punjiva baterija, punja\u010d type-c, podesivi dpi 800-1600, prilago\u0111en za obje ruke, USB konektor, wireless domet 10, 4 tipke.<\/p>\n","protected":false},"featured_media":28221,"template":"","meta":[],"product_cat":[378,553],"product_tag":[],"class_list":{"0":"post-16917","1":"product","2":"type-product","3":"status-publish","4":"has-post-thumbnail","6":"product_cat-ct-misevi","7":"product_cat-brend-trust","8":"pa_brend-misevi","10":"first","11":"outofstock","12":"shipping-taxable","13":"purchasable","14":"product-type-simple"},"_links":{"self":[{"href":"https:\/\/techstore.ba\/shop\/wp-json\/wp\/v2\/product\/16917","targetHints":{"allow":["GET"]}}],"collection":[{"href":"https:\/\/techstore.ba\/shop\/wp-json\/wp\/v2\/product"}],"about":[{"href":"https:\/\/techstore.ba\/shop\/wp-json\/wp\/v2\/types\/product"}],"wp:featuredmedia":[{"embeddable":true,"href":"https:\/\/techstore.ba\/shop\/wp-json\/wp\/v2\/media\/28221"}],"wp:attachment":[{"href":"https:\/\/techstore.ba\/shop\/wp-json\/wp\/v2\/media?parent=16917"}],"wp:term":[{"taxonomy":"product_cat","embeddable":true,"href":"https:\/\/techstore.ba\/shop\/wp-json\/wp\/v2\/product_cat?post=16917"},{"taxonomy":"product_tag","embeddable":true,"href":"https:\/\/techstore.ba\/shop\/wp-json\/wp\/v2\/product_tag?post=16917"}],"curies":[{"name":"wp","href":"https:\/\/api.w.org\/{rel}","templated":true}]}}