{"id":16905,"date":"2026-02-01T16:02:32","date_gmt":"2026-02-01T15:02:32","guid":{"rendered":"https:\/\/techstore.ba\/shop\/product\/hp-255-dual-wrls-mouse-eurohp-255-dual-wrls-mouse-eurohp-255-dual-wrls-mouse-euro\/"},"modified":"2026-04-04T11:18:36","modified_gmt":"2026-04-04T09:18:36","slug":"hp-255-dual-wrls-mouse-eurohp-255-dual-wrls-mouse-eurohp-255-dual-wrls-mouse-euro","status":"publish","type":"product","link":"https:\/\/techstore.ba\/shop\/product\/hp-255-dual-wrls-mouse-eurohp-255-dual-wrls-mouse-eurohp-255-dual-wrls-mouse-euro\/","title":{"rendered":"HP 255 Dual WRLS Mouse EUROHP 255 Dual WRLS Mouse EUROHP 255 Dual WRLS Mouse EURO"},"content":{"rendered":"","protected":false},"excerpt":{"rendered":"<p>HP 255 Dual WRLS Mouse Bluetooth and WiFi mouse be\u017ei\u010dni mi\u0161<\/p>\n","protected":false},"featured_media":52314,"template":"","meta":[],"product_cat":[378],"product_tag":[],"class_list":{"0":"post-16905","1":"product","2":"type-product","3":"status-publish","4":"has-post-thumbnail","6":"product_cat-ct-misevi","7":"pa_brend-misevi","9":"first","10":"outofstock","11":"shipping-taxable","12":"purchasable","13":"product-type-simple"},"_links":{"self":[{"href":"https:\/\/techstore.ba\/shop\/wp-json\/wp\/v2\/product\/16905","targetHints":{"allow":["GET"]}}],"collection":[{"href":"https:\/\/techstore.ba\/shop\/wp-json\/wp\/v2\/product"}],"about":[{"href":"https:\/\/techstore.ba\/shop\/wp-json\/wp\/v2\/types\/product"}],"wp:featuredmedia":[{"embeddable":true,"href":"https:\/\/techstore.ba\/shop\/wp-json\/wp\/v2\/media\/52314"}],"wp:attachment":[{"href":"https:\/\/techstore.ba\/shop\/wp-json\/wp\/v2\/media?parent=16905"}],"wp:term":[{"taxonomy":"product_cat","embeddable":true,"href":"https:\/\/techstore.ba\/shop\/wp-json\/wp\/v2\/product_cat?post=16905"},{"taxonomy":"product_tag","embeddable":true,"href":"https:\/\/techstore.ba\/shop\/wp-json\/wp\/v2\/product_tag?post=16905"}],"curies":[{"name":"wp","href":"https:\/\/api.w.org\/{rel}","templated":true}]}}