{"id":16897,"date":"2026-02-01T16:02:31","date_gmt":"2026-02-01T15:02:31","guid":{"rendered":"https:\/\/techstore.ba\/shop\/product\/genius-m715-rbg-opticki-mis-usb-zicani-crni\/"},"modified":"2026-04-04T11:18:35","modified_gmt":"2026-04-04T09:18:35","slug":"genius-m715-rbg-opticki-mis-usb-zicani-crni","status":"publish","type":"product","link":"https:\/\/techstore.ba\/shop\/product\/genius-m715-rbg-opticki-mis-usb-zicani-crni\/","title":{"rendered":"Genius M715 RBG opti\u010dki mi\u0161 , USB \u017ei\u010dani, crni"},"content":{"rendered":"","protected":false},"excerpt":{"rendered":"<p>Genius M715 mi\u0161, opti\u010dki, USB, du\u017eina kabla 1.8m, 6 tipko, RGB osvjetljenje, 800-7200 DPI opti\u010dki senzor<\/p>\n","protected":false},"featured_media":52318,"template":"","meta":[],"product_cat":[595,378],"product_tag":[],"class_list":{"0":"post-16897","1":"product","2":"type-product","3":"status-publish","4":"has-post-thumbnail","6":"product_cat-brend-genius","7":"product_cat-ct-misevi","8":"pa_brend-misevi","10":"first","11":"instock","12":"shipping-taxable","13":"purchasable","14":"product-type-simple"},"_links":{"self":[{"href":"https:\/\/techstore.ba\/shop\/wp-json\/wp\/v2\/product\/16897","targetHints":{"allow":["GET"]}}],"collection":[{"href":"https:\/\/techstore.ba\/shop\/wp-json\/wp\/v2\/product"}],"about":[{"href":"https:\/\/techstore.ba\/shop\/wp-json\/wp\/v2\/types\/product"}],"wp:featuredmedia":[{"embeddable":true,"href":"https:\/\/techstore.ba\/shop\/wp-json\/wp\/v2\/media\/52318"}],"wp:attachment":[{"href":"https:\/\/techstore.ba\/shop\/wp-json\/wp\/v2\/media?parent=16897"}],"wp:term":[{"taxonomy":"product_cat","embeddable":true,"href":"https:\/\/techstore.ba\/shop\/wp-json\/wp\/v2\/product_cat?post=16897"},{"taxonomy":"product_tag","embeddable":true,"href":"https:\/\/techstore.ba\/shop\/wp-json\/wp\/v2\/product_tag?post=16897"}],"curies":[{"name":"wp","href":"https:\/\/api.w.org\/{rel}","templated":true}]}}