{"id":16895,"date":"2026-02-01T16:02:31","date_gmt":"2026-02-01T15:02:31","guid":{"rendered":"https:\/\/techstore.ba\/shop\/product\/genius-mis-dx-110-usb-crni-1-000-dpi-usb-veza3-tipke-1-5-m-kabal\/"},"modified":"2026-04-04T11:18:35","modified_gmt":"2026-04-04T09:18:35","slug":"genius-mis-dx-110-usb-crni-1-000-dpi-usb-veza3-tipke-1-5-m-kabal","status":"publish","type":"product","link":"https:\/\/techstore.ba\/shop\/product\/genius-mis-dx-110-usb-crni-1-000-dpi-usb-veza3-tipke-1-5-m-kabal\/","title":{"rendered":"Genius mi\u0161 DX-110 USB crni 1.000 DPI, USB veza,3 tipke, 1.5 m kabal"},"content":{"rendered":"<h3>Specifikacije<\/h3>\n<table style=\"border-collapse:collapse;width:100%;\">\n<tr>\n<th style=\"text-align:left;padding:6px 10px;border:1px solid #eee;\">CABLE_MOUSE<\/th>\n<td style=\"padding:6px 10px;border:1px solid #eee;\">1,5m<\/td>\n<\/tr>\n<tr>\n<th style=\"text-align:left;padding:6px 10px;border:1px solid #eee;\">CONN_MOUSE<\/th>\n<td style=\"padding:6px 10px;border:1px solid #eee;\">\u017di\u010dni<\/td>\n<\/tr>\n<tr>\n<th style=\"text-align:left;padding:6px 10px;border:1px solid #eee;\">DPI_MOUSE<\/th>\n<td style=\"padding:6px 10px;border:1px solid #eee;\">1200<\/td>\n<\/tr>\n<tr>\n<th style=\"text-align:left;padding:6px 10px;border:1px solid #eee;\">NOBUTT_MOUSE<\/th>\n<td style=\"padding:6px 10px;border:1px solid #eee;\">3<\/td>\n<\/tr>\n<tr>\n<th style=\"text-align:left;padding:6px 10px;border:1px solid #eee;\">TYPESEN_MOUSE<\/th>\n<td style=\"padding:6px 10px;border:1px solid #eee;\">Opti\u010dki<\/td>\n<\/tr>\n<\/table>\n","protected":false},"excerpt":{"rendered":"<p>Genius mi\u0161 DX-110 USB, crni, \u017ei\u010dna USB veza, 1.000 DPI, opti\u010dki senzor,3 tipke, dizajnom prilago\u0111en za obje ruke, du\u017eina kabla 1.5 m<\/p>\n","protected":false},"featured_media":27363,"template":"","meta":[],"product_cat":[595,378],"product_tag":[],"class_list":{"0":"post-16895","1":"product","2":"type-product","3":"status-publish","4":"has-post-thumbnail","6":"product_cat-brend-genius","7":"product_cat-ct-misevi","8":"pa_brend-misevi","10":"first","11":"outofstock","12":"shipping-taxable","13":"purchasable","14":"product-type-simple"},"_links":{"self":[{"href":"https:\/\/techstore.ba\/shop\/wp-json\/wp\/v2\/product\/16895","targetHints":{"allow":["GET"]}}],"collection":[{"href":"https:\/\/techstore.ba\/shop\/wp-json\/wp\/v2\/product"}],"about":[{"href":"https:\/\/techstore.ba\/shop\/wp-json\/wp\/v2\/types\/product"}],"wp:featuredmedia":[{"embeddable":true,"href":"https:\/\/techstore.ba\/shop\/wp-json\/wp\/v2\/media\/27363"}],"wp:attachment":[{"href":"https:\/\/techstore.ba\/shop\/wp-json\/wp\/v2\/media?parent=16895"}],"wp:term":[{"taxonomy":"product_cat","embeddable":true,"href":"https:\/\/techstore.ba\/shop\/wp-json\/wp\/v2\/product_cat?post=16895"},{"taxonomy":"product_tag","embeddable":true,"href":"https:\/\/techstore.ba\/shop\/wp-json\/wp\/v2\/product_tag?post=16895"}],"curies":[{"name":"wp","href":"https:\/\/api.w.org\/{rel}","templated":true}]}}