{"id":16891,"date":"2026-02-01T16:02:31","date_gmt":"2026-02-01T15:02:31","guid":{"rendered":"https:\/\/techstore.ba\/shop\/product\/genius-mis-dx-123-usbopticki-1200-dpi-3-tipke-crno-sivi\/"},"modified":"2026-04-04T11:18:35","modified_gmt":"2026-04-04T09:18:35","slug":"genius-mis-dx-123-usbopticki-1200-dpi-3-tipke-crno-sivi","status":"publish","type":"product","link":"https:\/\/techstore.ba\/shop\/product\/genius-mis-dx-123-usbopticki-1200-dpi-3-tipke-crno-sivi\/","title":{"rendered":"Genius mi\u0161 DX-123, USB,opti\u010dki, 1200 dpi, 3 tipke, crno-sivi"},"content":{"rendered":"","protected":false},"excerpt":{"rendered":"<p>Genius mi\u0161 DX-123, \u017ei\u010dani, USB-A, USB-C, opti\u010dki, 1200 dpi, 3 tipke, crno-sivi<\/p>\n","protected":false},"featured_media":27356,"template":"","meta":[],"product_cat":[595,378],"product_tag":[],"class_list":{"0":"post-16891","1":"product","2":"type-product","3":"status-publish","4":"has-post-thumbnail","6":"product_cat-brend-genius","7":"product_cat-ct-misevi","8":"pa_brend-misevi","10":"first","11":"outofstock","12":"shipping-taxable","13":"purchasable","14":"product-type-simple"},"_links":{"self":[{"href":"https:\/\/techstore.ba\/shop\/wp-json\/wp\/v2\/product\/16891","targetHints":{"allow":["GET"]}}],"collection":[{"href":"https:\/\/techstore.ba\/shop\/wp-json\/wp\/v2\/product"}],"about":[{"href":"https:\/\/techstore.ba\/shop\/wp-json\/wp\/v2\/types\/product"}],"wp:featuredmedia":[{"embeddable":true,"href":"https:\/\/techstore.ba\/shop\/wp-json\/wp\/v2\/media\/27356"}],"wp:attachment":[{"href":"https:\/\/techstore.ba\/shop\/wp-json\/wp\/v2\/media?parent=16891"}],"wp:term":[{"taxonomy":"product_cat","embeddable":true,"href":"https:\/\/techstore.ba\/shop\/wp-json\/wp\/v2\/product_cat?post=16891"},{"taxonomy":"product_tag","embeddable":true,"href":"https:\/\/techstore.ba\/shop\/wp-json\/wp\/v2\/product_tag?post=16891"}],"curies":[{"name":"wp","href":"https:\/\/api.w.org\/{rel}","templated":true}]}}