{"id":16887,"date":"2026-02-01T16:02:31","date_gmt":"2026-02-01T15:02:31","guid":{"rendered":"https:\/\/techstore.ba\/shop\/product\/asus-rog-gladius-iii-core-gaming-mis-zicani-crni\/"},"modified":"2026-04-04T11:18:35","modified_gmt":"2026-04-04T09:18:35","slug":"asus-rog-gladius-iii-core-gaming-mis-zicani-crni","status":"publish","type":"product","link":"https:\/\/techstore.ba\/shop\/product\/asus-rog-gladius-iii-core-gaming-mis-zicani-crni\/","title":{"rendered":"Asus ROG GLADIUS III CORE, gaming mi\u0161, \u017ei\u010dani, crni"},"content":{"rendered":"","protected":false},"excerpt":{"rendered":"<p>Asus ROG GLADIUS III CORE, gaming mi\u0161, \u017ei\u010dani, crni, 12000 DPI, Gladius oblik i dvije RGB zone, tezina 72g, ROG Micro Switch II, opti\u010dki senzor<\/p>\n","protected":false},"featured_media":52315,"template":"","meta":[],"product_cat":[582,1016,1015,378],"product_tag":[],"class_list":{"0":"post-16887","1":"product","2":"type-product","3":"status-publish","4":"has-post-thumbnail","6":"product_cat-brend-asus","7":"product_cat-gaming-misevi","8":"product_cat-gaming-periferija","9":"product_cat-ct-misevi","10":"pa_brend-misevi","12":"first","13":"instock","14":"shipping-taxable","15":"purchasable","16":"product-type-simple"},"_links":{"self":[{"href":"https:\/\/techstore.ba\/shop\/wp-json\/wp\/v2\/product\/16887","targetHints":{"allow":["GET"]}}],"collection":[{"href":"https:\/\/techstore.ba\/shop\/wp-json\/wp\/v2\/product"}],"about":[{"href":"https:\/\/techstore.ba\/shop\/wp-json\/wp\/v2\/types\/product"}],"wp:featuredmedia":[{"embeddable":true,"href":"https:\/\/techstore.ba\/shop\/wp-json\/wp\/v2\/media\/52315"}],"wp:attachment":[{"href":"https:\/\/techstore.ba\/shop\/wp-json\/wp\/v2\/media?parent=16887"}],"wp:term":[{"taxonomy":"product_cat","embeddable":true,"href":"https:\/\/techstore.ba\/shop\/wp-json\/wp\/v2\/product_cat?post=16887"},{"taxonomy":"product_tag","embeddable":true,"href":"https:\/\/techstore.ba\/shop\/wp-json\/wp\/v2\/product_tag?post=16887"}],"curies":[{"name":"wp","href":"https:\/\/api.w.org\/{rel}","templated":true}]}}