{"id":16883,"date":"2026-02-01T16:02:31","date_gmt":"2026-02-01T15:02:31","guid":{"rendered":"https:\/\/techstore.ba\/shop\/product\/tuf-gaming-p1-podloga-za-mis\/"},"modified":"2026-04-04T11:18:35","modified_gmt":"2026-04-04T09:18:35","slug":"tuf-gaming-p1-podloga-za-mis","status":"publish","type":"product","link":"https:\/\/techstore.ba\/shop\/product\/tuf-gaming-p1-podloga-za-mis\/","title":{"rendered":"TUF Gaming P1  podloga za mi\u0161"},"content":{"rendered":"","protected":false},"excerpt":{"rendered":"<p>TUG Gaming P1 premium podloga za mi\u0161. Dimenzije 360&#215;260 mm. Glatka povr\u0161ina optimizirana za gaming, preciznu i fast responsive upotrebu. Non-slip gumirana baza, vodootporna povr\u0161ina.<\/p>\n","protected":false},"featured_media":27331,"template":"","meta":[],"product_cat":[582,378],"product_tag":[],"class_list":{"0":"post-16883","1":"product","2":"type-product","3":"status-publish","4":"has-post-thumbnail","6":"product_cat-brend-asus","7":"product_cat-ct-misevi","8":"pa_brend-misevi","10":"first","11":"outofstock","12":"shipping-taxable","13":"purchasable","14":"product-type-simple"},"_links":{"self":[{"href":"https:\/\/techstore.ba\/shop\/wp-json\/wp\/v2\/product\/16883","targetHints":{"allow":["GET"]}}],"collection":[{"href":"https:\/\/techstore.ba\/shop\/wp-json\/wp\/v2\/product"}],"about":[{"href":"https:\/\/techstore.ba\/shop\/wp-json\/wp\/v2\/types\/product"}],"wp:featuredmedia":[{"embeddable":true,"href":"https:\/\/techstore.ba\/shop\/wp-json\/wp\/v2\/media\/27331"}],"wp:attachment":[{"href":"https:\/\/techstore.ba\/shop\/wp-json\/wp\/v2\/media?parent=16883"}],"wp:term":[{"taxonomy":"product_cat","embeddable":true,"href":"https:\/\/techstore.ba\/shop\/wp-json\/wp\/v2\/product_cat?post=16883"},{"taxonomy":"product_tag","embeddable":true,"href":"https:\/\/techstore.ba\/shop\/wp-json\/wp\/v2\/product_tag?post=16883"}],"curies":[{"name":"wp","href":"https:\/\/api.w.org\/{rel}","templated":true}]}}