{"id":16875,"date":"2026-02-01T16:02:13","date_gmt":"2026-02-01T15:02:13","guid":{"rendered":"https:\/\/techstore.ba\/shop\/product\/tesla-mikser-s-posud-mx505wxb500-w-5-brzina-turbo-3-lit-samorotirajuca-posuda-sa-poklopcem\/"},"modified":"2026-03-03T01:58:32","modified_gmt":"2026-03-03T00:58:32","slug":"tesla-mikser-s-posud-mx505wxb500-w-5-brzina-turbo-3-lit-samorotirajuca-posuda-sa-poklopcem","status":"publish","type":"product","link":"https:\/\/techstore.ba\/shop\/product\/tesla-mikser-s-posud-mx505wxb500-w-5-brzina-turbo-3-lit-samorotirajuca-posuda-sa-poklopcem\/","title":{"rendered":"TESLA Mikser s posud. MX505WXB500 W; 5 brzina + turbo; 3 lit; samorotiraju\u0107a posuda sa poklopcem"},"content":{"rendered":"","protected":false},"excerpt":{"rendered":"<p>TESLA Mikser s posudom MX505WXB; Snaga motora: 500 W; 5 brzina s turbo funkcijom; Kapacitet: 2,5L u\u010dinkovito, 3,2L Max; Dugme za izbacivanje za otpu\u0161tanje dodataka; S kromiranim mje\u0161alicama i kukama; Sa samorotiraju\u0107om posudom; Sa poklopcem posude<\/p>\n","protected":false},"featured_media":27325,"template":"","meta":[],"product_cat":[803,845,15],"product_tag":[],"class_list":{"0":"post-16875","1":"product","2":"type-product","3":"status-publish","4":"has-post-thumbnail","6":"product_cat-ct-mikseri","7":"product_cat-brend-tesla","8":"product_cat-uncategorized","9":"pa_brend-mikseri","11":"first","12":"instock","13":"shipping-taxable","14":"purchasable","15":"product-type-simple"},"_links":{"self":[{"href":"https:\/\/techstore.ba\/shop\/wp-json\/wp\/v2\/product\/16875","targetHints":{"allow":["GET"]}}],"collection":[{"href":"https:\/\/techstore.ba\/shop\/wp-json\/wp\/v2\/product"}],"about":[{"href":"https:\/\/techstore.ba\/shop\/wp-json\/wp\/v2\/types\/product"}],"wp:featuredmedia":[{"embeddable":true,"href":"https:\/\/techstore.ba\/shop\/wp-json\/wp\/v2\/media\/27325"}],"wp:attachment":[{"href":"https:\/\/techstore.ba\/shop\/wp-json\/wp\/v2\/media?parent=16875"}],"wp:term":[{"taxonomy":"product_cat","embeddable":true,"href":"https:\/\/techstore.ba\/shop\/wp-json\/wp\/v2\/product_cat?post=16875"},{"taxonomy":"product_tag","embeddable":true,"href":"https:\/\/techstore.ba\/shop\/wp-json\/wp\/v2\/product_tag?post=16875"}],"curies":[{"name":"wp","href":"https:\/\/api.w.org\/{rel}","templated":true}]}}