{"id":16873,"date":"2026-02-01T16:02:12","date_gmt":"2026-02-01T15:02:12","guid":{"rendered":"https:\/\/techstore.ba\/shop\/product\/tefal-kuhinjski-robot-800w\/"},"modified":"2026-03-03T01:58:32","modified_gmt":"2026-03-03T00:58:32","slug":"tefal-kuhinjski-robot-800w","status":"publish","type":"product","link":"https:\/\/techstore.ba\/shop\/product\/tefal-kuhinjski-robot-800w\/","title":{"rendered":"Tefal kuhinjski robot 800W"},"content":{"rendered":"<h3>Specifikacije<\/h3>\n<table style=\"border-collapse:collapse;width:100%;\">\n<tr>\n<th style=\"text-align:left;padding:6px 10px;border:1px solid #eee;\">POWER_KITCHAPP<\/th>\n<td style=\"padding:6px 10px;border:1px solid #eee;\">800 W<\/td>\n<\/tr>\n<tr>\n<th style=\"text-align:left;padding:6px 10px;border:1px solid #eee;\">TYPE_KITCHAPP<\/th>\n<td style=\"padding:6px 10px;border:1px solid #eee;\">Multipraktik<\/td>\n<\/tr>\n<\/table>\n","protected":false},"excerpt":{"rendered":"<p>Bake Essential  kuhinjski robot visokih performansi,  savr\u0161eno mije\u0161anje u velikoj posudi od nehr\u0111aju\u0107eg \u010delika od 4,8 L,  800 W snage, Bake Essential Rise kuhinjski robot, mutilice, mje\u0161alica, kuka za tijesto, plasti\u010dni poklopac<\/p>\n","protected":false},"featured_media":27316,"template":"","meta":[],"product_cat":[803,844,15],"product_tag":[],"class_list":{"0":"post-16873","1":"product","2":"type-product","3":"status-publish","4":"has-post-thumbnail","6":"product_cat-ct-mikseri","7":"product_cat-brend-tefal","8":"product_cat-uncategorized","9":"pa_brend-mikseri","11":"first","12":"instock","13":"shipping-taxable","14":"purchasable","15":"product-type-simple"},"_links":{"self":[{"href":"https:\/\/techstore.ba\/shop\/wp-json\/wp\/v2\/product\/16873","targetHints":{"allow":["GET"]}}],"collection":[{"href":"https:\/\/techstore.ba\/shop\/wp-json\/wp\/v2\/product"}],"about":[{"href":"https:\/\/techstore.ba\/shop\/wp-json\/wp\/v2\/types\/product"}],"wp:featuredmedia":[{"embeddable":true,"href":"https:\/\/techstore.ba\/shop\/wp-json\/wp\/v2\/media\/27316"}],"wp:attachment":[{"href":"https:\/\/techstore.ba\/shop\/wp-json\/wp\/v2\/media?parent=16873"}],"wp:term":[{"taxonomy":"product_cat","embeddable":true,"href":"https:\/\/techstore.ba\/shop\/wp-json\/wp\/v2\/product_cat?post=16873"},{"taxonomy":"product_tag","embeddable":true,"href":"https:\/\/techstore.ba\/shop\/wp-json\/wp\/v2\/product_tag?post=16873"}],"curies":[{"name":"wp","href":"https:\/\/api.w.org\/{rel}","templated":true}]}}