{"id":16867,"date":"2026-02-01T16:02:12","date_gmt":"2026-02-01T15:02:12","guid":{"rendered":"https:\/\/techstore.ba\/shop\/product\/bosch-stapni-mikser-serie-6-1200w-ergomaster-inoxnew-product\/"},"modified":"2026-04-04T11:18:06","modified_gmt":"2026-04-04T09:18:06","slug":"bosch-stapni-mikser-serie-6-1200w-ergomaster-inoxnew-product","status":"publish","type":"product","link":"https:\/\/techstore.ba\/shop\/product\/bosch-stapni-mikser-serie-6-1200w-ergomaster-inoxnew-product\/","title":{"rendered":"BOSCH \u0161tapni mikser Serie 6|, 1200W, ErgoMaster, INOXNEW Product"},"content":{"rendered":"","protected":false},"excerpt":{"rendered":"<p>BOSCH \u0160tapni mikser MSM6M8X1 Serie 6| 1200W, 1 x Lon\u010di\u0107 za mije\u0161anje sa skalom za mjerenj, 1 x Noga za mije\u0161anje, nehr\u0111aju\u0107i \u010delik, 1 x Metlica za stepanje, 1 x Univerzalna sjeckalica, 1 x Plasti\u010dni nastavak za tijesto, 1 x Plo\u010da za rezanje kocki<\/p>\n","protected":false},"featured_media":27278,"template":"","meta":[],"product_cat":[843,803,15],"product_tag":[],"class_list":{"0":"post-16867","1":"product","2":"type-product","3":"status-publish","4":"has-post-thumbnail","6":"product_cat-brend-bosch","7":"product_cat-ct-mikseri","8":"product_cat-uncategorized","9":"pa_brend-bosch","11":"first","12":"instock","13":"shipping-taxable","14":"purchasable","15":"product-type-simple"},"_links":{"self":[{"href":"https:\/\/techstore.ba\/shop\/wp-json\/wp\/v2\/product\/16867","targetHints":{"allow":["GET"]}}],"collection":[{"href":"https:\/\/techstore.ba\/shop\/wp-json\/wp\/v2\/product"}],"about":[{"href":"https:\/\/techstore.ba\/shop\/wp-json\/wp\/v2\/types\/product"}],"wp:featuredmedia":[{"embeddable":true,"href":"https:\/\/techstore.ba\/shop\/wp-json\/wp\/v2\/media\/27278"}],"wp:attachment":[{"href":"https:\/\/techstore.ba\/shop\/wp-json\/wp\/v2\/media?parent=16867"}],"wp:term":[{"taxonomy":"product_cat","embeddable":true,"href":"https:\/\/techstore.ba\/shop\/wp-json\/wp\/v2\/product_cat?post=16867"},{"taxonomy":"product_tag","embeddable":true,"href":"https:\/\/techstore.ba\/shop\/wp-json\/wp\/v2\/product_tag?post=16867"}],"curies":[{"name":"wp","href":"https:\/\/api.w.org\/{rel}","templated":true}]}}