{"id":16861,"date":"2026-02-01T15:02:12","date_gmt":"2026-02-01T15:02:12","guid":{"rendered":"https:\/\/techstore.ba\/shop\/product\/bosch-stapni-mixer-400-w-mjerna-posuda-sjeckalica-plasticna-noga-sl\/"},"modified":"2026-04-04T11:18:06","modified_gmt":"2026-04-04T09:18:06","slug":"bosch-stapni-mixer-400-w-mjerna-posuda-sjeckalica-plasticna-noga-sl","status":"publish","type":"product","link":"https:\/\/techstore.ba\/shop\/product\/bosch-stapni-mixer-400-w-mjerna-posuda-sjeckalica-plasticna-noga-sl\/","title":{"rendered":"BOSCH \u0161tapni mixer 400 W, Mjerna posuda, Sjeckalica, Plasti\u010dna noga, SL"},"content":{"rendered":"<h3>Specifikacije<\/h3>\n<table style=\"border-collapse:collapse;width:100%\">\n<tr>\n<th style=\"text-align:left;padding:6px 10px;border:1px solid #eee\">FUNCTION_KITCHAPP<\/th>\n<td style=\"padding:6px 10px;border:1px solid #eee\">Univerzalna seckalica i providni lon\u010di\u0107 za me\u0161anje sa skalom za merenje.<\/td>\n<\/tr>\n<tr>\n<th style=\"text-align:left;padding:6px 10px;border:1px solid #eee\">POWER_KITCHAPP<\/th>\n<td style=\"padding:6px 10px;border:1px solid #eee\">400 W<\/td>\n<\/tr>\n<tr>\n<th style=\"text-align:left;padding:6px 10px;border:1px solid #eee\">SPEED_KITCHAPP<\/th>\n<td style=\"padding:6px 10px;border:1px solid #eee\">1<\/td>\n<\/tr>\n<tr>\n<th style=\"text-align:left;padding:6px 10px;border:1px solid #eee\">TYPE_KITCHAPP<\/th>\n<td style=\"padding:6px 10px;border:1px solid #eee\">Stapni mikser<\/td>\n<\/tr>\n<\/table>\n","protected":false},"excerpt":{"rendered":"<p>BOSCH \u0161tapni mixer MSM14200 CleverMixx; Boja: BIJELA\/CRVENA;  400W;  QuattroBlade: 4 krila; Noga za mije\u0161anje: PLASTIC;  Univerzalna sjeckalica; Prakti\u010dna posuda za mije\u0161anje\/mjerenje;BPA Safe; Ergonomska ru\u010dka, SL<\/p>\n","protected":false},"featured_media":25836,"template":"","meta":[],"product_cat":[843,803,15],"product_tag":[],"class_list":{"0":"post-16861","1":"product","2":"type-product","3":"status-publish","4":"has-post-thumbnail","6":"product_cat-brend-bosch","7":"product_cat-ct-mikseri","8":"product_cat-uncategorized","9":"pa_brend-bosch","11":"first","12":"instock","13":"shipping-taxable","14":"purchasable","15":"product-type-simple"},"_links":{"self":[{"href":"https:\/\/techstore.ba\/shop\/wp-json\/wp\/v2\/product\/16861","targetHints":{"allow":["GET"]}}],"collection":[{"href":"https:\/\/techstore.ba\/shop\/wp-json\/wp\/v2\/product"}],"about":[{"href":"https:\/\/techstore.ba\/shop\/wp-json\/wp\/v2\/types\/product"}],"wp:featuredmedia":[{"embeddable":true,"href":"https:\/\/techstore.ba\/shop\/wp-json\/wp\/v2\/media\/25836"}],"wp:attachment":[{"href":"https:\/\/techstore.ba\/shop\/wp-json\/wp\/v2\/media?parent=16861"}],"wp:term":[{"taxonomy":"product_cat","embeddable":true,"href":"https:\/\/techstore.ba\/shop\/wp-json\/wp\/v2\/product_cat?post=16861"},{"taxonomy":"product_tag","embeddable":true,"href":"https:\/\/techstore.ba\/shop\/wp-json\/wp\/v2\/product_tag?post=16861"}],"curies":[{"name":"wp","href":"https:\/\/api.w.org\/{rel}","templated":true}]}}