{"id":16859,"date":"2026-02-01T15:02:12","date_gmt":"2026-02-01T15:02:12","guid":{"rendered":"https:\/\/techstore.ba\/shop\/product\/bosch-stapni-mixer-msm14100s-posudom-400wm-bijeladeep-red\/"},"modified":"2026-04-04T11:18:06","modified_gmt":"2026-04-04T09:18:06","slug":"bosch-stapni-mixer-msm14100s-posudom-400wm-bijeladeep-red","status":"publish","type":"product","link":"https:\/\/techstore.ba\/shop\/product\/bosch-stapni-mixer-msm14100s-posudom-400wm-bijeladeep-red\/","title":{"rendered":"BOSCH stapni mixer MSM14100s posudom; 400wM Bijeladeep red"},"content":{"rendered":"<h3>Specifikacije<\/h3>\n<table style=\"border-collapse:collapse;width:100%\">\n<tr>\n<th style=\"text-align:left;padding:6px 10px;border:1px solid #eee\">FUNCTION_KITCHAPP<\/th>\n<td style=\"padding:6px 10px;border:1px solid #eee\">Providni lon\u010di\u0107 za me\u0161anje sa skalom za merenje.<\/td>\n<\/tr>\n<tr>\n<th style=\"text-align:left;padding:6px 10px;border:1px solid #eee\">SPEED_KITCHAPP<\/th>\n<td style=\"padding:6px 10px;border:1px solid #eee\">1<\/td>\n<\/tr>\n<tr>\n<th style=\"text-align:left;padding:6px 10px;border:1px solid #eee\">POWER_KITCHAPP<\/th>\n<td style=\"padding:6px 10px;border:1px solid #eee\">400 W<\/td>\n<\/tr>\n<tr>\n<th style=\"text-align:left;padding:6px 10px;border:1px solid #eee\">TYPE_KITCHAPP<\/th>\n<td style=\"padding:6px 10px;border:1px solid #eee\">Stapni mikser<\/td>\n<\/tr>\n<\/table>\n","protected":false},"excerpt":{"rendered":"<p>BOSCH stapni mixer MSM14100 s posudom; 400w  Bijela Deep red<\/p>\n","protected":false},"featured_media":25834,"template":"","meta":[],"product_cat":[843,803,15],"product_tag":[],"class_list":{"0":"post-16859","1":"product","2":"type-product","3":"status-publish","4":"has-post-thumbnail","6":"product_cat-brend-bosch","7":"product_cat-ct-mikseri","8":"product_cat-uncategorized","9":"pa_brend-bosch","11":"first","12":"outofstock","13":"shipping-taxable","14":"purchasable","15":"product-type-simple"},"_links":{"self":[{"href":"https:\/\/techstore.ba\/shop\/wp-json\/wp\/v2\/product\/16859","targetHints":{"allow":["GET"]}}],"collection":[{"href":"https:\/\/techstore.ba\/shop\/wp-json\/wp\/v2\/product"}],"about":[{"href":"https:\/\/techstore.ba\/shop\/wp-json\/wp\/v2\/types\/product"}],"wp:featuredmedia":[{"embeddable":true,"href":"https:\/\/techstore.ba\/shop\/wp-json\/wp\/v2\/media\/25834"}],"wp:attachment":[{"href":"https:\/\/techstore.ba\/shop\/wp-json\/wp\/v2\/media?parent=16859"}],"wp:term":[{"taxonomy":"product_cat","embeddable":true,"href":"https:\/\/techstore.ba\/shop\/wp-json\/wp\/v2\/product_cat?post=16859"},{"taxonomy":"product_tag","embeddable":true,"href":"https:\/\/techstore.ba\/shop\/wp-json\/wp\/v2\/product_tag?post=16859"}],"curies":[{"name":"wp","href":"https:\/\/api.w.org\/{rel}","templated":true}]}}