{"id":16857,"date":"2026-02-01T15:02:12","date_gmt":"2026-02-01T15:02:12","guid":{"rendered":"https:\/\/techstore.ba\/shop\/product\/bosch-rucni-mikser-bijeli-500w-5-brzina-turbo-sl\/"},"modified":"2026-04-04T11:18:06","modified_gmt":"2026-04-04T09:18:06","slug":"bosch-rucni-mikser-bijeli-500w-5-brzina-turbo-sl","status":"publish","type":"product","link":"https:\/\/techstore.ba\/shop\/product\/bosch-rucni-mikser-bijeli-500w-5-brzina-turbo-sl\/","title":{"rendered":"BOSCH Ru\u010dni mikser Bijeli 500W, 5 Brzina + Turbo SL"},"content":{"rendered":"<h3>Specifikacije<\/h3>\n<table style=\"border-collapse:collapse;width:100%\">\n<tr>\n<th style=\"text-align:left;padding:6px 10px;border:1px solid #eee\">POWER_KITCHAPP<\/th>\n<td style=\"padding:6px 10px;border:1px solid #eee\">500 W<\/td>\n<\/tr>\n<tr>\n<th style=\"text-align:left;padding:6px 10px;border:1px solid #eee\">SPEED_KITCHAPP<\/th>\n<td style=\"padding:6px 10px;border:1px solid #eee\">5 + TURBO<\/td>\n<\/tr>\n<tr>\n<th style=\"text-align:left;padding:6px 10px;border:1px solid #eee\">TYPE_KITCHAPP<\/th>\n<td style=\"padding:6px 10px;border:1px solid #eee\">Ru\u010dni<\/td>\n<\/tr>\n<\/table>\n","protected":false},"excerpt":{"rendered":"<p>Bosch Ru\u010dni mikser MFQ4030S; 500 W &#8211; jak, tih i lagan; &#8220;soft touch&#8221; ru\u010dka; 5 brzina + turbo; Odvojena tipka za izbacivanje metlica; Fine-Creamer metlice; 2 stabilne metlice za gnje\u010denje; Priklju\u010dak za nogu od \u0161tapnog miksera; Boja: bijela\/srebrena<\/p>\n","protected":false},"featured_media":25828,"template":"","meta":[],"product_cat":[843,803,15],"product_tag":[],"class_list":{"0":"post-16857","1":"product","2":"type-product","3":"status-publish","4":"has-post-thumbnail","6":"product_cat-brend-bosch","7":"product_cat-ct-mikseri","8":"product_cat-uncategorized","9":"pa_brend-bosch","11":"first","12":"outofstock","13":"shipping-taxable","14":"purchasable","15":"product-type-simple"},"_links":{"self":[{"href":"https:\/\/techstore.ba\/shop\/wp-json\/wp\/v2\/product\/16857","targetHints":{"allow":["GET"]}}],"collection":[{"href":"https:\/\/techstore.ba\/shop\/wp-json\/wp\/v2\/product"}],"about":[{"href":"https:\/\/techstore.ba\/shop\/wp-json\/wp\/v2\/types\/product"}],"wp:featuredmedia":[{"embeddable":true,"href":"https:\/\/techstore.ba\/shop\/wp-json\/wp\/v2\/media\/25828"}],"wp:attachment":[{"href":"https:\/\/techstore.ba\/shop\/wp-json\/wp\/v2\/media?parent=16857"}],"wp:term":[{"taxonomy":"product_cat","embeddable":true,"href":"https:\/\/techstore.ba\/shop\/wp-json\/wp\/v2\/product_cat?post=16857"},{"taxonomy":"product_tag","embeddable":true,"href":"https:\/\/techstore.ba\/shop\/wp-json\/wp\/v2\/product_tag?post=16857"}],"curies":[{"name":"wp","href":"https:\/\/api.w.org\/{rel}","templated":true}]}}