{"id":16657,"date":"2026-02-01T15:00:47","date_gmt":"2026-02-01T15:00:47","guid":{"rendered":"https:\/\/techstore.ba\/shop\/product\/tesla-kuhinjska-vaga-ks100blkapacite-5-kg-2xaaa-baterija-jedinica-g-fl-oz-oz-ml-lb\/"},"modified":"2026-04-04T11:16:02","modified_gmt":"2026-04-04T09:16:02","slug":"tesla-kuhinjska-vaga-ks100blkapacite-5-kg-2xaaa-baterija-jedinica-g-fl-oz-oz-ml-lb","status":"publish","type":"product","link":"https:\/\/techstore.ba\/shop\/product\/tesla-kuhinjska-vaga-ks100blkapacite-5-kg-2xaaa-baterija-jedinica-g-fl-oz-oz-ml-lb\/","title":{"rendered":"TESLA Kuhinjska vaga KS100BLKapacite 5 kg; 2XAAA baterija; Jedinica: g\/fl.oz\/oz\/ml\/lb"},"content":{"rendered":"","protected":false},"excerpt":{"rendered":"<p>TESLA Kuhinjska vaga KS100BL; Kapacitet: 5 kg; Jedinica: g\/fl.oz\/oz\/ml\/lb; Veli\u010dina: 20&#215;14,5&#215;1,8 cm; Napajanje: 2XAAA baterija; Funkc. zaklju\u010davanja podataka; Funkc. automatskog isklju\u010divanja; Indikacija preoptere\u0107enja\/prazne baterije; Funkcija tare<\/p>\n","protected":false},"featured_media":49404,"template":"","meta":[],"product_cat":[680,845],"product_tag":[],"class_list":{"0":"post-16657","1":"product","2":"type-product","3":"status-publish","4":"has-post-thumbnail","6":"product_cat-ct-kuhvage","7":"product_cat-brend-tesla","8":"pa_brend-kuhinjske-vage","10":"first","11":"instock","12":"shipping-taxable","13":"purchasable","14":"product-type-simple"},"_links":{"self":[{"href":"https:\/\/techstore.ba\/shop\/wp-json\/wp\/v2\/product\/16657","targetHints":{"allow":["GET"]}}],"collection":[{"href":"https:\/\/techstore.ba\/shop\/wp-json\/wp\/v2\/product"}],"about":[{"href":"https:\/\/techstore.ba\/shop\/wp-json\/wp\/v2\/types\/product"}],"wp:featuredmedia":[{"embeddable":true,"href":"https:\/\/techstore.ba\/shop\/wp-json\/wp\/v2\/media\/49404"}],"wp:attachment":[{"href":"https:\/\/techstore.ba\/shop\/wp-json\/wp\/v2\/media?parent=16657"}],"wp:term":[{"taxonomy":"product_cat","embeddable":true,"href":"https:\/\/techstore.ba\/shop\/wp-json\/wp\/v2\/product_cat?post=16657"},{"taxonomy":"product_tag","embeddable":true,"href":"https:\/\/techstore.ba\/shop\/wp-json\/wp\/v2\/product_tag?post=16657"}],"curies":[{"name":"wp","href":"https:\/\/api.w.org\/{rel}","templated":true}]}}