{"id":16548,"date":"2026-02-01T14:59:42","date_gmt":"2026-02-01T14:59:42","guid":{"rendered":"https:\/\/techstore.ba\/shop\/product\/tesla-pok-klima-ttmyw-12chw-inverter-r290-bijela-35kw-wifi\/"},"modified":"2026-04-04T11:13:33","modified_gmt":"2026-04-04T09:13:33","slug":"tesla-pok-klima-ttmyw-12chw-inverter-r290-bijela-35kw-wifi","status":"publish","type":"product","link":"https:\/\/techstore.ba\/shop\/product\/tesla-pok-klima-ttmyw-12chw-inverter-r290-bijela-35kw-wifi\/","title":{"rendered":"TESLA pok. klima TTMYW-12CHW Inverter, R290, Bijela 3,5kW, WiFi"},"content":{"rendered":"","protected":false},"excerpt":{"rendered":"<p>kapacitet hla\u0111enja 3,5kW, kapacitet grijanja 3,2kW, ulazna snaga u re\u017eimu hla\u0111enja 1345W, ulazna snaga u re\u017eimu grijanja 1130W, SEER 2.6, SCOP 3.4, WiFi ugra\u0111en, rukavac za prozore u pakovanju, Garancija 3 Godine<\/p>\n","protected":false},"featured_media":46660,"template":"","meta":[],"product_cat":[801,845,15],"product_tag":[],"class_list":{"0":"post-16548","1":"product","2":"type-product","3":"status-publish","4":"has-post-thumbnail","6":"product_cat-ct-klimepor","7":"product_cat-brend-tesla","8":"product_cat-uncategorized","9":"pa_brend-klime-portabl","11":"first","12":"instock","13":"shipping-taxable","14":"purchasable","15":"product-type-simple"},"_links":{"self":[{"href":"https:\/\/techstore.ba\/shop\/wp-json\/wp\/v2\/product\/16548","targetHints":{"allow":["GET"]}}],"collection":[{"href":"https:\/\/techstore.ba\/shop\/wp-json\/wp\/v2\/product"}],"about":[{"href":"https:\/\/techstore.ba\/shop\/wp-json\/wp\/v2\/types\/product"}],"wp:featuredmedia":[{"embeddable":true,"href":"https:\/\/techstore.ba\/shop\/wp-json\/wp\/v2\/media\/46660"}],"wp:attachment":[{"href":"https:\/\/techstore.ba\/shop\/wp-json\/wp\/v2\/media?parent=16548"}],"wp:term":[{"taxonomy":"product_cat","embeddable":true,"href":"https:\/\/techstore.ba\/shop\/wp-json\/wp\/v2\/product_cat?post=16548"},{"taxonomy":"product_tag","embeddable":true,"href":"https:\/\/techstore.ba\/shop\/wp-json\/wp\/v2\/product_tag?post=16548"}],"curies":[{"name":"wp","href":"https:\/\/api.w.org\/{rel}","templated":true}]}}