{"id":16503,"date":"2026-02-01T14:59:17","date_gmt":"2026-02-01T14:59:17","guid":{"rendered":"https:\/\/techstore.ba\/shop\/product\/tesla-kuhalo-za-vodu-kt301bx2200-w-15-lit-inox-unutrsnjost-automatsko-iskljucivanje-kod-vrenja\/"},"modified":"2026-04-04T11:12:51","modified_gmt":"2026-04-04T09:12:51","slug":"tesla-kuhalo-za-vodu-kt301bx2200-w-15-lit-inox-unutrsnjost-automatsko-iskljucivanje-kod-vrenja","status":"publish","type":"product","link":"https:\/\/techstore.ba\/shop\/product\/tesla-kuhalo-za-vodu-kt301bx2200-w-15-lit-inox-unutrsnjost-automatsko-iskljucivanje-kod-vrenja\/","title":{"rendered":"TESLA kuhalo za vodu KT301BX2200 W; 1,5 lit; INOX unutr\u0161njost; Automatsko isklju\u010divanje kod vrenja"},"content":{"rendered":"<h3>Specifikacije<\/h3>\n<table style=\"border-collapse:collapse;width:100%\">\n<tr>\n<th style=\"text-align:left;padding:6px 10px;border:1px solid #eee\">CAPACITY_KETTLES<\/th>\n<td style=\"padding:6px 10px;border:1px solid #eee\">1500ml<\/td>\n<\/tr>\n<tr>\n<th style=\"text-align:left;padding:6px 10px;border:1px solid #eee\">POWER_KETTLES<\/th>\n<td style=\"padding:6px 10px;border:1px solid #eee\">2200W<\/td>\n<\/tr>\n<\/table>\n","protected":false},"excerpt":{"rendered":"<p>TESLA kuhalo za vodu KT301BX; Snaga:2200W; Kapacitet: 1,5 l; Kuhalo za vodu od nehr\u0111aju\u0107eg \u010delika s plasti\u010dnim omotom; Unutarnje INOX ku\u0107i\u0161te; Za\u0161tita od suhog kuhanja; Plasti\u010dni poklopac i plasti\u010dna baza; Automatsko isklju\u010divanje nakon vrenja<\/p>\n","protected":false},"featured_media":45158,"template":"","meta":[],"product_cat":[798,845,15],"product_tag":[],"class_list":{"0":"post-16503","1":"product","2":"type-product","3":"status-publish","4":"has-post-thumbnail","6":"product_cat-ct-ketleri","7":"product_cat-brend-tesla","8":"product_cat-uncategorized","9":"pa_brend-ketleri","11":"first","12":"outofstock","13":"shipping-taxable","14":"purchasable","15":"product-type-simple"},"_links":{"self":[{"href":"https:\/\/techstore.ba\/shop\/wp-json\/wp\/v2\/product\/16503","targetHints":{"allow":["GET"]}}],"collection":[{"href":"https:\/\/techstore.ba\/shop\/wp-json\/wp\/v2\/product"}],"about":[{"href":"https:\/\/techstore.ba\/shop\/wp-json\/wp\/v2\/types\/product"}],"wp:featuredmedia":[{"embeddable":true,"href":"https:\/\/techstore.ba\/shop\/wp-json\/wp\/v2\/media\/45158"}],"wp:attachment":[{"href":"https:\/\/techstore.ba\/shop\/wp-json\/wp\/v2\/media?parent=16503"}],"wp:term":[{"taxonomy":"product_cat","embeddable":true,"href":"https:\/\/techstore.ba\/shop\/wp-json\/wp\/v2\/product_cat?post=16503"},{"taxonomy":"product_tag","embeddable":true,"href":"https:\/\/techstore.ba\/shop\/wp-json\/wp\/v2\/product_tag?post=16503"}],"curies":[{"name":"wp","href":"https:\/\/api.w.org\/{rel}","templated":true}]}}