{"id":16501,"date":"2026-02-01T14:59:17","date_gmt":"2026-02-01T14:59:17","guid":{"rendered":"https:\/\/techstore.ba\/shop\/product\/tefal-kuhalo-za-vodu-1-5-l\/"},"modified":"2026-04-04T11:12:51","modified_gmt":"2026-04-04T09:12:51","slug":"tefal-kuhalo-za-vodu-1-5-l","status":"publish","type":"product","link":"https:\/\/techstore.ba\/shop\/product\/tefal-kuhalo-za-vodu-1-5-l\/","title":{"rendered":"Tefal kuhalo za vodu 1.5 l"},"content":{"rendered":"","protected":false},"excerpt":{"rendered":"<p>Tefal Delfini Plus kuhalo za vodu,KO150F30.crna boja,zapremina 1.5 L,2400 W, automatsko isklju\u010divanje, Skriveni grijja\u010d.Be\u017ei\u010dno kuhalo sa postoljem od 360 Odvojivi filter protiv kamenca.<\/p>\n","protected":false},"featured_media":45149,"template":"","meta":[],"product_cat":[798,844,15],"product_tag":[],"class_list":{"0":"post-16501","1":"product","2":"type-product","3":"status-publish","4":"has-post-thumbnail","6":"product_cat-ct-ketleri","7":"product_cat-brend-tefal","8":"product_cat-uncategorized","9":"pa_brend-ketleri","11":"first","12":"instock","13":"shipping-taxable","14":"purchasable","15":"product-type-simple"},"_links":{"self":[{"href":"https:\/\/techstore.ba\/shop\/wp-json\/wp\/v2\/product\/16501","targetHints":{"allow":["GET"]}}],"collection":[{"href":"https:\/\/techstore.ba\/shop\/wp-json\/wp\/v2\/product"}],"about":[{"href":"https:\/\/techstore.ba\/shop\/wp-json\/wp\/v2\/types\/product"}],"wp:featuredmedia":[{"embeddable":true,"href":"https:\/\/techstore.ba\/shop\/wp-json\/wp\/v2\/media\/45149"}],"wp:attachment":[{"href":"https:\/\/techstore.ba\/shop\/wp-json\/wp\/v2\/media?parent=16501"}],"wp:term":[{"taxonomy":"product_cat","embeddable":true,"href":"https:\/\/techstore.ba\/shop\/wp-json\/wp\/v2\/product_cat?post=16501"},{"taxonomy":"product_tag","embeddable":true,"href":"https:\/\/techstore.ba\/shop\/wp-json\/wp\/v2\/product_tag?post=16501"}],"curies":[{"name":"wp","href":"https:\/\/api.w.org\/{rel}","templated":true}]}}