{"id":16282,"date":"2026-02-01T14:56:33","date_gmt":"2026-02-01T14:56:33","guid":{"rendered":"https:\/\/techstore.ba\/shop\/product\/trust-gxt721-ruya-pro-premiumgaming-stolica\/"},"modified":"2026-04-04T11:04:55","modified_gmt":"2026-04-04T09:04:55","slug":"trust-gxt721-ruya-pro-premiumgaming-stolica","status":"publish","type":"product","link":"https:\/\/techstore.ba\/shop\/product\/trust-gxt721-ruya-pro-premiumgaming-stolica\/","title":{"rendered":"Trust GXT721 Ruya Pro Premiumgaming stolica"},"content":{"rendered":"","protected":false},"excerpt":{"rendered":"<p>Trust GXT721 Ruya Pro Premium gaming stolica, podr\u0161ka za le\u0111ni dio, nosivost do 150 kg, metalno postolje, ko\u017eno sjedi\u0161te, pjenom punjen jastuk za vrat i donji dio le\u0111a za potpunu ugodnost i dugotrajni gaming do\u017eivljaj.<\/p>\n","protected":false},"featured_media":37785,"template":"","meta":[],"product_cat":[337,553],"product_tag":[],"class_list":{"0":"post-16282","1":"product","2":"type-product","3":"status-publish","4":"has-post-thumbnail","6":"product_brand-trust","7":"product_cat-ct-gamstolica","8":"product_cat-brend-trust","9":"pa_brend-trust","11":"first","12":"instock","13":"shipping-taxable","14":"purchasable","15":"product-type-simple"},"_links":{"self":[{"href":"https:\/\/techstore.ba\/shop\/wp-json\/wp\/v2\/product\/16282","targetHints":{"allow":["GET"]}}],"collection":[{"href":"https:\/\/techstore.ba\/shop\/wp-json\/wp\/v2\/product"}],"about":[{"href":"https:\/\/techstore.ba\/shop\/wp-json\/wp\/v2\/types\/product"}],"wp:featuredmedia":[{"embeddable":true,"href":"https:\/\/techstore.ba\/shop\/wp-json\/wp\/v2\/media\/37785"}],"wp:attachment":[{"href":"https:\/\/techstore.ba\/shop\/wp-json\/wp\/v2\/media?parent=16282"}],"wp:term":[{"taxonomy":"product_cat","embeddable":true,"href":"https:\/\/techstore.ba\/shop\/wp-json\/wp\/v2\/product_cat?post=16282"},{"taxonomy":"product_tag","embeddable":true,"href":"https:\/\/techstore.ba\/shop\/wp-json\/wp\/v2\/product_tag?post=16282"}],"curies":[{"name":"wp","href":"https:\/\/api.w.org\/{rel}","templated":true}]}}