{"id":16270,"date":"2026-02-01T14:56:17","date_gmt":"2026-02-01T14:56:17","guid":{"rendered":"https:\/\/techstore.ba\/shop\/product\/tesla-frizider-rc3400fhxe-kombi-total-no-frost-v195cm-s60cm-d605cm\/"},"modified":"2026-04-04T11:04:28","modified_gmt":"2026-04-04T09:04:28","slug":"tesla-frizider-rc3400fhxe-kombi-total-no-frost-v195cm-s60cm-d605cm","status":"publish","type":"product","link":"https:\/\/techstore.ba\/shop\/product\/tesla-frizider-rc3400fhxe-kombi-total-no-frost-v195cm-s60cm-d605cm\/","title":{"rendered":"TESLA Fri\u017eider RC3400FHXE Kombi.,Total No Frost (V)195cm (\u0160)60cm  (D)60,5cm"},"content":{"rendered":"","protected":false},"excerpt":{"rendered":"<p>Tesla Fri\u017eider RC3400FHXE Kombi.,Total No Frost,Standardni kompresor,Energetska klasa E,243L+104L,,,Multi Air Flow,,,5 Godina Garancije<\/p>\n","protected":false},"featured_media":36464,"template":"","meta":[],"product_cat":[335,845],"product_tag":[],"class_list":{"0":"post-16270","1":"product","2":"type-product","3":"status-publish","4":"has-post-thumbnail","6":"product_cat-ct-frizideri","7":"product_cat-brend-tesla","8":"pa_brend-frizideri","10":"first","11":"outofstock","12":"shipping-taxable","13":"purchasable","14":"product-type-simple"},"_links":{"self":[{"href":"https:\/\/techstore.ba\/shop\/wp-json\/wp\/v2\/product\/16270","targetHints":{"allow":["GET"]}}],"collection":[{"href":"https:\/\/techstore.ba\/shop\/wp-json\/wp\/v2\/product"}],"about":[{"href":"https:\/\/techstore.ba\/shop\/wp-json\/wp\/v2\/types\/product"}],"wp:featuredmedia":[{"embeddable":true,"href":"https:\/\/techstore.ba\/shop\/wp-json\/wp\/v2\/media\/36464"}],"wp:attachment":[{"href":"https:\/\/techstore.ba\/shop\/wp-json\/wp\/v2\/media?parent=16270"}],"wp:term":[{"taxonomy":"product_cat","embeddable":true,"href":"https:\/\/techstore.ba\/shop\/wp-json\/wp\/v2\/product_cat?post=16270"},{"taxonomy":"product_tag","embeddable":true,"href":"https:\/\/techstore.ba\/shop\/wp-json\/wp\/v2\/product_tag?post=16270"}],"curies":[{"name":"wp","href":"https:\/\/api.w.org\/{rel}","templated":true}]}}