{"id":16268,"date":"2026-02-01T14:56:17","date_gmt":"2026-02-01T14:56:17","guid":{"rendered":"https:\/\/techstore.ba\/shop\/product\/tesla-sbs-frizider-rb4300fhbe-side-by-sidetotal-no-frost-v177cm-s90-4cm-d57-2cm\/"},"modified":"2026-04-04T11:04:28","modified_gmt":"2026-04-04T09:04:28","slug":"tesla-sbs-frizider-rb4300fhbe-side-by-sidetotal-no-frost-v177cm-s90-4cm-d57-2cm","status":"publish","type":"product","link":"https:\/\/techstore.ba\/shop\/product\/tesla-sbs-frizider-rb4300fhbe-side-by-sidetotal-no-frost-v177cm-s90-4cm-d57-2cm\/","title":{"rendered":"TESLA SBS fri\u017eider RB4300FHBE Side by Side,Total No Frost (V)177cm (\u0160)90.4cm  (D)57.2cm"},"content":{"rendered":"","protected":false},"excerpt":{"rendered":"<p>Tesla Fri\u017eider RB4300FHBE Side by Side,Total No Frost,Standardni kompresor,Energetska klasa E,291L+151L,Super Cooling,Super Freezing,Multi Air Flow,,,5 Godina Garancije<\/p>\n","protected":false},"featured_media":36394,"template":"","meta":[],"product_cat":[335,845],"product_tag":[],"class_list":{"0":"post-16268","1":"product","2":"type-product","3":"status-publish","4":"has-post-thumbnail","6":"product_cat-ct-frizideri","7":"product_cat-brend-tesla","8":"pa_brend-frizideri","10":"first","11":"outofstock","12":"shipping-taxable","13":"purchasable","14":"product-type-simple"},"_links":{"self":[{"href":"https:\/\/techstore.ba\/shop\/wp-json\/wp\/v2\/product\/16268","targetHints":{"allow":["GET"]}}],"collection":[{"href":"https:\/\/techstore.ba\/shop\/wp-json\/wp\/v2\/product"}],"about":[{"href":"https:\/\/techstore.ba\/shop\/wp-json\/wp\/v2\/types\/product"}],"wp:featuredmedia":[{"embeddable":true,"href":"https:\/\/techstore.ba\/shop\/wp-json\/wp\/v2\/media\/36394"}],"wp:attachment":[{"href":"https:\/\/techstore.ba\/shop\/wp-json\/wp\/v2\/media?parent=16268"}],"wp:term":[{"taxonomy":"product_cat","embeddable":true,"href":"https:\/\/techstore.ba\/shop\/wp-json\/wp\/v2\/product_cat?post=16268"},{"taxonomy":"product_tag","embeddable":true,"href":"https:\/\/techstore.ba\/shop\/wp-json\/wp\/v2\/product_tag?post=16268"}],"curies":[{"name":"wp","href":"https:\/\/api.w.org\/{rel}","templated":true}]}}