{"id":16265,"date":"2026-02-01T14:56:17","date_gmt":"2026-02-01T14:56:17","guid":{"rendered":"https:\/\/techstore.ba\/shop\/product\/tesla-sbs-frizider-rm4700fhbe-multi-doortotal-no-frost-v180cm-s795cm-d735cm\/"},"modified":"2026-04-04T11:04:28","modified_gmt":"2026-04-04T09:04:28","slug":"tesla-sbs-frizider-rm4700fhbe-multi-doortotal-no-frost-v180cm-s795cm-d735cm","status":"publish","type":"product","link":"https:\/\/techstore.ba\/shop\/product\/tesla-sbs-frizider-rm4700fhbe-multi-doortotal-no-frost-v180cm-s795cm-d735cm\/","title":{"rendered":"TESLA SBS Fri\u017eider RM4700FHBE Multi Door,Total No Frost (V)180cm (\u0160)79,5cm  (D)73,5cm"},"content":{"rendered":"","protected":false},"excerpt":{"rendered":"<p>Tesla Fri\u017eider RM4700FHBE Multi Door,Total No Frost,Inverter kompresor,Energetska klasa E,291L+175L,,Super Freezing,Multi Air Flow,Metal Cooling,,5 Godina Garancije<\/p>\n","protected":false},"featured_media":36379,"template":"","meta":[],"product_cat":[335,845],"product_tag":[],"class_list":{"0":"post-16265","1":"product","2":"type-product","3":"status-publish","4":"has-post-thumbnail","6":"product_cat-ct-frizideri","7":"product_cat-brend-tesla","8":"pa_brend-frizideri","10":"first","11":"outofstock","12":"shipping-taxable","13":"purchasable","14":"product-type-simple"},"_links":{"self":[{"href":"https:\/\/techstore.ba\/shop\/wp-json\/wp\/v2\/product\/16265","targetHints":{"allow":["GET"]}}],"collection":[{"href":"https:\/\/techstore.ba\/shop\/wp-json\/wp\/v2\/product"}],"about":[{"href":"https:\/\/techstore.ba\/shop\/wp-json\/wp\/v2\/types\/product"}],"wp:featuredmedia":[{"embeddable":true,"href":"https:\/\/techstore.ba\/shop\/wp-json\/wp\/v2\/media\/36379"}],"wp:attachment":[{"href":"https:\/\/techstore.ba\/shop\/wp-json\/wp\/v2\/media?parent=16265"}],"wp:term":[{"taxonomy":"product_cat","embeddable":true,"href":"https:\/\/techstore.ba\/shop\/wp-json\/wp\/v2\/product_cat?post=16265"},{"taxonomy":"product_tag","embeddable":true,"href":"https:\/\/techstore.ba\/shop\/wp-json\/wp\/v2\/product_tag?post=16265"}],"curies":[{"name":"wp","href":"https:\/\/api.w.org\/{rel}","templated":true}]}}