{"id":16260,"date":"2026-02-01T14:56:17","date_gmt":"2026-02-01T14:56:17","guid":{"rendered":"https:\/\/techstore.ba\/shop\/product\/tcl-side-by-side-frizider631l-e-invertersa-dispenzerom-za-vodu\/"},"modified":"2026-04-04T11:04:28","modified_gmt":"2026-04-04T09:04:28","slug":"tcl-side-by-side-frizider631l-e-invertersa-dispenzerom-za-vodu","status":"publish","type":"product","link":"https:\/\/techstore.ba\/shop\/product\/tcl-side-by-side-frizider631l-e-invertersa-dispenzerom-za-vodu\/","title":{"rendered":"TCL Side by Side fri\u017eider631L, E, Invertersa dispenzerom za vodu"},"content":{"rendered":"<h3>Specifikacije<\/h3>\n<table style=\"border-collapse:collapse;width:100%\">\n<tr>\n<th style=\"text-align:left;padding:6px 10px;border:1px solid #eee\">DISPANZER<\/th>\n<td style=\"padding:6px 10px;border:1px solid #eee\">Da<\/td>\n<\/tr>\n<tr>\n<th style=\"text-align:left;padding:6px 10px;border:1px solid #eee\">ENERGY_CLASS_REFR<\/th>\n<td style=\"padding:6px 10px;border:1px solid #eee\">E<\/td>\n<\/tr>\n<tr>\n<th style=\"text-align:left;padding:6px 10px;border:1px solid #eee\">FREEZER\/FR.CHMB_REFR<\/th>\n<td style=\"padding:6px 10px;border:1px solid #eee\">Da<\/td>\n<\/tr>\n<tr>\n<th style=\"text-align:left;padding:6px 10px;border:1px solid #eee\">HEIGH_REFR<\/th>\n<td style=\"padding:6px 10px;border:1px solid #eee\">176<\/td>\n<\/tr>\n<tr>\n<th style=\"text-align:left;padding:6px 10px;border:1px solid #eee\">ICE BOX_REFR<\/th>\n<td style=\"padding:6px 10px;border:1px solid #eee\">Da<\/td>\n<\/tr>\n<tr>\n<th style=\"text-align:left;padding:6px 10px;border:1px solid #eee\">OTHER_REFR<\/th>\n<td style=\"padding:6px 10px;border:1px solid #eee\">Alarm za otvaranje vrata, mod za odmor, alarm porasta temperatura, led rasvjeta, zona svje\u017eine za vo\u0107e i povr\u0107e, funkcije brzog hla\u0111enja, funkcija brzog zamrzavanja<\/td>\n<\/tr>\n<tr>\n<th style=\"text-align:left;padding:6px 10px;border:1px solid #eee\">REFRIG NET L_REFR<\/th>\n<td style=\"padding:6px 10px;border:1px solid #eee\">396<\/td>\n<\/tr>\n<tr>\n<th style=\"text-align:left;padding:6px 10px;border:1px solid #eee\">TECHNOLOGY_REFR<\/th>\n<td style=\"padding:6px 10px;border:1px solid #eee\">Total No Frost<\/td>\n<\/tr>\n<tr>\n<th style=\"text-align:left;padding:6px 10px;border:1px solid #eee\">TYPE_REFR<\/th>\n<td style=\"padding:6px 10px;border:1px solid #eee\">Kombinovani frizider<\/td>\n<\/tr>\n<tr>\n<th style=\"text-align:left;padding:6px 10px;border:1px solid #eee\">WIDTH_REFR<\/th>\n<td style=\"padding:6px 10px;border:1px solid #eee\">91.2<\/td>\n<\/tr>\n<tr>\n<th style=\"text-align:left;padding:6px 10px;border:1px solid #eee\">DEPTH_REFR<\/th>\n<td style=\"padding:6px 10px;border:1px solid #eee\">73,5<\/td>\n<\/tr>\n<tr>\n<th style=\"text-align:left;padding:6px 10px;border:1px solid #eee\">DISPLAY_REFR<\/th>\n<td style=\"padding:6px 10px;border:1px solid #eee\">Da<\/td>\n<\/tr>\n<tr>\n<th style=\"text-align:left;padding:6px 10px;border:1px solid #eee\">FREEZER_REFR<\/th>\n<td style=\"padding:6px 10px;border:1px solid #eee\">Dole<\/td>\n<\/tr>\n<tr>\n<th style=\"text-align:left;padding:6px 10px;border:1px solid #eee\">FRZR NET L_REFR<\/th>\n<td style=\"padding:6px 10px;border:1px solid #eee\">192<\/td>\n<\/tr>\n<tr>\n<th style=\"text-align:left;padding:6px 10px;border:1px solid #eee\">FS\/BUILT IN_REFR<\/th>\n<td style=\"padding:6px 10px;border:1px solid #eee\">Samostojeci<\/td>\n<\/tr>\n<tr>\n<th style=\"text-align:left;padding:6px 10px;border:1px solid #eee\">NOISE LEVEL DB_REFR<\/th>\n<td style=\"padding:6px 10px;border:1px solid #eee\">38<\/td>\n<\/tr>\n<tr>\n<th style=\"text-align:left;padding:6px 10px;border:1px solid #eee\">VOLUME_REFR<\/th>\n<td style=\"padding:6px 10px;border:1px solid #eee\">636<\/td>\n<\/tr>\n<tr>\n<th style=\"text-align:left;padding:6px 10px;border:1px solid #eee\">WARRANTY_REFR<\/th>\n<td style=\"padding:6px 10px;border:1px solid #eee\">2G<\/td>\n<\/tr>\n<tr>\n<th style=\"text-align:left;padding:6px 10px;border:1px solid #eee\">ADD_WG<\/th>\n<td style=\"padding:6px 10px;border:1px solid #eee\">Inverter komprresor, integrisana ru\u010dka, Multi air flow, Swing flow<br \/>\n, podesive police<\/td>\n<\/tr>\n<tr>\n<th style=\"text-align:left;padding:6px 10px;border:1px solid #eee\">ANN_REFR<\/th>\n<td style=\"padding:6px 10px;border:1px solid #eee\">357kWh<\/td>\n<\/tr>\n<tr>\n<th style=\"text-align:left;padding:6px 10px;border:1px solid #eee\">CLIMATE CLASS_REFR<\/th>\n<td style=\"padding:6px 10px;border:1px solid #eee\">SN-N-ST-T<\/td>\n<\/tr>\n<tr>\n<th style=\"text-align:left;padding:6px 10px;border:1px solid #eee\">COLOR_REFR<\/th>\n<td style=\"padding:6px 10px;border:1px solid #eee\">Inox<\/td>\n<\/tr>\n<\/table>\n","protected":false},"excerpt":{"rendered":"<p>TCL Side by Side fri\u017eider  RP631SSE1, \u0161irina 92cm,  631L, E, Inverter, Multi-Airflow, Power cool\/freeze, vanjski kontrolni display, dispanzer za vodu, mat siva boja<\/p>\n","protected":false},"featured_media":36466,"template":"","meta":[],"product_cat":[335,573],"product_tag":[],"class_list":{"0":"post-16260","1":"product","2":"type-product","3":"status-publish","4":"has-post-thumbnail","6":"product_cat-ct-frizideri","7":"product_cat-brend-tcl","8":"pa_brend-frizideri","10":"first","11":"outofstock","12":"shipping-taxable","13":"purchasable","14":"product-type-simple"},"_links":{"self":[{"href":"https:\/\/techstore.ba\/shop\/wp-json\/wp\/v2\/product\/16260","targetHints":{"allow":["GET"]}}],"collection":[{"href":"https:\/\/techstore.ba\/shop\/wp-json\/wp\/v2\/product"}],"about":[{"href":"https:\/\/techstore.ba\/shop\/wp-json\/wp\/v2\/types\/product"}],"wp:featuredmedia":[{"embeddable":true,"href":"https:\/\/techstore.ba\/shop\/wp-json\/wp\/v2\/media\/36466"}],"wp:attachment":[{"href":"https:\/\/techstore.ba\/shop\/wp-json\/wp\/v2\/media?parent=16260"}],"wp:term":[{"taxonomy":"product_cat","embeddable":true,"href":"https:\/\/techstore.ba\/shop\/wp-json\/wp\/v2\/product_cat?post=16260"},{"taxonomy":"product_tag","embeddable":true,"href":"https:\/\/techstore.ba\/shop\/wp-json\/wp\/v2\/product_tag?post=16260"}],"curies":[{"name":"wp","href":"https:\/\/api.w.org\/{rel}","templated":true}]}}