{"id":16259,"date":"2026-02-01T14:56:17","date_gmt":"2026-02-01T14:56:17","guid":{"rendered":"https:\/\/techstore.ba\/shop\/product\/tcl-frizider-rp470cse1470l-e-invertertotal-no-frost\/"},"modified":"2026-04-04T11:04:28","modified_gmt":"2026-04-04T09:04:28","slug":"tcl-frizider-rp470cse1470l-e-invertertotal-no-frost","status":"publish","type":"product","link":"https:\/\/techstore.ba\/shop\/product\/tcl-frizider-rp470cse1470l-e-invertertotal-no-frost\/","title":{"rendered":"TCL fri\u017eider RP470CSE1470L, E, InverterTotal No Frost"},"content":{"rendered":"<h3>Specifikacije<\/h3>\n<table style=\"border-collapse:collapse;width:100%\">\n<tr>\n<th style=\"text-align:left;padding:6px 10px;border:1px solid #eee\">ADD_WG<\/th>\n<td style=\"padding:6px 10px;border:1px solid #eee\">Funkcija alarma za otvorena vrata sigurnosno je sredstvo koje vas upozorava ako vrata slu\u010dajno ostanu od\u0161krinuta, \u010dime se sprje\u010dava prekomjerna potro\u0161nja energije i gubitak hladno\u0107e<\/td>\n<\/tr>\n<tr>\n<th style=\"text-align:left;padding:6px 10px;border:1px solid #eee\">CLIMATE CLASS_REFR<\/th>\n<td style=\"padding:6px 10px;border:1px solid #eee\">SN-N-ST-T<\/td>\n<\/tr>\n<tr>\n<th style=\"text-align:left;padding:6px 10px;border:1px solid #eee\">COLOR_REFR<\/th>\n<td style=\"padding:6px 10px;border:1px solid #eee\">Inox<\/td>\n<\/tr>\n<tr>\n<th style=\"text-align:left;padding:6px 10px;border:1px solid #eee\">DEPTH_REFR<\/th>\n<td style=\"padding:6px 10px;border:1px solid #eee\">67<\/td>\n<\/tr>\n<tr>\n<th style=\"text-align:left;padding:6px 10px;border:1px solid #eee\">DISPLAY_REFR<\/th>\n<td style=\"padding:6px 10px;border:1px solid #eee\">Da<\/td>\n<\/tr>\n<tr>\n<th style=\"text-align:left;padding:6px 10px;border:1px solid #eee\">FREEZER\/FR.CHMB_REFR<\/th>\n<td style=\"padding:6px 10px;border:1px solid #eee\">Da<\/td>\n<\/tr>\n<tr>\n<th style=\"text-align:left;padding:6px 10px;border:1px solid #eee\">VOLUME_REFR<\/th>\n<td style=\"padding:6px 10px;border:1px solid #eee\">468<\/td>\n<\/tr>\n<tr>\n<th style=\"text-align:left;padding:6px 10px;border:1px solid #eee\">WARRANTY_REFR<\/th>\n<td style=\"padding:6px 10px;border:1px solid #eee\">2G<\/td>\n<\/tr>\n<tr>\n<th style=\"text-align:left;padding:6px 10px;border:1px solid #eee\">ANN_REFR<\/th>\n<td style=\"padding:6px 10px;border:1px solid #eee\">294kWh<\/td>\n<\/tr>\n<tr>\n<th style=\"text-align:left;padding:6px 10px;border:1px solid #eee\">ENERGY_CLASS_REFR<\/th>\n<td style=\"padding:6px 10px;border:1px solid #eee\">E<\/td>\n<\/tr>\n<tr>\n<th style=\"text-align:left;padding:6px 10px;border:1px solid #eee\">FS\/BUILT IN_REFR<\/th>\n<td style=\"padding:6px 10px;border:1px solid #eee\">Samostojeci<\/td>\n<\/tr>\n<tr>\n<th style=\"text-align:left;padding:6px 10px;border:1px solid #eee\">HEIGH_REFR<\/th>\n<td style=\"padding:6px 10px;border:1px solid #eee\">186<\/td>\n<\/tr>\n<tr>\n<th style=\"text-align:left;padding:6px 10px;border:1px solid #eee\">OTHER_REFR<\/th>\n<td style=\"padding:6px 10px;border:1px solid #eee\">AAT, Multi air flow, External control panel,  MOIST Zone, LED light, Crisper drawers, Adjustable shelves, Holiday mode<\/td>\n<\/tr>\n<tr>\n<th style=\"text-align:left;padding:6px 10px;border:1px solid #eee\">REFRIG NET L_REFR<\/th>\n<td style=\"padding:6px 10px;border:1px solid #eee\">301<\/td>\n<\/tr>\n<tr>\n<th style=\"text-align:left;padding:6px 10px;border:1px solid #eee\">FREEZER_REFR<\/th>\n<td style=\"padding:6px 10px;border:1px solid #eee\">Botom<\/td>\n<\/tr>\n<tr>\n<th style=\"text-align:left;padding:6px 10px;border:1px solid #eee\">FRZR NET L_REFR<\/th>\n<td style=\"padding:6px 10px;border:1px solid #eee\">169<\/td>\n<\/tr>\n<tr>\n<th style=\"text-align:left;padding:6px 10px;border:1px solid #eee\">NOISE LEVEL DB_REFR<\/th>\n<td style=\"padding:6px 10px;border:1px solid #eee\">40<\/td>\n<\/tr>\n<tr>\n<th style=\"text-align:left;padding:6px 10px;border:1px solid #eee\">TECHNOLOGY_REFR<\/th>\n<td style=\"padding:6px 10px;border:1px solid #eee\">Total No Frost<\/td>\n<\/tr>\n<tr>\n<th style=\"text-align:left;padding:6px 10px;border:1px solid #eee\">TYPE_REFR<\/th>\n<td style=\"padding:6px 10px;border:1px solid #eee\">Multi-door<\/td>\n<\/tr>\n<tr>\n<th style=\"text-align:left;padding:6px 10px;border:1px solid #eee\">WIDTH_REFR<\/th>\n<td style=\"padding:6px 10px;border:1px solid #eee\">83.3<\/td>\n<\/tr>\n<\/table>\n","protected":false},"excerpt":{"rendered":"<p>TCL fri\u017eider RP470CSE1, 470L, E, Inverter, No Frost, Multi-Airflow, Holiday mode, vanjski kontrolni display, French door, mat siva boja<\/p>\n","protected":false},"featured_media":36358,"template":"","meta":[],"product_cat":[335,573],"product_tag":[],"class_list":{"0":"post-16259","1":"product","2":"type-product","3":"status-publish","4":"has-post-thumbnail","6":"product_cat-ct-frizideri","7":"product_cat-brend-tcl","8":"pa_brend-frizideri","10":"first","11":"outofstock","12":"shipping-taxable","13":"purchasable","14":"product-type-simple"},"_links":{"self":[{"href":"https:\/\/techstore.ba\/shop\/wp-json\/wp\/v2\/product\/16259","targetHints":{"allow":["GET"]}}],"collection":[{"href":"https:\/\/techstore.ba\/shop\/wp-json\/wp\/v2\/product"}],"about":[{"href":"https:\/\/techstore.ba\/shop\/wp-json\/wp\/v2\/types\/product"}],"wp:featuredmedia":[{"embeddable":true,"href":"https:\/\/techstore.ba\/shop\/wp-json\/wp\/v2\/media\/36358"}],"wp:attachment":[{"href":"https:\/\/techstore.ba\/shop\/wp-json\/wp\/v2\/media?parent=16259"}],"wp:term":[{"taxonomy":"product_cat","embeddable":true,"href":"https:\/\/techstore.ba\/shop\/wp-json\/wp\/v2\/product_cat?post=16259"},{"taxonomy":"product_tag","embeddable":true,"href":"https:\/\/techstore.ba\/shop\/wp-json\/wp\/v2\/product_tag?post=16259"}],"curies":[{"name":"wp","href":"https:\/\/api.w.org\/{rel}","templated":true}]}}