{"id":16257,"date":"2026-02-01T14:56:16","date_gmt":"2026-02-01T14:56:16","guid":{"rendered":"https:\/\/techstore.ba\/shop\/product\/tcl-frizider-rp318bse1318l-e-invertertotal-no-frost\/"},"modified":"2026-03-19T14:32:43","modified_gmt":"2026-03-19T13:32:43","slug":"tcl-frizider-rp318bse1318l-e-invertertotal-no-frost","status":"publish","type":"product","link":"https:\/\/techstore.ba\/shop\/product\/tcl-frizider-rp318bse1318l-e-invertertotal-no-frost\/","title":{"rendered":"TCL fri\u017eider RP318BSE1318L, E, InverterTotal No Frost"},"content":{"rendered":"<h3>Specifikacije<\/h3>\n<table style=\"border-collapse:collapse;width:100%\">\n<tr>\n<th style=\"text-align:left;padding:6px 10px;border:1px solid #eee\">ADD_WG<\/th>\n<td style=\"padding:6px 10px;border:1px solid #eee\">Elektri\u010dna upravlja\u010dka plo\u010da i vanjski zaslon, podesivi balkoni, Multi air flow, inverterski kompresor<\/td>\n<\/tr>\n<tr>\n<th style=\"text-align:left;padding:6px 10px;border:1px solid #eee\">DEPTH_REFR<\/th>\n<td style=\"padding:6px 10px;border:1px solid #eee\">62<\/td>\n<\/tr>\n<tr>\n<th style=\"text-align:left;padding:6px 10px;border:1px solid #eee\">DISPLAY_REFR<\/th>\n<td style=\"padding:6px 10px;border:1px solid #eee\">Da<\/td>\n<\/tr>\n<tr>\n<th style=\"text-align:left;padding:6px 10px;border:1px solid #eee\">ENERGY_CLASS_REFR<\/th>\n<td style=\"padding:6px 10px;border:1px solid #eee\">E<\/td>\n<\/tr>\n<tr>\n<th style=\"text-align:left;padding:6px 10px;border:1px solid #eee\">FREEZER_REFR<\/th>\n<td style=\"padding:6px 10px;border:1px solid #eee\">Dole<\/td>\n<\/tr>\n<tr>\n<th style=\"text-align:left;padding:6px 10px;border:1px solid #eee\">HEIGH_REFR<\/th>\n<td style=\"padding:6px 10px;border:1px solid #eee\">185<\/td>\n<\/tr>\n<tr>\n<th style=\"text-align:left;padding:6px 10px;border:1px solid #eee\">FS\/BUILT IN_REFR<\/th>\n<td style=\"padding:6px 10px;border:1px solid #eee\">Samostojeci<\/td>\n<\/tr>\n<tr>\n<th style=\"text-align:left;padding:6px 10px;border:1px solid #eee\">OTHER_REFR<\/th>\n<td style=\"padding:6px 10px;border:1px solid #eee\">Funkcije Power Cool i Power Freeze za brzo hla\u0111enje i zamrzavanje hrane, podesive police i posebna ladica za vo\u0107e i povr\u0107e olak\u0161avaju organiziranje i pristup hrani, Unutarnje LED svjetlo<\/td>\n<\/tr>\n<tr>\n<th style=\"text-align:left;padding:6px 10px;border:1px solid #eee\">WARRANTY_REFR<\/th>\n<td style=\"padding:6px 10px;border:1px solid #eee\">2G<\/td>\n<\/tr>\n<tr>\n<th style=\"text-align:left;padding:6px 10px;border:1px solid #eee\">WIDTH_REFR<\/th>\n<td style=\"padding:6px 10px;border:1px solid #eee\">59.5<\/td>\n<\/tr>\n<tr>\n<th style=\"text-align:left;padding:6px 10px;border:1px solid #eee\">NOISE LEVEL DB_REFR<\/th>\n<td style=\"padding:6px 10px;border:1px solid #eee\">38<\/td>\n<\/tr>\n<tr>\n<th style=\"text-align:left;padding:6px 10px;border:1px solid #eee\">TECHNOLOGY_REFR<\/th>\n<td style=\"padding:6px 10px;border:1px solid #eee\">Total No Frost<\/td>\n<\/tr>\n<tr>\n<th style=\"text-align:left;padding:6px 10px;border:1px solid #eee\">TYPE_REFR<\/th>\n<td style=\"padding:6px 10px;border:1px solid #eee\">Kombinovani frizider<\/td>\n<\/tr>\n<tr>\n<th style=\"text-align:left;padding:6px 10px;border:1px solid #eee\">VOLUME_REFR<\/th>\n<td style=\"padding:6px 10px;border:1px solid #eee\">315<\/td>\n<\/tr>\n<tr>\n<th style=\"text-align:left;padding:6px 10px;border:1px solid #eee\">COLOR_REFR<\/th>\n<td style=\"padding:6px 10px;border:1px solid #eee\">Srebrna<\/td>\n<\/tr>\n<tr>\n<th style=\"text-align:left;padding:6px 10px;border:1px solid #eee\">FREEZER\/FR.CHMB_REFR<\/th>\n<td style=\"padding:6px 10px;border:1px solid #eee\">Da<\/td>\n<\/tr>\n<\/table>\n","protected":false},"excerpt":{"rendered":"<p>TCL fri\u017eider RP318BSE1, 318L, E, Inverter, No Frost, Power cool\/freeze,  Multi-Airflow, reverzibilna vrata, mat siva boja<\/p>\n","protected":false},"featured_media":36347,"template":"","meta":[],"product_cat":[335,573],"product_tag":[],"class_list":{"0":"post-16257","1":"product","2":"type-product","3":"status-publish","4":"has-post-thumbnail","6":"product_cat-ct-frizideri","7":"product_cat-brend-tcl","8":"pa_brend-frizideri","10":"first","11":"outofstock","12":"shipping-taxable","13":"purchasable","14":"product-type-simple"},"_links":{"self":[{"href":"https:\/\/techstore.ba\/shop\/wp-json\/wp\/v2\/product\/16257","targetHints":{"allow":["GET"]}}],"collection":[{"href":"https:\/\/techstore.ba\/shop\/wp-json\/wp\/v2\/product"}],"about":[{"href":"https:\/\/techstore.ba\/shop\/wp-json\/wp\/v2\/types\/product"}],"wp:featuredmedia":[{"embeddable":true,"href":"https:\/\/techstore.ba\/shop\/wp-json\/wp\/v2\/media\/36347"}],"wp:attachment":[{"href":"https:\/\/techstore.ba\/shop\/wp-json\/wp\/v2\/media?parent=16257"}],"wp:term":[{"taxonomy":"product_cat","embeddable":true,"href":"https:\/\/techstore.ba\/shop\/wp-json\/wp\/v2\/product_cat?post=16257"},{"taxonomy":"product_tag","embeddable":true,"href":"https:\/\/techstore.ba\/shop\/wp-json\/wp\/v2\/product_tag?post=16257"}],"curies":[{"name":"wp","href":"https:\/\/api.w.org\/{rel}","templated":true}]}}