{"id":16255,"date":"2026-02-01T14:56:16","date_gmt":"2026-02-01T14:56:16","guid":{"rendered":"https:\/\/techstore.ba\/shop\/product\/samsung-frizider-rb34c652esa-visina-185-cm-zapremina-341l\/"},"modified":"2026-02-09T12:56:59","modified_gmt":"2026-02-09T11:56:59","slug":"samsung-frizider-rb34c652esa-visina-185-cm-zapremina-341l","status":"publish","type":"product","link":"https:\/\/techstore.ba\/shop\/product\/samsung-frizider-rb34c652esa-visina-185-cm-zapremina-341l\/","title":{"rendered":"Samsung fri\u017eider RB34C652ESA visina 185 cm, zapremina 341l"},"content":{"rendered":"<h3>Specifikacije<\/h3>\n<table style=\"border-collapse:collapse;width:100%\">\n<tr>\n<th style=\"text-align:left;padding:6px 10px;border:1px solid #eee\">ENERGY_CLASS_REFR<\/th>\n<td style=\"padding:6px 10px;border:1px solid #eee\">E<\/td>\n<\/tr>\n<tr>\n<th style=\"text-align:left;padding:6px 10px;border:1px solid #eee\">FS\/BUILT IN_REFR<\/th>\n<td style=\"padding:6px 10px;border:1px solid #eee\">Samostojeci<\/td>\n<\/tr>\n<tr>\n<th style=\"text-align:left;padding:6px 10px;border:1px solid #eee\">OTHER_REFR<\/th>\n<td style=\"padding:6px 10px;border:1px solid #eee\">20 godina garancije na motor. SpaceMax\u2122 , All Around Cooling, re\u0161etka za vino, dispenzer.<\/td>\n<\/tr>\n<tr>\n<th style=\"text-align:left;padding:6px 10px;border:1px solid #eee\">TECHNOLOGY_REFR<\/th>\n<td style=\"padding:6px 10px;border:1px solid #eee\">No Frost<\/td>\n<\/tr>\n<tr>\n<th style=\"text-align:left;padding:6px 10px;border:1px solid #eee\">TYPE_REFR<\/th>\n<td style=\"padding:6px 10px;border:1px solid #eee\">Kombinovani frizider<\/td>\n<\/tr>\n<\/table>\n","protected":false},"excerpt":{"rendered":"<p>Samsung fri\u017eider RB34C652ESA sa dojim zamrziva\u010dem i dispanzerom, visina 185 cm, dubina 60 cm, zapremina 385 L,  SpaceMax tehnologija, sveobuhvatno hla\u0111enje, No Frost tehnologija, Power Cool\/Freeze,<\/p>\n","protected":false},"featured_media":36409,"template":"","meta":[],"product_cat":[335],"product_tag":[],"class_list":{"0":"post-16255","1":"product","2":"type-product","3":"status-publish","4":"has-post-thumbnail","6":"product_cat-ct-frizideri","7":"pa_brend-frizideri","9":"first","10":"outofstock","11":"shipping-taxable","12":"purchasable","13":"product-type-simple"},"_links":{"self":[{"href":"https:\/\/techstore.ba\/shop\/wp-json\/wp\/v2\/product\/16255","targetHints":{"allow":["GET"]}}],"collection":[{"href":"https:\/\/techstore.ba\/shop\/wp-json\/wp\/v2\/product"}],"about":[{"href":"https:\/\/techstore.ba\/shop\/wp-json\/wp\/v2\/types\/product"}],"wp:featuredmedia":[{"embeddable":true,"href":"https:\/\/techstore.ba\/shop\/wp-json\/wp\/v2\/media\/36409"}],"wp:attachment":[{"href":"https:\/\/techstore.ba\/shop\/wp-json\/wp\/v2\/media?parent=16255"}],"wp:term":[{"taxonomy":"product_cat","embeddable":true,"href":"https:\/\/techstore.ba\/shop\/wp-json\/wp\/v2\/product_cat?post=16255"},{"taxonomy":"product_tag","embeddable":true,"href":"https:\/\/techstore.ba\/shop\/wp-json\/wp\/v2\/product_tag?post=16255"}],"curies":[{"name":"wp","href":"https:\/\/api.w.org\/{rel}","templated":true}]}}