{"id":16130,"date":"2026-02-01T14:54:26","date_gmt":"2026-02-01T14:54:26","guid":{"rendered":"https:\/\/techstore.ba\/shop\/product\/xiaomi-tecni-sapun-refil-za-koristenje-uz-bhr4558gl-300ml\/"},"modified":"2026-04-04T11:01:10","modified_gmt":"2026-04-04T09:01:10","slug":"xiaomi-tecni-sapun-refil-za-koristenje-uz-bhr4558gl-300ml","status":"publish","type":"product","link":"https:\/\/techstore.ba\/shop\/product\/xiaomi-tecni-sapun-refil-za-koristenje-uz-bhr4558gl-300ml\/","title":{"rendered":"Xiaomi te\u010dni sapun &#8211; refil za kori\u0161tenje uz BHR4558GL 300ml"},"content":{"rendered":"","protected":false},"excerpt":{"rendered":"<p>Xiaomi te\u010dni sapun &#8211; refil, 300ml,l za kori\u0161tenje uz BHR4558GL<\/p>\n","protected":false},"featured_media":30624,"template":"","meta":[],"product_cat":[781,554],"product_tag":[],"class_list":{"0":"post-16130","1":"product","2":"type-product","3":"status-publish","4":"has-post-thumbnail","6":"product_cat-ct-dispenzeri","7":"product_cat-brend-xiaomi","8":"pa_brend-dispenzeri","10":"first","11":"instock","12":"shipping-taxable","13":"purchasable","14":"product-type-simple"},"_links":{"self":[{"href":"https:\/\/techstore.ba\/shop\/wp-json\/wp\/v2\/product\/16130","targetHints":{"allow":["GET"]}}],"collection":[{"href":"https:\/\/techstore.ba\/shop\/wp-json\/wp\/v2\/product"}],"about":[{"href":"https:\/\/techstore.ba\/shop\/wp-json\/wp\/v2\/types\/product"}],"wp:featuredmedia":[{"embeddable":true,"href":"https:\/\/techstore.ba\/shop\/wp-json\/wp\/v2\/media\/30624"}],"wp:attachment":[{"href":"https:\/\/techstore.ba\/shop\/wp-json\/wp\/v2\/media?parent=16130"}],"wp:term":[{"taxonomy":"product_cat","embeddable":true,"href":"https:\/\/techstore.ba\/shop\/wp-json\/wp\/v2\/product_cat?post=16130"},{"taxonomy":"product_tag","embeddable":true,"href":"https:\/\/techstore.ba\/shop\/wp-json\/wp\/v2\/product_tag?post=16130"}],"curies":[{"name":"wp","href":"https:\/\/api.w.org\/{rel}","templated":true}]}}