{"id":16119,"date":"2026-02-01T14:54:09","date_gmt":"2026-02-01T14:54:09","guid":{"rendered":"https:\/\/techstore.ba\/shop\/product\/gopro-hero-lit-lifestyle-akcijska-kamera\/"},"modified":"2026-04-04T11:00:51","modified_gmt":"2026-04-04T09:00:51","slug":"gopro-hero-lit-lifestyle-akcijska-kamera","status":"publish","type":"product","link":"https:\/\/techstore.ba\/shop\/product\/gopro-hero-lit-lifestyle-akcijska-kamera\/","title":{"rendered":"GoPro Hero LIT, lifestyle\/akcijska kamera"},"content":{"rendered":"","protected":false},"excerpt":{"rendered":"<p>GoPro Hero LIT ultra-kompaktna lifestyle\/akcijska kamera, vodootporna do 5m dubine bez dodatnog ku\u0107i\u0161ta, integrisana LED svjetlost, 4K 60fps, 12MP fotografije, Enduro litijum bat, be\u017ei\u010dna povezanost i automatski transfer u Quik aplikaciji<\/p>\n","protected":false},"featured_media":28747,"template":"","meta":[],"product_cat":[319,568],"product_tag":[],"class_list":{"0":"post-16119","1":"product","2":"type-product","3":"status-publish","4":"has-post-thumbnail","6":"product_cat-ct-digitphoto","7":"product_cat-brend-gopro","8":"pa_brend-akcione-kamere","10":"first","11":"instock","12":"shipping-taxable","13":"purchasable","14":"product-type-simple"},"_links":{"self":[{"href":"https:\/\/techstore.ba\/shop\/wp-json\/wp\/v2\/product\/16119","targetHints":{"allow":["GET"]}}],"collection":[{"href":"https:\/\/techstore.ba\/shop\/wp-json\/wp\/v2\/product"}],"about":[{"href":"https:\/\/techstore.ba\/shop\/wp-json\/wp\/v2\/types\/product"}],"wp:featuredmedia":[{"embeddable":true,"href":"https:\/\/techstore.ba\/shop\/wp-json\/wp\/v2\/media\/28747"}],"wp:attachment":[{"href":"https:\/\/techstore.ba\/shop\/wp-json\/wp\/v2\/media?parent=16119"}],"wp:term":[{"taxonomy":"product_cat","embeddable":true,"href":"https:\/\/techstore.ba\/shop\/wp-json\/wp\/v2\/product_cat?post=16119"},{"taxonomy":"product_tag","embeddable":true,"href":"https:\/\/techstore.ba\/shop\/wp-json\/wp\/v2\/product_tag?post=16119"}],"curies":[{"name":"wp","href":"https:\/\/api.w.org\/{rel}","templated":true}]}}