{"id":16017,"date":"2026-02-01T15:51:46","date_gmt":"2026-02-01T14:51:46","guid":{"rendered":"https:\/\/techstore.ba\/shop\/product\/xiaomi-el-brijac-s301-3-glave-led-displej-type-c-port-za-punjenje\/"},"modified":"2026-04-04T10:55:00","modified_gmt":"2026-04-04T08:55:00","slug":"xiaomi-el-brijac-s301-3-glave-led-displej-type-c-port-za-punjenje","status":"publish","type":"product","link":"https:\/\/techstore.ba\/shop\/product\/xiaomi-el-brijac-s301-3-glave-led-displej-type-c-port-za-punjenje\/","title":{"rendered":"Xiaomi elektri\u010dni brija\u010d S301 3 glave, LED displej, Type C port za punjenje"},"content":{"rendered":"<p>Xiaomi elektri\u010dni brija\u010d S301 3 glave, LED displej, Type C port za punjenje<\/p>\n","protected":false},"excerpt":{"rendered":"<p>Xiaomi elektri\u010dni brija\u010d S301 3 glave, LED displej, Type C port za punjenje<\/p>\n","protected":false},"featured_media":22445,"template":"","meta":[],"product_cat":[774,554],"product_tag":[],"class_list":{"0":"post-16017","1":"product","2":"type-product","3":"status-publish","4":"has-post-thumbnail","6":"product_cat-ct-brijac","7":"product_cat-brend-xiaomi","8":"pa_brend-elektricni-brijaci","10":"first","11":"outofstock","12":"shipping-taxable","13":"purchasable","14":"product-type-simple"},"_links":{"self":[{"href":"https:\/\/techstore.ba\/shop\/wp-json\/wp\/v2\/product\/16017","targetHints":{"allow":["GET"]}}],"collection":[{"href":"https:\/\/techstore.ba\/shop\/wp-json\/wp\/v2\/product"}],"about":[{"href":"https:\/\/techstore.ba\/shop\/wp-json\/wp\/v2\/types\/product"}],"wp:featuredmedia":[{"embeddable":true,"href":"https:\/\/techstore.ba\/shop\/wp-json\/wp\/v2\/media\/22445"}],"wp:attachment":[{"href":"https:\/\/techstore.ba\/shop\/wp-json\/wp\/v2\/media?parent=16017"}],"wp:term":[{"taxonomy":"product_cat","embeddable":true,"href":"https:\/\/techstore.ba\/shop\/wp-json\/wp\/v2\/product_cat?post=16017"},{"taxonomy":"product_tag","embeddable":true,"href":"https:\/\/techstore.ba\/shop\/wp-json\/wp\/v2\/product_tag?post=16017"}],"curies":[{"name":"wp","href":"https:\/\/api.w.org\/{rel}","templated":true}]}}