{"id":16016,"date":"2026-02-01T15:51:46","date_gmt":"2026-02-01T14:51:46","guid":{"rendered":"https:\/\/techstore.ba\/shop\/product\/rowenta-aparat-za-sisanje-2\/"},"modified":"2026-04-04T10:55:00","modified_gmt":"2026-04-04T08:55:00","slug":"rowenta-aparat-za-sisanje-2","status":"publish","type":"product","link":"https:\/\/techstore.ba\/shop\/product\/rowenta-aparat-za-sisanje-2\/","title":{"rendered":"Rowenta aparat za \u0161i\u0161anje"},"content":{"rendered":"<p>Rowenta Multistyler Trima &amp; Style Easy 13-u-1,TN9140F4.Za potpunu njegu brade i kose.O\u0161trice sa min.du\u017einom rezanja 0,5mm i 6 fiksnih \u010de\u0161lji\u0107a(3,6,9,12,15,18 mm).Vodootporni brija\u010d za tijelo.Pribor za u\u0161i i nos.Baterija do 120 min autonomije.<\/p>\n","protected":false},"excerpt":{"rendered":"<p>Rowenta Multistyler Trima &#038; Style Easy 13-u-1,TN9140F4.Za potpunu njegu brade i kose.O\u0161trice sa min.du\u017einom rezanja 0,5mm i 6 fiksnih \u010de\u0161lji\u0107a(3,6,9,12,15,18 mm).Vodootporni brija\u010d za tijelo.Pribor za u\u0161i i nos.Baterija do 120 min autonomije.<\/p>\n","protected":false},"featured_media":22457,"template":"","meta":[],"product_cat":[774,563],"product_tag":[],"class_list":{"0":"post-16016","1":"product","2":"type-product","3":"status-publish","4":"has-post-thumbnail","6":"product_cat-ct-brijac","7":"product_cat-brend-rowenta","8":"pa_brend-elektricni-brijaci","10":"first","11":"instock","12":"shipping-taxable","13":"purchasable","14":"product-type-simple"},"_links":{"self":[{"href":"https:\/\/techstore.ba\/shop\/wp-json\/wp\/v2\/product\/16016","targetHints":{"allow":["GET"]}}],"collection":[{"href":"https:\/\/techstore.ba\/shop\/wp-json\/wp\/v2\/product"}],"about":[{"href":"https:\/\/techstore.ba\/shop\/wp-json\/wp\/v2\/types\/product"}],"wp:featuredmedia":[{"embeddable":true,"href":"https:\/\/techstore.ba\/shop\/wp-json\/wp\/v2\/media\/22457"}],"wp:attachment":[{"href":"https:\/\/techstore.ba\/shop\/wp-json\/wp\/v2\/media?parent=16016"}],"wp:term":[{"taxonomy":"product_cat","embeddable":true,"href":"https:\/\/techstore.ba\/shop\/wp-json\/wp\/v2\/product_cat?post=16016"},{"taxonomy":"product_tag","embeddable":true,"href":"https:\/\/techstore.ba\/shop\/wp-json\/wp\/v2\/product_tag?post=16016"}],"curies":[{"name":"wp","href":"https:\/\/api.w.org\/{rel}","templated":true}]}}