{"id":16012,"date":"2026-02-01T15:51:46","date_gmt":"2026-02-01T14:51:46","guid":{"rendered":"https:\/\/techstore.ba\/shop\/product\/rowenta-aparat-za-sisanje-nomad-easy\/"},"modified":"2026-04-04T10:55:00","modified_gmt":"2026-04-04T08:55:00","slug":"rowenta-aparat-za-sisanje-nomad-easy","status":"publish","type":"product","link":"https:\/\/techstore.ba\/shop\/product\/rowenta-aparat-za-sisanje-nomad-easy\/","title":{"rendered":"Rowenta aparat za \u0161i\u0161anje Nomad Easy"},"content":{"rendered":"<p>Rowenta Nomad Easy aparat za \u0161i\u0161anje TN1400F1.novi dizajn,be\u017ei\u010dni+kabl,1 postavka brzine,2 \u010de\u0161lja s mogu\u0107no\u0161\u0107u pode\u0161avanja, od 1 do 30 mm,19 polo\u017eaja du\u017eina \u0161i\u0161anja,vrijeme rada 40 minuta,NiMH baterija,punjenje 8 sati.<\/p>\n","protected":false},"excerpt":{"rendered":"<p>Rowenta Nomad Easy aparat za \u0161i\u0161anje TN1400F1.novi dizajn,be\u017ei\u010dni+kabl,1 postavka brzine,2 \u010de\u0161lja s mogu\u0107no\u0161\u0107u pode\u0161avanja, od 1 do 30 mm,19 polo\u017eaja du\u017eina \u0161i\u0161anja,vrijeme rada 40 minuta,NiMH baterija,punjenje 8 sati.<\/p>\n","protected":false},"featured_media":22446,"template":"","meta":[],"product_cat":[774,563],"product_tag":[],"class_list":{"0":"post-16012","1":"product","2":"type-product","3":"status-publish","4":"has-post-thumbnail","6":"product_cat-ct-brijac","7":"product_cat-brend-rowenta","8":"pa_brend-elektricni-brijaci","10":"first","11":"instock","12":"shipping-taxable","13":"purchasable","14":"product-type-simple"},"_links":{"self":[{"href":"https:\/\/techstore.ba\/shop\/wp-json\/wp\/v2\/product\/16012","targetHints":{"allow":["GET"]}}],"collection":[{"href":"https:\/\/techstore.ba\/shop\/wp-json\/wp\/v2\/product"}],"about":[{"href":"https:\/\/techstore.ba\/shop\/wp-json\/wp\/v2\/types\/product"}],"wp:featuredmedia":[{"embeddable":true,"href":"https:\/\/techstore.ba\/shop\/wp-json\/wp\/v2\/media\/22446"}],"wp:attachment":[{"href":"https:\/\/techstore.ba\/shop\/wp-json\/wp\/v2\/media?parent=16012"}],"wp:term":[{"taxonomy":"product_cat","embeddable":true,"href":"https:\/\/techstore.ba\/shop\/wp-json\/wp\/v2\/product_cat?post=16012"},{"taxonomy":"product_tag","embeddable":true,"href":"https:\/\/techstore.ba\/shop\/wp-json\/wp\/v2\/product_tag?post=16012"}],"curies":[{"name":"wp","href":"https:\/\/api.w.org\/{rel}","templated":true}]}}