{"id":16004,"date":"2026-02-01T15:51:31","date_gmt":"2026-02-01T14:51:31","guid":{"rendered":"https:\/\/techstore.ba\/shop\/product\/tesla-pametna-vaga-bs301wxkapacite-180-kg-jedin-kg-lb-napajanje-2xaaa-baterija\/"},"modified":"2026-03-03T00:37:37","modified_gmt":"2026-03-02T23:37:37","slug":"tesla-pametna-vaga-bs301wxkapacite-180-kg-jedin-kg-lb-napajanje-2xaaa-baterija","status":"publish","type":"product","link":"https:\/\/techstore.ba\/shop\/product\/tesla-pametna-vaga-bs301wxkapacite-180-kg-jedin-kg-lb-napajanje-2xaaa-baterija\/","title":{"rendered":"TESLA Pametna vaga BS301WXKapacite 180 kg; jedin: kg\/lb; Napajanje: 2XAAA baterija"},"content":{"rendered":"<p>TESLA Pametna vaga BS301WX; do 180kg; kg\/lb; Funkc.: zaklju\u010davanja podataka; autom. isklju\u010divanja; Koristite APLIKACIJU &quot;OKOK&quot;; Izmjerite te\u017einu\/BMI\/masno\u0107u\/V-mast \/vodu\/mi\u0161i\u0107e\/kosti\/kaloriju; Mo\u017ee pohraniti podatke 10 osoba (dob, veli\u010dina i spol)<\/p>\n","protected":false},"excerpt":{"rendered":"<p>TESLA Pametna vaga BS301WX; do 180kg; kg\/lb; Funkc.: zaklju\u010davanja podataka; autom. isklju\u010divanja; Koristite APLIKACIJU &#8220;OKOK&#8221;; Izmjerite te\u017einu\/BMI\/masno\u0107u\/V-mast \/vodu\/mi\u0161i\u0107e\/kosti\/kaloriju; Mo\u017ee pohraniti podatke 10 osoba (dob, veli\u010dina i spol)<\/p>\n","protected":false},"featured_media":22224,"template":"","meta":[],"product_cat":[845,772,15],"product_tag":[],"class_list":{"0":"post-16004","1":"product","2":"type-product","3":"status-publish","4":"has-post-thumbnail","6":"product_cat-brend-tesla","7":"product_cat-ct-bodyscale","8":"product_cat-uncategorized","9":"pa_brend-tesla","11":"first","12":"instock","13":"shipping-taxable","14":"purchasable","15":"product-type-simple"},"_links":{"self":[{"href":"https:\/\/techstore.ba\/shop\/wp-json\/wp\/v2\/product\/16004","targetHints":{"allow":["GET"]}}],"collection":[{"href":"https:\/\/techstore.ba\/shop\/wp-json\/wp\/v2\/product"}],"about":[{"href":"https:\/\/techstore.ba\/shop\/wp-json\/wp\/v2\/types\/product"}],"wp:featuredmedia":[{"embeddable":true,"href":"https:\/\/techstore.ba\/shop\/wp-json\/wp\/v2\/media\/22224"}],"wp:attachment":[{"href":"https:\/\/techstore.ba\/shop\/wp-json\/wp\/v2\/media?parent=16004"}],"wp:term":[{"taxonomy":"product_cat","embeddable":true,"href":"https:\/\/techstore.ba\/shop\/wp-json\/wp\/v2\/product_cat?post=16004"},{"taxonomy":"product_tag","embeddable":true,"href":"https:\/\/techstore.ba\/shop\/wp-json\/wp\/v2\/product_tag?post=16004"}],"curies":[{"name":"wp","href":"https:\/\/api.w.org\/{rel}","templated":true}]}}