{"id":16002,"date":"2026-02-01T15:51:31","date_gmt":"2026-02-01T14:51:31","guid":{"rendered":"https:\/\/techstore.ba\/shop\/product\/tesla-tjelesna-vaga-bs102bkapacite-180-kg-2xaaa-bater-jedinica-kg-lb\/"},"modified":"2026-04-04T10:54:39","modified_gmt":"2026-04-04T08:54:39","slug":"tesla-tjelesna-vaga-bs102bkapacite-180-kg-2xaaa-bater-jedinica-kg-lb","status":"publish","type":"product","link":"https:\/\/techstore.ba\/shop\/product\/tesla-tjelesna-vaga-bs102bkapacite-180-kg-2xaaa-bater-jedinica-kg-lb\/","title":{"rendered":"TESLA Tjelesna vaga BS102BKapacite 180 kg; 2XAAA bater.Jedinica: kg\/lb;"},"content":{"rendered":"<p>TESLA Tjelesna vaga BS102B; Kapacitet: 180 kg; Jedinica: kg\/lb; Veli\u010dina proizvoda: 30x30x2,5 cm; Napajanje: 2XAAA baterija; Funkcija zaklju\u010davanja podataka; Funkcija automatskog isklju\u010divanja; Indikacija preoptere\u0107enja\/prazne baterije<\/p>\n","protected":false},"excerpt":{"rendered":"<p>TESLA Tjelesna vaga BS102B; Kapacitet: 180 kg; Jedinica: kg\/lb; Veli\u010dina proizvoda: 30x30x2,5 cm; Napajanje: 2XAAA baterija; Funkcija zaklju\u010davanja podataka; Funkcija automatskog isklju\u010divanja; Indikacija preoptere\u0107enja\/prazne baterije<\/p>\n","protected":false},"featured_media":22219,"template":"","meta":[],"product_cat":[845,772,15],"product_tag":[],"class_list":{"0":"post-16002","1":"product","2":"type-product","3":"status-publish","4":"has-post-thumbnail","6":"product_cat-brend-tesla","7":"product_cat-ct-bodyscale","8":"product_cat-uncategorized","9":"pa_brend-tesla","11":"first","12":"outofstock","13":"shipping-taxable","14":"purchasable","15":"product-type-simple"},"_links":{"self":[{"href":"https:\/\/techstore.ba\/shop\/wp-json\/wp\/v2\/product\/16002","targetHints":{"allow":["GET"]}}],"collection":[{"href":"https:\/\/techstore.ba\/shop\/wp-json\/wp\/v2\/product"}],"about":[{"href":"https:\/\/techstore.ba\/shop\/wp-json\/wp\/v2\/types\/product"}],"wp:featuredmedia":[{"embeddable":true,"href":"https:\/\/techstore.ba\/shop\/wp-json\/wp\/v2\/media\/22219"}],"wp:attachment":[{"href":"https:\/\/techstore.ba\/shop\/wp-json\/wp\/v2\/media?parent=16002"}],"wp:term":[{"taxonomy":"product_cat","embeddable":true,"href":"https:\/\/techstore.ba\/shop\/wp-json\/wp\/v2\/product_cat?post=16002"},{"taxonomy":"product_tag","embeddable":true,"href":"https:\/\/techstore.ba\/shop\/wp-json\/wp\/v2\/product_tag?post=16002"}],"curies":[{"name":"wp","href":"https:\/\/api.w.org\/{rel}","templated":true}]}}