{"id":15996,"date":"2026-02-01T15:51:23","date_gmt":"2026-02-01T14:51:23","guid":{"rendered":"https:\/\/techstore.ba\/shop\/product\/tesla-mikser-stapni-hb300bxsnaga-600-w-inox-nozica-inox-ostrice-brzina-2-dc-motor\/"},"modified":"2026-04-04T10:54:26","modified_gmt":"2026-04-04T08:54:26","slug":"tesla-mikser-stapni-hb300bxsnaga-600-w-inox-nozica-inox-ostrice-brzina-2-dc-motor","status":"publish","type":"product","link":"https:\/\/techstore.ba\/shop\/product\/tesla-mikser-stapni-hb300bxsnaga-600-w-inox-nozica-inox-ostrice-brzina-2-dc-motor\/","title":{"rendered":"TESLA Mikser \u0161tapni HB300BXSnaga 600 W; INOX  no\u017eica; INOX o\u0161trice; Brzina: 2; DC motor"},"content":{"rendered":"<p>TESLA Mikser \u0161tapni HB300BX; Motor velike snage 600 W; Odvojiva INOX no\u017eica; INOX o\u0161trice; Brzina: 2 s promjenjivim razinama; DC motor od \u010distog bakra je izdr\u017eljiv i pouzdan; Jednostavan za kori\u0161tenje i \u010di\u0161\u0107enje<\/p>\n","protected":false},"excerpt":{"rendered":"<p>TESLA Mikser \u0161tapni HB300BX; Motor velike snage 600 W; Odvojiva INOX no\u017eica; INOX o\u0161trice; Brzina: 2 s promjenjivim razinama; DC motor od \u010distog bakra je izdr\u017eljiv i pouzdan; Jednostavan za kori\u0161tenje i \u010di\u0161\u0107enje<\/p>\n","protected":false},"featured_media":22157,"template":"","meta":[],"product_cat":[771,845,15],"product_tag":[],"class_list":{"0":"post-15996","1":"product","2":"type-product","3":"status-publish","4":"has-post-thumbnail","6":"product_cat-ct-blenderi","7":"product_cat-brend-tesla","8":"product_cat-uncategorized","9":"pa_brend-blenderi","11":"first","12":"outofstock","13":"shipping-taxable","14":"purchasable","15":"product-type-simple"},"_links":{"self":[{"href":"https:\/\/techstore.ba\/shop\/wp-json\/wp\/v2\/product\/15996","targetHints":{"allow":["GET"]}}],"collection":[{"href":"https:\/\/techstore.ba\/shop\/wp-json\/wp\/v2\/product"}],"about":[{"href":"https:\/\/techstore.ba\/shop\/wp-json\/wp\/v2\/types\/product"}],"wp:featuredmedia":[{"embeddable":true,"href":"https:\/\/techstore.ba\/shop\/wp-json\/wp\/v2\/media\/22157"}],"wp:attachment":[{"href":"https:\/\/techstore.ba\/shop\/wp-json\/wp\/v2\/media?parent=15996"}],"wp:term":[{"taxonomy":"product_cat","embeddable":true,"href":"https:\/\/techstore.ba\/shop\/wp-json\/wp\/v2\/product_cat?post=15996"},{"taxonomy":"product_tag","embeddable":true,"href":"https:\/\/techstore.ba\/shop\/wp-json\/wp\/v2\/product_tag?post=15996"}],"curies":[{"name":"wp","href":"https:\/\/api.w.org\/{rel}","templated":true}]}}