{"id":15995,"date":"2026-02-01T14:51:23","date_gmt":"2026-02-01T14:51:23","guid":{"rendered":"https:\/\/techstore.ba\/shop\/product\/tesla-mikser-stapni-hb100wgsnaga-200-w-odvojiva-nozica-inox-ostrice-brzina-1-dc-motor\/"},"modified":"2026-04-04T10:54:26","modified_gmt":"2026-04-04T08:54:26","slug":"tesla-mikser-stapni-hb100wgsnaga-200-w-odvojiva-nozica-inox-ostrice-brzina-1-dc-motor","status":"publish","type":"product","link":"https:\/\/techstore.ba\/shop\/product\/tesla-mikser-stapni-hb100wgsnaga-200-w-odvojiva-nozica-inox-ostrice-brzina-1-dc-motor\/","title":{"rendered":"TESLA Mikser \u0161tapni HB100WGSnaga 200 W; Odvojiva no\u017eica; INOX o\u0161trice; Brzina: 1; DC motor"},"content":{"rendered":"<h3>Specifikacije<\/h3>\n<table style=\"border-collapse:collapse;width:100%\">\n<tr>\n<th style=\"text-align:left;padding:6px 10px;border:1px solid #eee\">COLOR_KITCHAPP<\/th>\n<td style=\"padding:6px 10px;border:1px solid #eee\">Bela<\/td>\n<\/tr>\n<\/table>\n","protected":false},"excerpt":{"rendered":"<p>TESLA Mikser \u0161tapni HB100WG; Snaga motora 200 W; Odvojiva plasti\u010dna no\u017eica; INOX o\u0161trice; Brzina: 1; DC motor od \u010distog bakra je izdr\u017eljiv i pouzdan; Jednostavan za kori\u0161tenje i \u010di\u0161\u0107enje<\/p>\n","protected":false},"featured_media":22151,"template":"","meta":[],"product_cat":[771,845,15],"product_tag":[],"class_list":{"0":"post-15995","1":"product","2":"type-product","3":"status-publish","4":"has-post-thumbnail","6":"product_cat-ct-blenderi","7":"product_cat-brend-tesla","8":"product_cat-uncategorized","9":"pa_brend-blenderi","11":"first","12":"instock","13":"shipping-taxable","14":"purchasable","15":"product-type-simple"},"_links":{"self":[{"href":"https:\/\/techstore.ba\/shop\/wp-json\/wp\/v2\/product\/15995","targetHints":{"allow":["GET"]}}],"collection":[{"href":"https:\/\/techstore.ba\/shop\/wp-json\/wp\/v2\/product"}],"about":[{"href":"https:\/\/techstore.ba\/shop\/wp-json\/wp\/v2\/types\/product"}],"wp:featuredmedia":[{"embeddable":true,"href":"https:\/\/techstore.ba\/shop\/wp-json\/wp\/v2\/media\/22151"}],"wp:attachment":[{"href":"https:\/\/techstore.ba\/shop\/wp-json\/wp\/v2\/media?parent=15995"}],"wp:term":[{"taxonomy":"product_cat","embeddable":true,"href":"https:\/\/techstore.ba\/shop\/wp-json\/wp\/v2\/product_cat?post=15995"},{"taxonomy":"product_tag","embeddable":true,"href":"https:\/\/techstore.ba\/shop\/wp-json\/wp\/v2\/product_tag?post=15995"}],"curies":[{"name":"wp","href":"https:\/\/api.w.org\/{rel}","templated":true}]}}