{"id":15994,"date":"2026-02-01T14:51:23","date_gmt":"2026-02-01T14:51:23","guid":{"rendered":"https:\/\/techstore.ba\/shop\/product\/tesla-blender-bl201w500-w-15l-inox-ostrica2-brzine-pulsna-funkcija\/"},"modified":"2026-04-04T10:54:26","modified_gmt":"2026-04-04T08:54:26","slug":"tesla-blender-bl201w500-w-15l-inox-ostrica2-brzine-pulsna-funkcija","status":"publish","type":"product","link":"https:\/\/techstore.ba\/shop\/product\/tesla-blender-bl201w500-w-15l-inox-ostrica2-brzine-pulsna-funkcija\/","title":{"rendered":"TESLA Blender BL201W500 W; 1,5l; INOX o\u0161trica;2 brzine + pulsna funkcija"},"content":{"rendered":"<h3>Specifikacije<\/h3>\n<table style=\"border-collapse:collapse;width:100%\">\n<tr>\n<th style=\"text-align:left;padding:6px 10px;border:1px solid #eee\">CAPACITY_KITCHAPP<\/th>\n<td style=\"padding:6px 10px;border:1px solid #eee\">1500 ml<\/td>\n<\/tr>\n<tr>\n<th style=\"text-align:left;padding:6px 10px;border:1px solid #eee\">POWER_KITCHAPP<\/th>\n<td style=\"padding:6px 10px;border:1px solid #eee\">500 W<\/td>\n<\/tr>\n<tr>\n<th style=\"text-align:left;padding:6px 10px;border:1px solid #eee\">SPEED_KITCHAPP<\/th>\n<td style=\"padding:6px 10px;border:1px solid #eee\">2<\/td>\n<\/tr>\n<tr>\n<th style=\"text-align:left;padding:6px 10px;border:1px solid #eee\">TYPEBL_KITCHAPP<\/th>\n<td style=\"padding:6px 10px;border:1px solid #eee\">Klasi\u010dan blender<\/td>\n<\/tr>\n<\/table>\n","protected":false},"excerpt":{"rendered":"<p>TESLA Blender BL201W; Snaga motora: 500W; Kapacitet 1,5L; Plasti\u010dno tijelo s plasti\u010dnim vr\u010dem; O\u0161trice od nehr\u0111aju\u0107eg \u010delika; Sa sigurnosnom bravom za vr\u010d; Odvojivi vr\u010d za jednostavno \u010di\u0161\u0107enje; 2 brzine + pulsna funkcija<\/p>\n","protected":false},"featured_media":22156,"template":"","meta":[],"product_cat":[771,845,15],"product_tag":[],"class_list":{"0":"post-15994","1":"product","2":"type-product","3":"status-publish","4":"has-post-thumbnail","6":"product_cat-ct-blenderi","7":"product_cat-brend-tesla","8":"product_cat-uncategorized","9":"pa_brend-blenderi","11":"first","12":"instock","13":"shipping-taxable","14":"purchasable","15":"product-type-simple"},"_links":{"self":[{"href":"https:\/\/techstore.ba\/shop\/wp-json\/wp\/v2\/product\/15994","targetHints":{"allow":["GET"]}}],"collection":[{"href":"https:\/\/techstore.ba\/shop\/wp-json\/wp\/v2\/product"}],"about":[{"href":"https:\/\/techstore.ba\/shop\/wp-json\/wp\/v2\/types\/product"}],"wp:featuredmedia":[{"embeddable":true,"href":"https:\/\/techstore.ba\/shop\/wp-json\/wp\/v2\/media\/22156"}],"wp:attachment":[{"href":"https:\/\/techstore.ba\/shop\/wp-json\/wp\/v2\/media?parent=15994"}],"wp:term":[{"taxonomy":"product_cat","embeddable":true,"href":"https:\/\/techstore.ba\/shop\/wp-json\/wp\/v2\/product_cat?post=15994"},{"taxonomy":"product_tag","embeddable":true,"href":"https:\/\/techstore.ba\/shop\/wp-json\/wp\/v2\/product_tag?post=15994"}],"curies":[{"name":"wp","href":"https:\/\/api.w.org\/{rel}","templated":true}]}}